{"id":11777,"date":"2024-11-25T14:15:24","date_gmt":"2024-11-25T13:15:24","guid":{"rendered":"https:\/\/reskosovo.rks-gov.net\/?page_id=11777"},"modified":"2025-12-22T14:20:03","modified_gmt":"2025-12-22T13:20:03","slug":"100-ankandi-i-ri-i-eres","status":"publish","type":"page","link":"https:\/\/reskosovo.rks-gov.net\/sq\/100-ankandi-i-ri-i-eres\/","title":{"rendered":"100 ankandi i ri i er\u00ebs"},"content":{"rendered":"[vc_row type=&#8221;full_width_background&#8221; full_screen_row_position=&#8221;middle&#8221; column_margin=&#8221;none&#8221; equal_height=&#8221;yes&#8221; column_direction=&#8221;default&#8221; column_direction_tablet=&#8221;default&#8221; column_direction_phone=&#8221;default&#8221; bg_color=&#8221;#1e73be&#8221; bg_image=&#8221;10819&#8243; bg_position=&#8221;center center&#8221; background_image_loading=&#8221;default&#8221; bg_repeat=&#8221;no-repeat&#8221; scene_position=&#8221;center&#8221; bottom_padding=&#8221;0&#8243; text_color=&#8221;dark&#8221; text_align=&#8221;left&#8221; row_border_radius=&#8221;none&#8221; row_border_radius_applies=&#8221;bg&#8221; overflow=&#8221;visible&#8221; enable_gradient=&#8221;true&#8221; color_overlay=&#8221;#1e73be&#8221; color_overlay_2=&#8221;rgba(221,153,51,0.5)&#8221; advanced_gradient_angle=&#8221;0&#8243; overlay_strength=&#8221;0.95&#8243; gradient_direction=&#8221;left_to_right&#8221; shape_divider_position=&#8221;bottom&#8221; bg_image_animation=&#8221;none&#8221; gradient_type=&#8221;default&#8221; shape_type=&#8221;&#8221;][vc_column column_padding=&#8221;padding-2-percent&#8221; column_padding_tablet=&#8221;inherit&#8221; column_padding_phone=&#8221;inherit&#8221; column_padding_position=&#8221;all&#8221; column_element_direction_desktop=&#8221;default&#8221; column_element_spacing=&#8221;default&#8221; desktop_text_alignment=&#8221;default&#8221; tablet_text_alignment=&#8221;default&#8221; phone_text_alignment=&#8221;default&#8221; background_color_opacity=&#8221;1&#8243; background_hover_color_opacity=&#8221;1&#8243; column_backdrop_filter=&#8221;none&#8221; column_shadow=&#8221;none&#8221; column_border_radius=&#8221;none&#8221; column_link_target=&#8221;_self&#8221; column_position=&#8221;default&#8221; advanced_gradient_angle=&#8221;0&#8243; gradient_direction=&#8221;left_to_right&#8221; overlay_strength=&#8221;0.3&#8243; width=&#8221;2\/3&#8243; tablet_width_inherit=&#8221;default&#8221; animation_type=&#8221;default&#8221; bg_image_animation=&#8221;none&#8221; border_type=&#8221;simple&#8221; column_border_width=&#8221;none&#8221; column_border_style=&#8221;solid&#8221; gradient_type=&#8221;default&#8221;][vc_column_text css=&#8221;.vc_custom_1734596403882{padding-top: 0px !important;padding-right: 0px !important;padding-bottom: 0px !important;padding-left: 0px !important;}&#8221;]\n<h2 style=\"text-align: left;\"><span style=\"color: #ffffff;\"><strong>ANKANDI I ER\u00cbS 100 MW <\/strong><\/span><\/h2>\n<p style=\"text-align: left;\"><span style=\"color: #ffffff;\">\u00a0<\/span><\/p>\n<p><span style=\"color: #ffffff;\">Pas p\u00ebrfundimit t\u00eb suksessh\u00ebm t\u00eb ankandit t\u00eb par\u00eb konkurrues t\u00eb energjis\u00eb solare 100 megavat (MW) n\u00eb Kosov\u00eb, Ministria e Ekonomis\u00eb do t\u00eb angazhohet p\u00ebr ankandin e par\u00eb konkurrues t\u00eb projektit t\u00eb er\u00ebs n\u00eb vend, me nj\u00eb kapacitet prej gjithsejt 100 MW. Ky ankand do t\u00eb p\u00ebrmbyllet me dh\u00ebnien e nj\u00eb Kontrate t\u00eb Mb\u00ebshtetjes me \u00e7mim t\u00eb garantuar p\u00ebr 100 MW t\u00eb prodhuar nga energjia e er\u00ebs. Ky ankand i er\u00ebs sh\u00ebnon nj\u00eb hap t\u00eb r\u00ebnd\u00ebsish\u00ebm para drejt ngritjes s\u00eb pjes\u00ebmarrjes s\u00eb energjis\u00eb s\u00eb rip\u00ebrt\u00ebritshme n\u00eb miksin energjetik t\u00eb Kosov\u00ebs, promovimin e q\u00ebndrueshm\u00ebris\u00eb dhe uljen e var\u00ebsis\u00eb nga burimet e energjis\u00eb q\u00eb nuk jan\u00eb t\u00eb rip\u00ebrt\u00ebritshme..<\/span>[\/vc_column_text][vc_row_inner column_margin=&#8221;default&#8221; column_direction=&#8221;default&#8221; column_direction_tablet=&#8221;default&#8221; column_direction_phone=&#8221;default&#8221; text_align=&#8221;left&#8221; row_position=&#8221;default&#8221; row_position_tablet=&#8221;inherit&#8221; row_position_phone=&#8221;inherit&#8221; overflow=&#8221;visible&#8221; pointer_events=&#8221;all&#8221; css=&#8221;.vc_custom_1733936200338{padding-top: 40px !important;}&#8221;][vc_column_inner column_padding=&#8221;no-extra-padding&#8221; column_padding_tablet=&#8221;inherit&#8221; column_padding_phone=&#8221;inherit&#8221; column_padding_position=&#8221;all&#8221; top_margin=&#8221;0&#8243; left_margin=&#8221;10&#8243; column_element_direction_desktop=&#8221;default&#8221; column_element_spacing=&#8221;default&#8221; desktop_text_alignment=&#8221;default&#8221; tablet_text_alignment=&#8221;default&#8221; phone_text_alignment=&#8221;default&#8221; background_color_opacity=&#8221;1&#8243; background_hover_color_opacity=&#8221;1&#8243; column_backdrop_filter=&#8221;none&#8221; column_shadow=&#8221;none&#8221; column_border_radius=&#8221;none&#8221; column_link_target=&#8221;_self&#8221; overflow=&#8221;visible&#8221; advanced_gradient_angle=&#8221;0&#8243; gradient_direction=&#8221;left_to_right&#8221; overlay_strength=&#8221;0.3&#8243; width=&#8221;1\/3&#8243; tablet_width_inherit=&#8221;default&#8221; animation_type=&#8221;default&#8221; bg_image_animation=&#8221;none&#8221; border_type=&#8221;simple&#8221; column_border_width=&#8221;none&#8221; column_border_style=&#8221;solid&#8221; gradient_type=&#8221;default&#8221;][nectar_cta btn_style=&#8221;see-through&#8221; heading_tag=&#8221;h5&#8243; button_color=&#8221;white&#8221; text_color=&#8221;#dd9933&#8243; button_border_thickness=&#8221;0px&#8221; link_type=&#8221;regular&#8221; alignment=&#8221;left&#8221; alignment_tablet=&#8221;default&#8221; alignment_phone=&#8221;default&#8221; constrain_group_4=&#8221;yes&#8221; display=&#8221;inline&#8221; display_tablet=&#8221;inherit&#8221; display_phone=&#8221;inherit&#8221; font_size_desktop=&#8221;14&#8243; padding_top=&#8221;15&#8243; padding_bottom=&#8221;15&#8243; padding_left=&#8221;25&#8243; padding_right=&#8221;25&#8243; margin_left=&#8221;10&#8243; link_text=&#8221;Dhoma virtuale e t\u00eb dh\u00ebnave&#8221; url=&#8221;https:\/\/reskosovo.rks-gov.net\/sq\/vdr-rfp\/&#8221; margin_top=&#8221;0&#8243;][divider line_type=&#8221;No Line&#8221;][\/vc_column_inner][vc_column_inner column_padding=&#8221;no-extra-padding&#8221; column_padding_tablet=&#8221;inherit&#8221; column_padding_phone=&#8221;inherit&#8221; column_padding_position=&#8221;all&#8221; top_margin=&#8221;0&#8243; left_margin=&#8221;10&#8243; column_element_direction_desktop=&#8221;default&#8221; column_element_spacing=&#8221;40px&#8221; desktop_text_alignment=&#8221;default&#8221; tablet_text_alignment=&#8221;default&#8221; phone_text_alignment=&#8221;default&#8221; background_color_opacity=&#8221;1&#8243; background_hover_color_opacity=&#8221;1&#8243; column_backdrop_filter=&#8221;none&#8221; column_shadow=&#8221;none&#8221; column_border_radius=&#8221;none&#8221; column_link_target=&#8221;_self&#8221; overflow=&#8221;visible&#8221; advanced_gradient_angle=&#8221;0&#8243; gradient_direction=&#8221;left_to_right&#8221; overlay_strength=&#8221;0.3&#8243; width=&#8221;1\/3&#8243; tablet_width_inherit=&#8221;default&#8221; animation_type=&#8221;default&#8221; bg_image_animation=&#8221;none&#8221; border_type=&#8221;simple&#8221; column_border_width=&#8221;none&#8221; column_border_style=&#8221;solid&#8221; gradient_type=&#8221;default&#8221;][\/vc_column_inner][vc_column_inner column_padding=&#8221;no-extra-padding&#8221; column_padding_tablet=&#8221;inherit&#8221; column_padding_phone=&#8221;inherit&#8221; column_padding_position=&#8221;all&#8221; left_margin=&#8221;15&#8243; right_margin=&#8221;0&#8243; translate_x=&#8221;0&#8243; column_element_direction_desktop=&#8221;default&#8221; column_element_spacing=&#8221;default&#8221; desktop_text_alignment=&#8221;default&#8221; tablet_text_alignment=&#8221;default&#8221; phone_text_alignment=&#8221;default&#8221; background_color_opacity=&#8221;1&#8243; background_hover_color_opacity=&#8221;1&#8243; column_backdrop_filter=&#8221;none&#8221; column_shadow=&#8221;none&#8221; column_border_radius=&#8221;none&#8221; column_link_target=&#8221;_self&#8221; overflow=&#8221;visible&#8221; advanced_gradient_angle=&#8221;0&#8243; gradient_direction=&#8221;left_to_right&#8221; overlay_strength=&#8221;0.3&#8243; width=&#8221;1\/3&#8243; tablet_width_inherit=&#8221;default&#8221; animation_type=&#8221;default&#8221; bg_image_animation=&#8221;none&#8221; border_type=&#8221;simple&#8221; column_border_width=&#8221;none&#8221; column_border_style=&#8221;solid&#8221; gradient_type=&#8221;default&#8221;][\/vc_column_inner][\/vc_row_inner][\/vc_column][vc_column column_padding=&#8221;no-extra-padding&#8221; column_padding_tablet=&#8221;inherit&#8221; column_padding_phone=&#8221;inherit&#8221; column_padding_position=&#8221;left-right&#8221; top_margin=&#8221;100&#8243; column_element_direction_desktop=&#8221;default&#8221; column_element_spacing=&#8221;default&#8221; desktop_text_alignment=&#8221;default&#8221; tablet_text_alignment=&#8221;default&#8221; phone_text_alignment=&#8221;default&#8221; background_color_opacity=&#8221;1&#8243; background_hover_color_opacity=&#8221;1&#8243; column_backdrop_filter=&#8221;none&#8221; column_shadow=&#8221;none&#8221; column_border_radius=&#8221;none&#8221; column_link_target=&#8221;_self&#8221; column_position=&#8221;default&#8221; advanced_gradient_angle=&#8221;0&#8243; gradient_direction=&#8221;left_to_right&#8221; overlay_strength=&#8221;0.3&#8243; width=&#8221;1\/3&#8243; tablet_width_inherit=&#8221;default&#8221; animation_type=&#8221;default&#8221; bg_image_animation=&#8221;none&#8221; border_type=&#8221;simple&#8221; column_border_width=&#8221;none&#8221; column_border_style=&#8221;solid&#8221; gradient_type=&#8221;default&#8221;][nectar_video_player_self_hosted video_webm=&#8221;https:\/\/reskosovo.rks-gov.net\/wp-content\/uploads\/2024\/12\/100MW-WIND-1.mov&#8221; video_image=&#8221;11796&#8243; align=&#8221;center&#8221; player_functionality=&#8221;default&#8221; border_radius=&#8221;none&#8221; box_shadow=&#8221;none&#8221; advanced_gradient_angle=&#8221;0&#8243; advanced_gradient_display_type=&#8221;linear&#8221;][\/vc_column][\/vc_row][vc_row type=&#8221;full_width_background&#8221; full_screen_row_position=&#8221;middle&#8221; column_margin=&#8221;default&#8221; column_direction=&#8221;default&#8221; column_direction_tablet=&#8221;default&#8221; column_direction_phone=&#8221;default&#8221; bg_color=&#8221;#002f6c&#8221; scene_position=&#8221;center&#8221; top_padding=&#8221;4&#8243; bottom_padding=&#8221;0&#8243; top_margin=&#8221;2&#8243; bottom_margin=&#8221;0&#8243; translate_y=&#8221;1&#8243; text_color=&#8221;dark&#8221; text_align=&#8221;left&#8221; row_border_radius=&#8221;none&#8221; row_border_radius_applies=&#8221;bg&#8221; overflow=&#8221;visible&#8221; advanced_gradient_angle=&#8221;0&#8243; overlay_strength=&#8221;0.3&#8243; gradient_direction=&#8221;left_to_right&#8221; shape_divider_position=&#8221;bottom&#8221; bg_image_animation=&#8221;none&#8221; gradient_type=&#8221;default&#8221; shape_type=&#8221;&#8221;][vc_column column_padding=&#8221;no-extra-padding&#8221; column_padding_tablet=&#8221;inherit&#8221; column_padding_phone=&#8221;inherit&#8221; column_padding_position=&#8221;all&#8221; top_margin=&#8221;20&#8243; bottom_margin=&#8221;20&#8243; column_element_direction_desktop=&#8221;default&#8221; column_element_spacing=&#8221;default&#8221; desktop_text_alignment=&#8221;default&#8221; tablet_text_alignment=&#8221;default&#8221; phone_text_alignment=&#8221;default&#8221; background_color_opacity=&#8221;1&#8243; background_hover_color_opacity=&#8221;1&#8243; column_backdrop_filter=&#8221;none&#8221; column_shadow=&#8221;none&#8221; column_border_radius=&#8221;none&#8221; column_link_target=&#8221;_self&#8221; column_position=&#8221;default&#8221; advanced_gradient_angle=&#8221;0&#8243; gradient_direction=&#8221;left_to_right&#8221; overlay_strength=&#8221;0.3&#8243; width=&#8221;1\/2&#8243; tablet_width_inherit=&#8221;default&#8221; animation_type=&#8221;default&#8221; bg_image_animation=&#8221;none&#8221; border_type=&#8221;simple&#8221; column_border_width=&#8221;none&#8221; column_border_style=&#8221;solid&#8221; gradient_type=&#8221;default&#8221;][nectar_text_inline_images media_type=&#8221;images&#8221; image_size=&#8221;medium&#8221; image_effect=&#8221;none&#8221; media_roundness=&#8221;0px&#8221; image_loading=&#8221;default&#8221;]<span style=\"color: #ffffff;\"><strong>DIZAJNI I TENDERIT<\/strong>:<\/span>[\/nectar_text_inline_images]<div class=\"nectar-fancy-ul\" data-list-icon=\"fa fa-arrow-circle-right\" data-animation=\"false\" data-animation-delay=\"0\" data-color=\"extra-color-3\" data-spacing=\"default\" data-alignment=\"left\"> <span style=\"color: #ffffff;\">Ankandi do t\u00eb zhvillohet n\u00eb dy faza.<\/span> <\/p>\n<ul>\n<\/p>\n<li><span style=\"color: #ffffff;\"><strong>K\u00ebrkesa p\u00ebr Kualifikim (KPK):<\/strong> KPK \u00ebsht\u00eb shpallur n\u00eb<\/span><br \/>\n<span style=\"color: #ffffff;\">dhjetor 2024 dhe \u00ebsht\u00eb mbyllur n\u00eb mars 2025. Bazuar n\u00eb vendimin e Komisionit Vler\u00ebsues, tre ofertues kan\u00eb plot\u00ebsuar k\u00ebrkesat sipas KPK dhe jan\u00eb kualifikaur p\u00ebr faz\u00ebn tjet\u00ebr.&nbsp;<\/span><\/li>\n<p><\/p>\n<li><span style=\"color: #ffffff;\"><strong>K\u00ebrkesa p\u00ebr Propozim (KPP):<\/strong> KPP \u00ebsht\u00eb shpallur n\u00eb dhjetor 2025 dhe to t\u00eb jet\u00eb e hapur deri n\u00eb mars 2026. Ofertuesit e kualifikuar do t\u00eb duhet t\u00eb dor\u00ebzojn\u00eb propozimet e detajuara p\u00ebr projektet e tyre t\u00eb energjis\u00eb s\u00eb er\u00ebs.<\/span><\/li>\n<\/ul>\n<p>&nbsp; <\/div>[\/vc_column][vc_column column_padding=&#8221;no-extra-padding&#8221; column_padding_tablet=&#8221;inherit&#8221; column_padding_phone=&#8221;inherit&#8221; column_padding_position=&#8221;all&#8221; top_margin=&#8221;60&#8243; column_element_direction_desktop=&#8221;default&#8221; column_element_spacing=&#8221;default&#8221; desktop_text_alignment=&#8221;default&#8221; tablet_text_alignment=&#8221;default&#8221; phone_text_alignment=&#8221;default&#8221; background_color_opacity=&#8221;1&#8243; background_hover_color_opacity=&#8221;1&#8243; column_backdrop_filter=&#8221;none&#8221; column_shadow=&#8221;none&#8221; column_border_radius=&#8221;none&#8221; column_link_target=&#8221;_self&#8221; column_position=&#8221;default&#8221; advanced_gradient_angle=&#8221;0&#8243; gradient_direction=&#8221;left_to_right&#8221; overlay_strength=&#8221;0.3&#8243; width=&#8221;1\/2&#8243; tablet_width_inherit=&#8221;default&#8221; animation_type=&#8221;default&#8221; bg_image_animation=&#8221;none&#8221; border_type=&#8221;simple&#8221; column_border_width=&#8221;none&#8221; column_border_style=&#8221;solid&#8221; gradient_type=&#8221;default&#8221;][image_with_animation image_url=&#8221;11715&#8243; image_size=&#8221;medium&#8221; max_width=&#8221;100%&#8221; max_width_mobile=&#8221;default&#8221; animation_type=&#8221;entrance&#8221; animation=&#8221;Fade In&#8221; animation_easing=&#8221;default&#8221; animation_movement_type=&#8221;transform_y&#8221; hover_animation=&#8221;none&#8221; alignment=&#8221;center&#8221; border_radius=&#8221;none&#8221; box_shadow=&#8221;none&#8221; image_loading=&#8221;default&#8221; top_position_desktop=&#8221;0&#8243; bottom_position_desktop=&#8221;0&#8243;][vc_custom_heading text=&#8221;SHKARKO BROSHUREN&#8221; font_container=&#8221;tag:h6|font_size:14|text_align:center|color:%23ffffff&#8221; use_theme_fonts=&#8221;yes&#8221; css=&#8221;.vc_custom_1734596989730{padding-top: 0px !important;padding-left: 20px !important;}&#8221; link=&#8221;url:https%3A%2F%2Freskosovo.rks-gov.net%2Fwp-content%2Fuploads%2F2024%2F12%2FbROSHURA-FINAL-1.pdf|target:_blank&#8221;][divider line_type=&#8221;No Line&#8221;][\/vc_column][\/vc_row][vc_row type=&#8221;full_width_background&#8221; full_screen_row_position=&#8221;middle&#8221; column_margin=&#8221;default&#8221; column_direction=&#8221;default&#8221; column_direction_tablet=&#8221;default&#8221; column_direction_phone=&#8221;default&#8221; bg_color=&#8221;#ffffff&#8221; scene_position=&#8221;center&#8221; top_padding=&#8221;4&#8243; bottom_padding=&#8221;0&#8243; top_margin=&#8221;2&#8243; bottom_margin=&#8221;0&#8243; translate_y=&#8221;1&#8243; text_color=&#8221;dark&#8221; text_align=&#8221;left&#8221; row_border_radius=&#8221;none&#8221; row_border_radius_applies=&#8221;bg&#8221; overflow=&#8221;visible&#8221; advanced_gradient_angle=&#8221;0&#8243; overlay_strength=&#8221;0.3&#8243; gradient_direction=&#8221;left_to_right&#8221; shape_divider_position=&#8221;bottom&#8221; bg_image_animation=&#8221;none&#8221; gradient_type=&#8221;default&#8221; shape_type=&#8221;&#8221;][vc_column column_padding=&#8221;no-extra-padding&#8221; column_padding_tablet=&#8221;inherit&#8221; column_padding_phone=&#8221;inherit&#8221; column_padding_position=&#8221;all&#8221; top_margin=&#8221;10&#8243; column_element_direction_desktop=&#8221;default&#8221; column_element_spacing=&#8221;default&#8221; desktop_text_alignment=&#8221;default&#8221; tablet_text_alignment=&#8221;default&#8221; phone_text_alignment=&#8221;default&#8221; background_color_opacity=&#8221;1&#8243; background_hover_color_opacity=&#8221;1&#8243; column_backdrop_filter=&#8221;none&#8221; column_shadow=&#8221;none&#8221; column_border_radius=&#8221;none&#8221; column_link_target=&#8221;_self&#8221; column_position=&#8221;default&#8221; advanced_gradient_angle=&#8221;0&#8243; gradient_direction=&#8221;left_to_right&#8221; overlay_strength=&#8221;0.3&#8243; width=&#8221;1\/2&#8243; tablet_width_inherit=&#8221;default&#8221; animation_type=&#8221;default&#8221; bg_image_animation=&#8221;none&#8221; border_type=&#8221;simple&#8221; column_border_width=&#8221;none&#8221; column_border_style=&#8221;solid&#8221; gradient_type=&#8221;default&#8221;][nectar_text_inline_images media_type=&#8221;images&#8221; image_size=&#8221;medium&#8221; image_effect=&#8221;none&#8221; media_roundness=&#8221;0px&#8221; text_color=&#8221;#000000&#8243; image_loading=&#8221;default&#8221;]<span style=\"color: #ffffff;\"><strong>MARR\u00cbVESHJE P\u00cbR BLERJEN E ENERGJIS\u00cb<\/strong>:<\/span>[\/nectar_text_inline_images]<div class=\"nectar-fancy-ul\" data-list-icon=\"fa fa-arrow-circle-right\" data-animation=\"false\" data-animation-delay=\"0\" data-color=\"extra-color-3\" data-spacing=\"default\" data-alignment=\"left\"> \n<ul>\n<li><span style=\"color: #000000;\">Ofertuesit t\u00eb suksessh\u00ebm do t&#8217;i jepet Marr\u00ebveshje p\u00ebr Blerjen e Energjis\u00eb Elektrike (PPA.<\/span><\/li>\n<li><span style=\"color: #000000;\">Kjo marr\u00ebveshje garanton \u00e7mimin p\u00ebr \u00e7do megavat-or\u00eb (MWh) t\u00eb energjis\u00eb elektrike t\u00eb prodhuar nga parku i er\u00ebs.<\/span><\/li>\n<li><span style=\"color: #000000;\">\u00c7mimi i garantuar do t\u00eb jet\u00eb \u00e7mimi m\u00eb i ul\u00ebt i pranuar gjat\u00eb procesit t\u00eb ofertimit.<\/span><\/li>\n<li><span style=\"color: #000000;\">Koh\u00ebzgjatja e MBE-s\u00eb do t\u00eb p\u00ebrcaktohet n\u00eb dokumentacionin e ofertimit dhe do t\u00eb jet\u00eb p\u00ebr nj\u00eb periudh\u00eb prej t\u00eb pakt\u00ebn 15 vjet.<\/span><\/li>\n<\/ul>\n <\/div>[\/vc_column][vc_column column_padding=&#8221;no-extra-padding&#8221; column_padding_tablet=&#8221;inherit&#8221; column_padding_phone=&#8221;inherit&#8221; column_padding_position=&#8221;all&#8221; column_element_direction_desktop=&#8221;default&#8221; column_element_spacing=&#8221;default&#8221; desktop_text_alignment=&#8221;default&#8221; tablet_text_alignment=&#8221;default&#8221; phone_text_alignment=&#8221;default&#8221; background_color_opacity=&#8221;1&#8243; background_hover_color_opacity=&#8221;1&#8243; column_backdrop_filter=&#8221;none&#8221; column_shadow=&#8221;none&#8221; column_border_radius=&#8221;none&#8221; column_link_target=&#8221;_self&#8221; column_position=&#8221;default&#8221; gradient_direction=&#8221;left_to_right&#8221; overlay_strength=&#8221;0.3&#8243; width=&#8221;1\/2&#8243; tablet_width_inherit=&#8221;default&#8221; animation_type=&#8221;default&#8221; bg_image_animation=&#8221;none&#8221; border_type=&#8221;simple&#8221; column_border_width=&#8221;none&#8221; column_border_style=&#8221;solid&#8221;][nectar_text_inline_images media_type=&#8221;images&#8221; image_size=&#8221;medium&#8221; image_effect=&#8221;none&#8221; media_roundness=&#8221;0px&#8221; text_color=&#8221;#000000&#8243; image_loading=&#8221;default&#8221;]<span style=\"color: #ffffff;\"><strong>K\u00cbRKESAT P\u00cbR OFERTUESIT<\/strong>:<\/span>[\/nectar_text_inline_images]<div class=\"nectar-fancy-ul\" data-list-icon=\"fa fa-arrow-circle-right\" data-animation=\"false\" data-animation-delay=\"0\" data-color=\"extra-color-3\" data-spacing=\"default\" data-alignment=\"left\"> \n<ul>\n<li><span style=\"color: #000000;\">Ofertuesit duhet t\u00eb ofrojn\u00eb d\u00ebshmi t\u00eb p\u00ebrvoj\u00ebs s\u00eb tyre n\u00eb nd\u00ebrtimin e<br \/>\nprojekteve t\u00eb energjis\u00eb s\u00eb er\u00ebs me kapacitet t\u00eb ngjash\u00ebm.<br \/>\n<\/span><\/li>\n<li><span style=\"color: #000000;\">Ofertuesit duhet t\u00eb demonstrojn\u00eb aft\u00ebsin\u00eb e tyre p\u00ebr t\u00eb realizuar<br \/>\ninvestimin brenda afatit t\u00eb caktuar. Kjo p\u00ebrfshin ofrimin e d\u00ebshmive p\u00ebr zhvillimin e projektit, nd\u00ebrtimin dhe funksionimin e impianteve t\u00eb ngjashme<br \/>\n<\/span><\/li>\n<\/ul>\n <\/div>[\/vc_column][\/vc_row][vc_row type=&#8221;in_container&#8221; full_screen_row_position=&#8221;middle&#8221; column_margin=&#8221;default&#8221; column_direction=&#8221;default&#8221; column_direction_tablet=&#8221;default&#8221; column_direction_phone=&#8221;default&#8221; scene_position=&#8221;center&#8221; text_color=&#8221;dark&#8221; text_align=&#8221;left&#8221; row_border_radius=&#8221;none&#8221; row_border_radius_applies=&#8221;bg&#8221; overflow=&#8221;visible&#8221; overlay_strength=&#8221;0.3&#8243; gradient_direction=&#8221;left_to_right&#8221; shape_divider_position=&#8221;bottom&#8221; bg_image_animation=&#8221;none&#8221;][vc_column column_padding=&#8221;no-extra-padding&#8221; column_padding_tablet=&#8221;inherit&#8221; column_padding_phone=&#8221;inherit&#8221; column_padding_position=&#8221;all&#8221; column_element_direction_desktop=&#8221;default&#8221; column_element_spacing=&#8221;default&#8221; desktop_text_alignment=&#8221;default&#8221; tablet_text_alignment=&#8221;default&#8221; phone_text_alignment=&#8221;default&#8221; background_color=&#8221;#dd9933&#8243; background_color_opacity=&#8221;1&#8243; background_hover_color_opacity=&#8221;1&#8243; column_backdrop_filter=&#8221;none&#8221; column_shadow=&#8221;none&#8221; column_border_radius=&#8221;none&#8221; column_link_target=&#8221;_self&#8221; column_position=&#8221;default&#8221; advanced_gradient_angle=&#8221;0&#8243; gradient_direction=&#8221;left_to_right&#8221; overlay_strength=&#8221;0.3&#8243; width=&#8221;1\/1&#8243; tablet_width_inherit=&#8221;default&#8221; animation_type=&#8221;default&#8221; bg_image_animation=&#8221;none&#8221; border_type=&#8221;simple&#8221; column_border_width=&#8221;none&#8221; column_border_style=&#8221;solid&#8221; gradient_type=&#8221;default&#8221;][divider line_type=&#8221;No Line&#8221;][vc_custom_heading text=&#8221;Kjo qasje do t\u00eb siguroj\u00eb nj\u00eb proces t\u00eb hapur, t\u00eb drejt\u00eb dhe transparent. Ofertuesi i suksessh\u00ebm p\u00ebr projektin e er\u00ebs do t\u00eb jet\u00eb ai q\u00eb ofron \u00e7mimin m\u00eb t\u00eb ul\u00ebt t\u00eb garantuar p\u00ebr blerjen e energjis\u00eb elektrike t\u00eb prodhuar n\u00eb p\u00ebrputhje me aktet n\u00ebnligjore p\u00ebrkat\u00ebse dhe kriteret e ofertimit.&#8221; font_container=&#8221;tag:h5|font_size:14|text_align:left|color:%23ffffff&#8221; use_theme_fonts=&#8221;yes&#8221; css=&#8221;.vc_custom_1734939658813{border-left-width: 0px !important;padding-left: 35px !important;}&#8221;][divider line_type=&#8221;No Line&#8221;][\/vc_column][\/vc_row]\n","protected":false},"excerpt":{"rendered":"<p>[vc_row type=&#8221;full_width_background&#8221; full_screen_row_position=&#8221;middle&#8221; column_margin=&#8221;none&#8221; equal_height=&#8221;yes&#8221; column_direction=&#8221;default&#8221; column_direction_tablet=&#8221;default&#8221; column_direction_phone=&#8221;default&#8221; bg_color=&#8221;#1e73be&#8221; bg_image=&#8221;10819&#8243; bg_position=&#8221;center center&#8221; background_image_loading=&#8221;default&#8221; bg_repeat=&#8221;no-repeat&#8221; scene_position=&#8221;center&#8221;&#8230;<\/p>\n","protected":false},"author":3,"featured_media":0,"parent":0,"menu_order":0,"comment_status":"closed","ping_status":"closed","template":"","meta":{"inline_featured_image":false,"passster_activate_protection":false,"passster_protect_child_pages":"","passster_protection_type":"password","passster_password":"","passster_activate_overwrite_defaults":"","passster_headline":"","passster_instruction":"","passster_placeholder":"","passster_button":"","passster_id":"","passster_activate_misc_settings":"","passster_redirect_url":"","passster_hide":"no","passster_area_shortcode":"","footnotes":""},"class_list":["post-11777","page","type-page","status-publish"],"_links":{"self":[{"href":"https:\/\/reskosovo.rks-gov.net\/sq\/wp-json\/wp\/v2\/pages\/11777","targetHints":{"allow":["GET"]}}],"collection":[{"href":"https:\/\/reskosovo.rks-gov.net\/sq\/wp-json\/wp\/v2\/pages"}],"about":[{"href":"https:\/\/reskosovo.rks-gov.net\/sq\/wp-json\/wp\/v2\/types\/page"}],"author":[{"embeddable":true,"href":"https:\/\/reskosovo.rks-gov.net\/sq\/wp-json\/wp\/v2\/users\/3"}],"replies":[{"embeddable":true,"href":"https:\/\/reskosovo.rks-gov.net\/sq\/wp-json\/wp\/v2\/comments?post=11777"}],"version-history":[{"count":41,"href":"https:\/\/reskosovo.rks-gov.net\/sq\/wp-json\/wp\/v2\/pages\/11777\/revisions"}],"predecessor-version":[{"id":12255,"href":"https:\/\/reskosovo.rks-gov.net\/sq\/wp-json\/wp\/v2\/pages\/11777\/revisions\/12255"}],"wp:attachment":[{"href":"https:\/\/reskosovo.rks-gov.net\/sq\/wp-json\/wp\/v2\/media?parent=11777"}],"curies":[{"name":"wp","href":"https:\/\/api.w.org\/{rel}","templated":true}]}}