{"id":8636,"date":"2022-05-20T12:04:17","date_gmt":"2022-05-20T11:04:17","guid":{"rendered":"http:\/\/reskosovo.com\/partnering\/"},"modified":"2022-10-25T09:31:21","modified_gmt":"2022-10-25T08:31:21","slug":"lidhja-e-partneriteteve","status":"publish","type":"page","link":"https:\/\/reskosovo.rks-gov.net\/sq\/lidhja-e-partneriteteve\/","title":{"rendered":"Lidhja e partneriteteve"},"content":{"rendered":"[vc_row type=&#8221;full_width_background&#8221; full_screen_row_position=&#8221;middle&#8221; column_margin=&#8221;default&#8221; column_direction=&#8221;default&#8221; column_direction_tablet=&#8221;default&#8221; column_direction_phone=&#8221;default&#8221; bg_color=&#8221;#ffffff&#8221; bg_image=&#8221;6270&#8243; bg_position=&#8221;center center&#8221; background_image_loading=&#8221;default&#8221; bg_repeat=&#8221;no-repeat&#8221; scene_position=&#8221;center&#8221; top_padding=&#8221;4%&#8221; constrain_group_1=&#8221;yes&#8221; bottom_padding=&#8221;4%&#8221; text_color=&#8221;light&#8221; text_align=&#8221;left&#8221; row_border_radius=&#8221;none&#8221; row_border_radius_applies=&#8221;bg&#8221; overflow=&#8221;visible&#8221; enable_gradient=&#8221;true&#8221; color_overlay=&#8221;rgba(0,47,108,0.9)&#8221; color_overlay_2=&#8221;rgba(255,133,12,0.4)&#8221; advanced_gradient_angle=&#8221;0&#8243; overlay_strength=&#8221;0.8&#8243; gradient_direction=&#8221;left_to_right&#8221; shape_divider_position=&#8221;bottom&#8221; bg_image_animation=&#8221;none&#8221; parallax_bg=&#8221;true&#8221; parallax_bg_speed=&#8221;fast&#8221; gradient_type=&#8221;default&#8221; shape_type=&#8221;&#8221;][vc_column column_padding=&#8221;no-extra-padding&#8221; column_padding_tablet=&#8221;inherit&#8221; column_padding_phone=&#8221;inherit&#8221; column_padding_position=&#8221;all&#8221; column_element_spacing=&#8221;default&#8221; background_color_opacity=&#8221;1&#8243; background_hover_color_opacity=&#8221;1&#8243; column_shadow=&#8221;none&#8221; column_border_radius=&#8221;none&#8221; column_link_target=&#8221;_self&#8221; column_position=&#8221;default&#8221; gradient_direction=&#8221;left_to_right&#8221; overlay_strength=&#8221;0.3&#8243; width=&#8221;1\/1&#8243; tablet_width_inherit=&#8221;default&#8221; tablet_text_alignment=&#8221;default&#8221; phone_text_alignment=&#8221;default&#8221; animation_type=&#8221;default&#8221; bg_image_animation=&#8221;none&#8221; border_type=&#8221;simple&#8221; column_border_width=&#8221;none&#8221; column_border_style=&#8221;solid&#8221;][vc_row_inner equal_height=&#8221;yes&#8221; content_placement=&#8221;middle&#8221; column_margin=&#8221;default&#8221; column_direction=&#8221;default&#8221; column_direction_tablet=&#8221;default&#8221; column_direction_phone=&#8221;default&#8221; top_padding=&#8221;1%&#8221; bottom_padding=&#8221;0&#8243; text_align=&#8221;left&#8221; row_position=&#8221;default&#8221; row_position_tablet=&#8221;inherit&#8221; row_position_phone=&#8221;inherit&#8221; overflow=&#8221;visible&#8221; pointer_events=&#8221;all&#8221;][vc_column_inner column_padding=&#8221;no-extra-padding&#8221; column_padding_tablet=&#8221;inherit&#8221; column_padding_phone=&#8221;inherit&#8221; column_padding_position=&#8221;all&#8221; column_element_spacing=&#8221;default&#8221; background_color_opacity=&#8221;1&#8243; background_hover_color_opacity=&#8221;1&#8243; column_shadow=&#8221;none&#8221; column_border_radius=&#8221;none&#8221; column_link_target=&#8221;_self&#8221; gradient_direction=&#8221;left_to_right&#8221; overlay_strength=&#8221;0.3&#8243; width=&#8221;2\/3&#8243; tablet_width_inherit=&#8221;default&#8221; animation_type=&#8221;default&#8221; enable_animation=&#8221;true&#8221; animation=&#8221;fade-in&#8221; bg_image_animation=&#8221;none&#8221; border_type=&#8221;simple&#8221; column_border_width=&#8221;none&#8221; column_border_style=&#8221;solid&#8221; offset=&#8221;vc_col-lg-6 vc_col-md-6 vc_col-xs-12&#8243;][split_line_heading animation_type=&#8221;line-reveal-by-space&#8221; font_style=&#8221;h2&#8243; line_reveal_by_space_text_effect=&#8221;default&#8221; content_alignment=&#8221;default&#8221; mobile_content_alignment=&#8221;inherit&#8221; link_target=&#8221;_self&#8221; text_content=&#8221;Lidhja e partneriteteve&#8221;]\n<h2>We&#8217;re Salient, A Creative<\/h2>\n<h2>Startup Based\u00a0in Philly<\/h2>\n[\/split_line_heading][\/vc_column_inner][vc_column_inner column_padding=&#8221;no-extra-padding&#8221; column_padding_tablet=&#8221;inherit&#8221; column_padding_phone=&#8221;inherit&#8221; column_padding_position=&#8221;all&#8221; column_element_spacing=&#8221;default&#8221; background_color_opacity=&#8221;1&#8243; background_hover_color_opacity=&#8221;1&#8243; column_shadow=&#8221;none&#8221; column_border_radius=&#8221;none&#8221; column_link_target=&#8221;_self&#8221; gradient_direction=&#8221;left_to_right&#8221; overlay_strength=&#8221;0.3&#8243; width=&#8221;1\/3&#8243; tablet_width_inherit=&#8221;default&#8221; animation_type=&#8221;default&#8221; bg_image_animation=&#8221;none&#8221; border_type=&#8221;simple&#8221; column_border_width=&#8221;none&#8221; column_border_style=&#8221;solid&#8221; offset=&#8221;vc_hidden-sm vc_hidden-xs&#8221;][\/vc_column_inner][\/vc_row_inner][\/vc_column][\/vc_row][vc_row type=&#8221;in_container&#8221; full_screen_row_position=&#8221;middle&#8221; column_margin=&#8221;default&#8221; column_direction=&#8221;default&#8221; column_direction_tablet=&#8221;default&#8221; column_direction_phone=&#8221;default&#8221; bg_color=&#8221;#ffffff&#8221; scene_position=&#8221;center&#8221; top_padding=&#8221;6%&#8221; bottom_padding=&#8221;2%&#8221; text_color=&#8221;dark&#8221; text_align=&#8221;left&#8221; row_border_radius=&#8221;none&#8221; row_border_radius_applies=&#8221;bg&#8221; overflow=&#8221;visible&#8221; advanced_gradient_angle=&#8221;0&#8243; overlay_strength=&#8221;0.3&#8243; gradient_direction=&#8221;left_to_right&#8221; shape_divider_position=&#8221;bottom&#8221; bg_image_animation=&#8221;fade-in&#8221; gradient_type=&#8221;default&#8221; shape_type=&#8221;&#8221;][vc_column column_padding=&#8221;no-extra-padding&#8221; column_padding_tablet=&#8221;inherit&#8221; column_padding_phone=&#8221;inherit&#8221; column_padding_position=&#8221;all&#8221; column_element_spacing=&#8221;default&#8221; background_color_opacity=&#8221;1&#8243; background_hover_color_opacity=&#8221;1&#8243; column_shadow=&#8221;none&#8221; column_border_radius=&#8221;none&#8221; column_link_target=&#8221;_self&#8221; column_position=&#8221;default&#8221; advanced_gradient_angle=&#8221;0&#8243; gradient_direction=&#8221;left_to_right&#8221; overlay_strength=&#8221;0.3&#8243; width=&#8221;5\/6&#8243; tablet_width_inherit=&#8221;default&#8221; tablet_text_alignment=&#8221;default&#8221; phone_text_alignment=&#8221;default&#8221; animation_type=&#8221;default&#8221; bg_image_animation=&#8221;none&#8221; border_type=&#8221;simple&#8221; column_border_width=&#8221;none&#8221; column_border_style=&#8221;solid&#8221; gradient_type=&#8221;default&#8221;][split_line_heading animation_type=&#8221;line-reveal-by-space&#8221; font_style=&#8221;h4&#8243; text_color=&#8221;#002f6c&#8221; line_reveal_by_space_text_effect=&#8221;default&#8221; content_alignment=&#8221;default&#8221; mobile_content_alignment=&#8221;inherit&#8221; link_target=&#8221;_self&#8221; text_content=&#8221;Shoqatat e themeluara dhe aktive t\u00eb biznesit dhe odat e tregtis\u00eb n\u00eb Kosov\u00eb jan\u00eb t\u00eb pozicionuara mir\u00eb p\u00ebr t\u00eb ofruar njohuri p\u00ebr biznes, lidhje me tregun dhe mund\u00ebsi p\u00ebr partneritet.&#8221;]\n<h2 style=\"color: #1e83ec;\"><span style=\"color: #1e83ec;\">Design is\u00a0the paradise<\/span><\/h2>\n<h2 style=\"color: #1e83ec;\"><span style=\"color: #1e83ec;\">of individuality, eccentricity,<\/span><\/h2>\n<h2 style=\"color: #1e83ec;\"><span style=\"color: #1e83ec;\">abnormality,\u00a0and\u00a0humors.<\/span><\/h2>\n[\/split_line_heading][\/vc_column][vc_column column_padding=&#8221;padding-2-percent&#8221; column_padding_tablet=&#8221;inherit&#8221; column_padding_phone=&#8221;inherit&#8221; column_padding_position=&#8221;all&#8221; column_element_spacing=&#8221;default&#8221; background_color_opacity=&#8221;1&#8243; background_hover_color_opacity=&#8221;1&#8243; column_shadow=&#8221;none&#8221; column_border_radius=&#8221;none&#8221; column_link_target=&#8221;_self&#8221; column_position=&#8221;default&#8221; advanced_gradient_angle=&#8221;0&#8243; gradient_direction=&#8221;left_to_right&#8221; overlay_strength=&#8221;0.3&#8243; width=&#8221;1\/6&#8243; tablet_width_inherit=&#8221;default&#8221; tablet_text_alignment=&#8221;default&#8221; phone_text_alignment=&#8221;default&#8221; animation_type=&#8221;default&#8221; enable_animation=&#8221;true&#8221; animation=&#8221;fade-in&#8221; bg_image_animation=&#8221;none&#8221; border_type=&#8221;simple&#8221; column_border_width=&#8221;none&#8221; column_border_style=&#8221;solid&#8221; gradient_type=&#8221;default&#8221;][\/vc_column][\/vc_row][vc_row type=&#8221;full_width_background&#8221; full_screen_row_position=&#8221;middle&#8221; column_margin=&#8221;default&#8221; column_direction=&#8221;default&#8221; column_direction_tablet=&#8221;default&#8221; column_direction_phone=&#8221;default&#8221; bg_color=&#8221;#002f6c&#8221; scene_position=&#8221;center&#8221; top_padding=&#8221;4%&#8221; bottom_padding=&#8221;4%&#8221; text_color=&#8221;custom&#8221; custom_text_color=&#8221;#ffffff&#8221; text_align=&#8221;left&#8221; row_border_radius=&#8221;none&#8221; row_border_radius_applies=&#8221;bg&#8221; overflow=&#8221;visible&#8221; enable_gradient=&#8221;true&#8221; color_overlay=&#8221;#002f6c&#8221; color_overlay_2=&#8221;#002556&#8243; advanced_gradient_angle=&#8221;0&#8243; overlay_strength=&#8221;1&#8243; gradient_direction=&#8221;top_to_bottom&#8221; shape_divider_position=&#8221;bottom&#8221; bg_image_animation=&#8221;fade-in&#8221; gradient_type=&#8221;default&#8221; shape_type=&#8221;&#8221;][vc_column column_padding=&#8221;no-extra-padding&#8221; column_padding_tablet=&#8221;inherit&#8221; column_padding_phone=&#8221;inherit&#8221; column_padding_position=&#8221;all&#8221; column_element_spacing=&#8221;default&#8221; background_color_opacity=&#8221;1&#8243; background_hover_color_opacity=&#8221;1&#8243; column_shadow=&#8221;none&#8221; column_border_radius=&#8221;none&#8221; column_link_target=&#8221;_self&#8221; column_position=&#8221;default&#8221; advanced_gradient_angle=&#8221;0&#8243; gradient_direction=&#8221;left_to_right&#8221; overlay_strength=&#8221;0.3&#8243; width=&#8221;5\/6&#8243; tablet_width_inherit=&#8221;default&#8221; tablet_text_alignment=&#8221;default&#8221; phone_text_alignment=&#8221;default&#8221; animation_type=&#8221;default&#8221; enable_animation=&#8221;true&#8221; animation=&#8221;fade-in&#8221; bg_image_animation=&#8221;none&#8221; border_type=&#8221;simple&#8221; column_border_width=&#8221;none&#8221; column_border_style=&#8221;solid&#8221; gradient_type=&#8221;default&#8221;][vc_row_inner column_margin=&#8221;default&#8221; column_direction=&#8221;default&#8221; column_direction_tablet=&#8221;default&#8221; column_direction_phone=&#8221;default&#8221; top_padding=&#8221;10&#8243; bottom_padding=&#8221;0&#8243; text_align=&#8221;left&#8221; row_position=&#8221;default&#8221; row_position_tablet=&#8221;inherit&#8221; row_position_phone=&#8221;inherit&#8221; overflow=&#8221;visible&#8221; pointer_events=&#8221;all&#8221;][vc_column_inner column_padding=&#8221;no-extra-padding&#8221; column_padding_tablet=&#8221;inherit&#8221; column_padding_phone=&#8221;inherit&#8221; column_padding_position=&#8221;all&#8221; column_element_spacing=&#8221;default&#8221; background_color_opacity=&#8221;1&#8243; background_hover_color_opacity=&#8221;1&#8243; font_color=&#8221;#ffffff&#8221; column_shadow=&#8221;none&#8221; column_border_radius=&#8221;none&#8221; column_link_target=&#8221;_self&#8221; advanced_gradient_angle=&#8221;0&#8243; gradient_direction=&#8221;left_to_right&#8221; overlay_strength=&#8221;0.3&#8243; width=&#8221;1\/2&#8243; tablet_width_inherit=&#8221;default&#8221; animation_type=&#8221;default&#8221; enable_animation=&#8221;true&#8221; animation=&#8221;fade-in-from-bottom&#8221; bg_image_animation=&#8221;none&#8221; border_type=&#8221;simple&#8221; column_border_width=&#8221;none&#8221; column_border_style=&#8221;solid&#8221; gradient_type=&#8221;default&#8221;]<div class=\"nectar-fancy-ul\" data-list-icon=\"fa fa-chevron-right\" data-animation=\"false\" data-animation-delay=\"0\" data-color=\"extra-color-1\" data-spacing=\"20px\" data-alignment=\"left\"> \n<ul>\n<li><a href=\"https:\/\/www.facebook.com\/Kimerk.Cluster\" target=\"\u201d_blank\u201d\" rel=\"noopener\">Industria e metaleve dhe energjia e rip\u00ebrt\u00ebritshme n\u00eb Kosov\u00eb<\/a><\/li>\n<li><a href=\"https:\/\/www.facebook.com\/Shoqata-p%C3%ABr-Energji-t%C3%AB-Rip%C3%ABrt%C3%ABritshme-e-Kosov%C3%ABs-275058645859610\" target=\"\u201d_blank\u201d\" rel=\"noopener\">Shoqata p\u00ebr Energji t\u00eb Rip\u00ebrt\u00ebritshme n\u00eb Kosov\u00eb<\/a><\/li>\n<li><a href=\"https:\/\/www.oek-kcc.org\/En\/\" target=\"\u201d_blank\u201d\" rel=\"noopener\">Oda Ekonomike e Kosov\u00ebs<\/a><\/li>\n<li><a href=\"https:\/\/www.oek-kcc.org\/En\/arbitrazhi\/\" target=\"\u201d_blank\u201d\" rel=\"noopener\">Tribunali i P\u00ebrhersh\u00ebm i Arbitrazhit \u2013 Oda Ekonomike e Kosov\u00ebs<\/a><\/li>\n<li><a href=\"https:\/\/www.amchamksv.org\/\" target=\"\u201d_blank\u201d\" rel=\"noopener\">Oda Ekonomike Amerikane n\u00eb Kosov\u00eb<\/a><\/li>\n<li><a href=\"https:\/\/www.amchamksv.org\/about\/\" target=\"\u201d_blank\u201d\" rel=\"noopener\">Qendra e Arbitrazhit \u2013 Oda Ekonomike Amerikane n\u00eb Kosov\u00eb<\/a><\/li>\n<li><a href=\"https:\/\/oegjk.org\/de\/oegjk\/\" target=\"\u201d_blank\u201d\" rel=\"noopener\">Shoqata Gjermano-Kosovare e Biznesit<\/a><\/li>\n<li><a href=\"http:\/\/odaeafarizmit.org\/en\/home\/\" target=\"\u201d_blank\u201d\" rel=\"noopener\">Oda e Afarizmit t\u00eb Kosov\u00ebs<\/a><\/li>\n<li><a href=\"https:\/\/www.facebook.com\/Aleanca-Kosovare-e-Bizneseve-206757736068207\/\" target=\"\u201d_blank\u201d\" rel=\"noopener\">Aleanca Kosovare e Bizneseve<\/a><\/li>\n<\/ul>\n <\/div>[\/vc_column_inner][vc_column_inner column_padding=&#8221;no-extra-padding&#8221; column_padding_tablet=&#8221;inherit&#8221; column_padding_phone=&#8221;inherit&#8221; column_padding_position=&#8221;all&#8221; column_element_spacing=&#8221;default&#8221; background_color_opacity=&#8221;1&#8243; background_hover_color_opacity=&#8221;1&#8243; column_shadow=&#8221;none&#8221; column_border_radius=&#8221;none&#8221; column_link_target=&#8221;_self&#8221; advanced_gradient_angle=&#8221;0&#8243; gradient_direction=&#8221;left_to_right&#8221; overlay_strength=&#8221;0.3&#8243; width=&#8221;1\/2&#8243; tablet_width_inherit=&#8221;default&#8221; animation_type=&#8221;default&#8221; enable_animation=&#8221;true&#8221; animation=&#8221;fade-in-from-bottom&#8221; bg_image_animation=&#8221;none&#8221; border_type=&#8221;simple&#8221; column_border_width=&#8221;none&#8221; column_border_style=&#8221;solid&#8221; gradient_type=&#8221;default&#8221;]<div class=\"nectar-fancy-ul\" data-list-icon=\"fa fa-chevron-right\" data-animation=\"false\" data-animation-delay=\"0\" data-color=\"extra-color-1\" data-spacing=\"20px\" data-alignment=\"left\"> \n<ul>\n<li><a href=\"https:\/\/www.awesk.org\/about\" target=\"\u201d_blank\u201d\" rel=\"noopener\">hoqata e Grave n\u00eb Sektorin e Energjis\u00eb n\u00eb Kosov\u00eb The Association of Women in the Energy Sector of Kosovo<\/a><\/li>\n<li><a href=\"https:\/\/www.facebook.com\/AmChamWEM\" target=\"\u201d_blank\u201d\" rel=\"noopener\">Grat\u00eb e Kosov\u00ebs n\u00eb Energji dhe Miniera<\/a><\/li>\n<li><a href=\"https:\/\/www.facebook.com\/Dhoma-Ekonomike-e-Grave-te-Kosoves-G7-509362435818306\" target=\"\u201d_blank\u201d\" rel=\"noopener\">Oda Ekonomike e Grave t\u00eb Kosov\u00ebs \u2013 G7<\/a><\/li>\n<li><a href=\"https:\/\/www.kt-to.org\/tr\" target=\"\u201d_blank\u201d\" rel=\"noopener\">Oda Tregtare Kosovaro-Turke<\/a><\/li>\n<li><a href=\"https:\/\/kosovo-schweiz.ch\/ueber-uns\/\" target=\"\u201d_blank\u201d\" rel=\"noopener\">Oda e Tregtis\u00eb Kosov\u00eb-Zvic\u00ebr<\/a><\/li>\n<li><a href=\"https:\/\/klubiprodhuesve.org\/en\/club-program\/\" target=\"\u201d_blank\u201d\" rel=\"noopener\">Klubi i Prodhuesve t\u00eb Kosov\u00ebs<\/a><\/li>\n<li><a href=\"https:\/\/eic-kos.eu\/\" target=\"\u201d_blank\u201d\" rel=\"noopener\">K\u00ebshilli i Investitor\u00ebve Evropian\u00eb<\/a><\/li>\n<li><a href=\"https:\/\/www.bankassoc-kos.com\/\" target=\"\u201d_blank\u201d\" rel=\"noopener\">Shoqata e Bankave t\u00eb Kosov\u00ebs<\/a><\/li>\n<li><a href=\"https:\/\/bks-ks.org\/\" target=\"\u201d_blank\u201d\" rel=\"noopener\">Byroja Kosovare e Sigurimit<\/a><\/li>\n<\/ul>\n <\/div>[\/vc_column_inner][\/vc_row_inner][\/vc_column][vc_column column_padding=&#8221;no-extra-padding&#8221; column_padding_tablet=&#8221;inherit&#8221; column_padding_phone=&#8221;inherit&#8221; column_padding_position=&#8221;all&#8221; column_element_spacing=&#8221;default&#8221; background_color_opacity=&#8221;1&#8243; background_hover_color_opacity=&#8221;1&#8243; column_shadow=&#8221;none&#8221; column_border_radius=&#8221;none&#8221; column_link_target=&#8221;_self&#8221; column_position=&#8221;default&#8221; advanced_gradient_angle=&#8221;0&#8243; gradient_direction=&#8221;left_to_right&#8221; overlay_strength=&#8221;0.3&#8243; width=&#8221;1\/6&#8243; tablet_width_inherit=&#8221;default&#8221; tablet_text_alignment=&#8221;default&#8221; phone_text_alignment=&#8221;default&#8221; animation_type=&#8221;default&#8221; bg_image_animation=&#8221;none&#8221; border_type=&#8221;simple&#8221; column_border_width=&#8221;none&#8221; column_border_style=&#8221;solid&#8221; gradient_type=&#8221;default&#8221;][\/vc_column][\/vc_row]\n","protected":false},"excerpt":{"rendered":"<p>[vc_row type=&#8221;full_width_background&#8221; full_screen_row_position=&#8221;middle&#8221; column_margin=&#8221;default&#8221; column_direction=&#8221;default&#8221; column_direction_tablet=&#8221;default&#8221; column_direction_phone=&#8221;default&#8221; bg_color=&#8221;#ffffff&#8221; bg_image=&#8221;6270&#8243; bg_position=&#8221;center center&#8221; background_image_loading=&#8221;default&#8221; bg_repeat=&#8221;no-repeat&#8221; scene_position=&#8221;center&#8221; top_padding=&#8221;4%&#8221;&#8230;<\/p>\n","protected":false},"author":1,"featured_media":0,"parent":0,"menu_order":0,"comment_status":"closed","ping_status":"closed","template":"","meta":{"inline_featured_image":false,"passster_activate_protection":false,"passster_protect_child_pages":"","passster_protection_type":"password","passster_password":"","passster_activate_overwrite_defaults":"","passster_headline":"","passster_instruction":"","passster_placeholder":"","passster_button":"","passster_id":"","passster_activate_misc_settings":"","passster_redirect_url":"","passster_hide":"no","passster_area_shortcode":"","footnotes":""},"class_list":["post-8636","page","type-page","status-publish"],"_links":{"self":[{"href":"https:\/\/reskosovo.rks-gov.net\/sq\/wp-json\/wp\/v2\/pages\/8636","targetHints":{"allow":["GET"]}}],"collection":[{"href":"https:\/\/reskosovo.rks-gov.net\/sq\/wp-json\/wp\/v2\/pages"}],"about":[{"href":"https:\/\/reskosovo.rks-gov.net\/sq\/wp-json\/wp\/v2\/types\/page"}],"author":[{"embeddable":true,"href":"https:\/\/reskosovo.rks-gov.net\/sq\/wp-json\/wp\/v2\/users\/1"}],"replies":[{"embeddable":true,"href":"https:\/\/reskosovo.rks-gov.net\/sq\/wp-json\/wp\/v2\/comments?post=8636"}],"version-history":[{"count":2,"href":"https:\/\/reskosovo.rks-gov.net\/sq\/wp-json\/wp\/v2\/pages\/8636\/revisions"}],"predecessor-version":[{"id":8639,"href":"https:\/\/reskosovo.rks-gov.net\/sq\/wp-json\/wp\/v2\/pages\/8636\/revisions\/8639"}],"wp:attachment":[{"href":"https:\/\/reskosovo.rks-gov.net\/sq\/wp-json\/wp\/v2\/media?parent=8636"}],"curies":[{"name":"wp","href":"https:\/\/api.w.org\/{rel}","templated":true}]}}