{"id":8642,"date":"2022-04-22T14:47:03","date_gmt":"2022-04-22T13:47:03","guid":{"rendered":"http:\/\/reskosovo.com\/energy-overview\/"},"modified":"2022-11-13T13:40:56","modified_gmt":"2022-11-13T12:40:56","slug":"pasqyre-e-pergjithshme-e-energjise","status":"publish","type":"page","link":"https:\/\/reskosovo.rks-gov.net\/sq\/pasqyre-e-pergjithshme-e-energjise\/","title":{"rendered":"Pasqyr\u00eb e p\u00ebrgjithshme"},"content":{"rendered":"[vc_row type=&#8221;full_width_background&#8221; full_screen_row_position=&#8221;middle&#8221; column_margin=&#8221;default&#8221; column_direction=&#8221;default&#8221; column_direction_tablet=&#8221;default&#8221; column_direction_phone=&#8221;default&#8221; bg_image=&#8221;8136&#8243; bg_position=&#8221;left top&#8221; background_image_loading=&#8221;default&#8221; bg_repeat=&#8221;no-repeat&#8221; scene_position=&#8221;center&#8221; top_padding=&#8221;4%&#8221; constrain_group_1=&#8221;yes&#8221; bottom_padding=&#8221;4%&#8221; text_color=&#8221;light&#8221; text_align=&#8221;left&#8221; row_border_radius=&#8221;none&#8221; row_border_radius_applies=&#8221;bg&#8221; overflow=&#8221;visible&#8221; enable_gradient=&#8221;true&#8221; color_overlay=&#8221;rgba(0,47,108,0.9)&#8221; color_overlay_2=&#8221;rgba(255,133,12,0.4)&#8221; advanced_gradient_angle=&#8221;0&#8243; overlay_strength=&#8221;0.8&#8243; gradient_direction=&#8221;left_to_right&#8221; shape_divider_position=&#8221;bottom&#8221; bg_image_animation=&#8221;none&#8221; gradient_type=&#8221;default&#8221; shape_type=&#8221;&#8221;][vc_column column_padding=&#8221;no-extra-padding&#8221; column_padding_tablet=&#8221;inherit&#8221; column_padding_phone=&#8221;inherit&#8221; column_padding_position=&#8221;all&#8221; column_element_spacing=&#8221;default&#8221; background_color_opacity=&#8221;1&#8243; background_hover_color_opacity=&#8221;1&#8243; column_shadow=&#8221;none&#8221; column_border_radius=&#8221;none&#8221; column_link_target=&#8221;_self&#8221; column_position=&#8221;default&#8221; gradient_direction=&#8221;left_to_right&#8221; overlay_strength=&#8221;0.3&#8243; width=&#8221;5\/6&#8243; tablet_width_inherit=&#8221;default&#8221; tablet_text_alignment=&#8221;default&#8221; phone_text_alignment=&#8221;default&#8221; animation_type=&#8221;default&#8221; bg_image_animation=&#8221;none&#8221; border_type=&#8221;simple&#8221; column_border_width=&#8221;none&#8221; column_border_style=&#8221;solid&#8221;][split_line_heading animation_type=&#8221;line-reveal-by-space&#8221; font_style=&#8221;h2&#8243; line_reveal_by_space_text_effect=&#8221;default&#8221; content_alignment=&#8221;default&#8221; mobile_content_alignment=&#8221;inherit&#8221; link_target=&#8221;_self&#8221; text_content=&#8221;Pasqyr\u00eb e p\u00ebrgjithshme&#8221;][\/split_line_heading][\/vc_column][vc_column column_padding=&#8221;no-extra-padding&#8221; column_padding_tablet=&#8221;inherit&#8221; column_padding_phone=&#8221;inherit&#8221; column_padding_position=&#8221;all&#8221; column_element_spacing=&#8221;default&#8221; background_color_opacity=&#8221;1&#8243; background_hover_color_opacity=&#8221;1&#8243; column_shadow=&#8221;none&#8221; column_border_radius=&#8221;none&#8221; column_link_target=&#8221;_self&#8221; column_position=&#8221;default&#8221; gradient_direction=&#8221;left_to_right&#8221; overlay_strength=&#8221;0.3&#8243; width=&#8221;1\/6&#8243; tablet_width_inherit=&#8221;default&#8221; tablet_text_alignment=&#8221;default&#8221; phone_text_alignment=&#8221;default&#8221; animation_type=&#8221;default&#8221; bg_image_animation=&#8221;none&#8221; border_type=&#8221;simple&#8221; column_border_width=&#8221;none&#8221; column_border_style=&#8221;solid&#8221;][\/vc_column][\/vc_row][vc_row type=&#8221;full_width_background&#8221; full_screen_row_position=&#8221;middle&#8221; column_margin=&#8221;default&#8221; equal_height=&#8221;yes&#8221; content_placement=&#8221;top&#8221; column_direction=&#8221;default&#8221; column_direction_tablet=&#8221;default&#8221; column_direction_phone=&#8221;default&#8221; bg_color=&#8221;#ffffff&#8221; scene_position=&#8221;center&#8221; right_padding_desktop=&#8221;12%&#8221; top_margin=&#8221;6%&#8221; text_color=&#8221;dark&#8221; text_align=&#8221;left&#8221; row_border_radius=&#8221;none&#8221; row_border_radius_applies=&#8221;bg&#8221; overflow=&#8221;visible&#8221; id=&#8221;built-by-riders&#8221; row_name=&#8221;Built By Riders&#8221; advanced_gradient_angle=&#8221;0&#8243; overlay_strength=&#8221;0.5&#8243; gradient_direction=&#8221;left_to_right&#8221; shape_divider_position=&#8221;bottom&#8221; bg_image_animation=&#8221;none&#8221; gradient_type=&#8221;default&#8221; shape_type=&#8221;&#8221;][vc_column column_padding=&#8221;no-extra-padding&#8221; column_padding_tablet=&#8221;inherit&#8221; column_padding_phone=&#8221;inherit&#8221; column_padding_position=&#8221;all&#8221; column_element_spacing=&#8221;default&#8221; background_color_opacity=&#8221;1&#8243; background_hover_color_opacity=&#8221;1&#8243; column_shadow=&#8221;none&#8221; column_border_radius=&#8221;none&#8221; column_link_target=&#8221;_self&#8221; column_position=&#8221;default&#8221; advanced_gradient_angle=&#8221;0&#8243; gradient_direction=&#8221;left_to_right&#8221; overlay_strength=&#8221;0.3&#8243; width=&#8221;1\/2&#8243; tablet_width_inherit=&#8221;default&#8221; tablet_text_alignment=&#8221;default&#8221; phone_text_alignment=&#8221;default&#8221; animation_type=&#8221;default&#8221; enable_animation=&#8221;true&#8221; animation=&#8221;fade-in&#8221; bg_image_animation=&#8221;fade-in&#8221; border_type=&#8221;simple&#8221; column_border_width=&#8221;none&#8221; column_border_style=&#8221;solid&#8221; gradient_type=&#8221;default&#8221;][split_line_heading animation_type=&#8221;line-reveal-by-space&#8221; font_style=&#8221;h5&#8243; text_color=&#8221;#002f6c&#8221; line_reveal_by_space_text_effect=&#8221;default&#8221; content_alignment=&#8221;default&#8221; mobile_content_alignment=&#8221;inherit&#8221; link_target=&#8221;_self&#8221; text_content=&#8221;Qeveria e Kosov\u00ebs e ka caktuar si prioritet modernizimin dhe p\u00ebrmir\u00ebsimin e sektorit energjetik t\u00eb vendit me fokus n\u00eb zgjerimin dhe dekarbonizimin e energjis\u00eb s\u00eb rip\u00ebrt\u00ebritshme. Kosova po bashk\u00ebpunon ngusht\u00eb me partner\u00ebt e vet p\u00ebr zhvillim, duke p\u00ebrfshir\u00eb USAID-in, Bank\u00ebn Bot\u00ebrore, Komisionin Evropian, BERZh-in, IFC-n\u00eb dhe KfW-n\u00eb, si dhe donator\u00ebt e tjer\u00eb, organizatat dhe sektorin privat, p\u00ebr mb\u00ebshtetje dhe ndihm\u00eb.&#8221; max_width=&#8221;500&#8243; font_line_height=&#8221;1.7em&#8221;][\/split_line_heading][\/vc_column][vc_column column_padding=&#8221;no-extra-padding&#8221; column_padding_tablet=&#8221;inherit&#8221; column_padding_phone=&#8221;inherit&#8221; column_padding_position=&#8221;all&#8221; translate_y=&#8221;-25&#8243; column_element_spacing=&#8221;default&#8221; background_color_opacity=&#8221;1&#8243; background_hover_color_opacity=&#8221;1&#8243; column_shadow=&#8221;none&#8221; column_border_radius=&#8221;none&#8221; column_link_target=&#8221;_self&#8221; column_position=&#8221;default&#8221; advanced_gradient_angle=&#8221;0&#8243; gradient_direction=&#8221;left_to_right&#8221; overlay_strength=&#8221;0.3&#8243; width=&#8221;1\/2&#8243; tablet_width_inherit=&#8221;default&#8221; tablet_text_alignment=&#8221;default&#8221; phone_text_alignment=&#8221;default&#8221; animation_type=&#8221;default&#8221; bg_image_animation=&#8221;fade-in&#8221; border_type=&#8221;simple&#8221; column_border_width=&#8221;none&#8221; column_border_style=&#8221;solid&#8221; gradient_type=&#8221;default&#8221;][nectar_cascading_images image_1_bg_color=&#8221;#01ca83&#8243; image_1_offset_x_sign=&#8221;+&#8221; image_1_offset_x=&#8221;0%&#8221; image_1_offset_y_sign=&#8221;+&#8221; image_1_offset_y=&#8221;0%&#8221; image_1_rotate_sign=&#8221;+&#8221; image_1_rotate=&#8221;none&#8221; image_1_scale=&#8221;1&#8243; image_1_animation=&#8221;Grow In&#8221; image_1_padding=&#8221;auto&#8221; image_1_box_shadow=&#8221;none&#8221; image_1_max_width_desktop=&#8221;100%&#8221; image_1_max_width_mobile=&#8221;100%&#8221; image_1_image_width_mobile=&#8221;default&#8221; image_2_offset_x_sign=&#8221;+&#8221; image_2_offset_x=&#8221;30%&#8221; image_2_offset_y_sign=&#8221;+&#8221; image_2_offset_y=&#8221;30%&#8221; image_2_rotate_sign=&#8221;+&#8221; image_2_rotate=&#8221;none&#8221; image_2_scale=&#8221;1&#8243; image_2_animation=&#8221;Grow In&#8221; image_2_padding=&#8221;auto&#8221; image_2_box_shadow=&#8221;none&#8221; image_2_max_width_desktop=&#8221;100%&#8221; image_2_max_width_mobile=&#8221;100%&#8221; image_2_image_width_mobile=&#8221;default&#8221; image_3_url=&#8221;6474&#8243; image_3_offset_x_sign=&#8221;-&#8221; image_3_offset_x=&#8221;15%&#8221; image_3_offset_y_sign=&#8221;-&#8221; image_3_offset_y=&#8221;25%&#8221; image_3_rotate_sign=&#8221;+&#8221; image_3_rotate=&#8221;none&#8221; image_3_scale=&#8221;1&#8243; image_3_animation=&#8221;Grow In&#8221; image_3_padding=&#8221;auto&#8221; image_3_box_shadow=&#8221;x_large_depth&#8221; image_3_max_width_desktop=&#8221;100%&#8221; image_3_max_width_mobile=&#8221;100%&#8221; image_3_image_width_mobile=&#8221;default&#8221; image_4_offset_x_sign=&#8221;+&#8221; image_4_offset_x=&#8221;0%&#8221; image_4_offset_y_sign=&#8221;+&#8221; image_4_offset_y=&#8221;0%&#8221; image_4_rotate_sign=&#8221;+&#8221; image_4_rotate=&#8221;none&#8221; image_4_scale=&#8221;1&#8243; image_4_animation=&#8221;Fade In&#8221; image_4_padding=&#8221;auto&#8221; image_4_box_shadow=&#8221;none&#8221; image_4_max_width_desktop=&#8221;100%&#8221; image_4_max_width_mobile=&#8221;100%&#8221; image_4_image_width_mobile=&#8221;default&#8221; element_sizing=&#8221;default&#8221; image_loading=&#8221;default&#8221; border_radius=&#8221;none&#8221; overflow=&#8221;visible&#8221;][\/vc_column][\/vc_row][vc_row type=&#8221;full_width_background&#8221; full_screen_row_position=&#8221;middle&#8221; column_margin=&#8221;default&#8221; equal_height=&#8221;yes&#8221; content_placement=&#8221;top&#8221; column_direction=&#8221;default&#8221; column_direction_tablet=&#8221;default&#8221; column_direction_phone=&#8221;default&#8221; bg_color=&#8221;#ffffff&#8221; scene_position=&#8221;center&#8221; right_padding_desktop=&#8221;12%&#8221; bottom_margin=&#8221;7%&#8221; text_color=&#8221;dark&#8221; text_align=&#8221;left&#8221; row_border_radius=&#8221;none&#8221; row_border_radius_applies=&#8221;bg&#8221; overflow=&#8221;visible&#8221; id=&#8221;built-by-riders&#8221; row_name=&#8221;Built By Riders&#8221; advanced_gradient_angle=&#8221;0&#8243; overlay_strength=&#8221;0.5&#8243; gradient_direction=&#8221;left_to_right&#8221; shape_divider_position=&#8221;bottom&#8221; bg_image_animation=&#8221;none&#8221; gradient_type=&#8221;default&#8221; shape_type=&#8221;&#8221;][vc_column column_padding=&#8221;no-extra-padding&#8221; column_padding_tablet=&#8221;inherit&#8221; column_padding_phone=&#8221;inherit&#8221; column_padding_position=&#8221;all&#8221; column_element_spacing=&#8221;default&#8221; background_color_opacity=&#8221;1&#8243; background_hover_color_opacity=&#8221;1&#8243; column_shadow=&#8221;none&#8221; column_border_radius=&#8221;none&#8221; column_link_target=&#8221;_self&#8221; column_position=&#8221;default&#8221; advanced_gradient_angle=&#8221;0&#8243; gradient_direction=&#8221;left_to_right&#8221; overlay_strength=&#8221;0.3&#8243; width=&#8221;2\/3&#8243; tablet_width_inherit=&#8221;default&#8221; tablet_text_alignment=&#8221;default&#8221; phone_text_alignment=&#8221;default&#8221; animation_type=&#8221;default&#8221; enable_animation=&#8221;true&#8221; animation=&#8221;fade-in&#8221; bg_image_animation=&#8221;fade-in&#8221; border_type=&#8221;simple&#8221; column_border_width=&#8221;none&#8221; column_border_style=&#8221;solid&#8221; gradient_type=&#8221;default&#8221;][vc_column_text]Sistemi aktual i energjis\u00eb elektrike i Kosov\u00ebs k\u00ebrkon investime, p\u00ebrmir\u00ebsim dhe rizhvillim, \u00e7far\u00eb paraqet sfida t\u00eb r\u00ebnd\u00ebsishme p\u00ebr rritjen dhe zhvillimin ekonomik. Kufizimet e energjis\u00eb i pengojn\u00eb investimet dhe prodhimin, arsimin dhe sh\u00ebrbimet sh\u00ebndet\u00ebsore. Shum\u00eb qytetar\u00eb vazhdojn\u00eb t\u00eb p\u00ebrdorin dru zjarri dhe qymyr p\u00ebr ngrohje dhe gatim, gj\u00eb q\u00eb shkakton ndotje t\u00eb ajrit e q\u00eb pastaj shkakton probleme t\u00eb frym\u00ebmarrjes dhe probleme sh\u00ebndet\u00ebsore t\u00eb tjera.<\/p>\n<p>Kosova \u00ebsht\u00eb e p\u00ebrkushtuar q\u00eb t\u2019i zgjidh\u00eb mungesat e saj t\u00eb energjis\u00eb p\u00ebrmes nj\u00eb strategjie gjith\u00ebp\u00ebrfshir\u00ebse q\u00eb p\u00ebrfshin rritjen e efi\u00e7ienc\u00ebs s\u00eb energjis\u00eb, zhvillimin e burimeve t\u00eb rip\u00ebrt\u00ebritshme t\u00eb energjis\u00eb, integrimin n\u00eb tregjet rajonale t\u00eb energjis\u00eb dhe mb\u00ebshtetjen p\u00ebr nj\u00eb gjenerim t\u00eb ri t\u00eb energjis\u00eb q\u00eb \u00ebsht\u00eb i besuesh\u00ebm, i q\u00ebndruesh\u00ebm dhe i p\u00ebrballuesh\u00ebm p\u00ebr qytetar\u00ebt.<\/p>\n<p>N\u00eb mbar\u00eb bot\u00ebn, kushtet e furnizimit me energji ndryshojn\u00eb, nd\u00ebrsa secili vend e p\u00ebrcakton m\u00ebnyr\u00ebn m\u00eb t\u00eb mir\u00eb p\u00ebr t\u2019i p\u00ebrmbushur aspiratat e veta p\u00ebr energji. Opsionet e furnizimit me energji elektrike n\u00eb Kosov\u00eb jan\u00eb shum\u00eb t\u00eb kufizuara, p\u00ebr shkak t\u00eb disponueshm\u00ebris\u00eb modeste t\u00eb burimeve t\u00eb rip\u00ebrt\u00ebritshme t\u00eb realizueshme, stabilimenteve t\u00eb vjetruara dhe jo t\u00eb besueshme t\u00eb prodhimit me linjit, munges\u00ebs s\u00eb furnizimit n\u00eb vendet fqinje (ve\u00e7an\u00ebrisht gjat\u00eb k\u00ebrkes\u00ebs s\u00eb pikut, q\u00eb e kufizon aft\u00ebsin\u00eb e Kosov\u00ebs p\u00ebr t\u00eb importuar energji elektrike) dhe munges\u00ebs s\u00eb \u00e7far\u00ebdo burimi t\u00eb gazit natyror apo infrastrukture p\u00ebr t\u00eb importuar gaz.<\/p>\n<p>N\u00eb vitet e fundit, k\u00ebrkesa p\u00ebr energji elektrike e ka tejkaluar p\u00ebr shum\u00eb her\u00eb ofert\u00ebn \u2013 sfid\u00eb kjo q\u00eb pritet t\u00eb p\u00ebrkeq\u00ebsohet me dekomisionimin e nj\u00eb prej termocentraleve kryesore t\u00eb linjitit (Kosov\u00ebs A), i cili e siguron rreth nj\u00eb t\u00eb tret\u00ebn e prodhimit vendor t\u00eb energjis\u00eb elektrike. Muajt e dimrit jan\u00eb d\u00ebshmuar ve\u00e7an\u00ebrisht t\u00eb v\u00ebshtir\u00eb, meq\u00eb k\u00ebrkesa e tejkalon prodhimin.<\/p>\n<p>Qeveria e Kosov\u00ebs synon ta v\u00eb sektorin energjetik t\u00eb saj n\u00eb nj\u00eb rrug\u00eb t\u00eb q\u00ebndrueshme, duke e zhvilluar potencialin p\u00ebr energji t\u00eb rip\u00ebrt\u00ebritshme, duke e p\u00ebrmir\u00ebsuar efi\u00e7ienc\u00ebn e energjis\u00eb, duke e b\u00ebr\u00eb nj\u00eb tranzicion nga termocentrali i saj pes\u00ebdhjet\u00ebvje\u00e7ar dhe duke e rehabilituar p\u00ebrkoh\u00ebsisht nj\u00eb termocentral tjet\u00ebr t\u00eb vjet\u00ebr. Qeveria po ashtu d\u00ebshiron t\u00eb siguroj\u00eb q\u00eb t\u00eb ruhet p\u00ebrballueshm\u00ebria e energjis\u00eb elektrike, duke pasur parasysh shkall\u00ebn e lart\u00eb t\u00eb varf\u00ebris\u00eb dhe papun\u00ebsis\u00eb n\u00eb vend.<\/p>\n<h6><u>Burimi<\/u>: Banka Bot\u00ebrore<\/h6>\n[\/vc_column_text][\/vc_column][vc_column column_padding=&#8221;no-extra-padding&#8221; column_padding_tablet=&#8221;inherit&#8221; column_padding_phone=&#8221;inherit&#8221; column_padding_position=&#8221;all&#8221; translate_y=&#8221;-25&#8243; column_element_spacing=&#8221;default&#8221; background_color_opacity=&#8221;1&#8243; background_hover_color_opacity=&#8221;1&#8243; column_shadow=&#8221;none&#8221; column_border_radius=&#8221;none&#8221; column_link_target=&#8221;_self&#8221; column_position=&#8221;default&#8221; advanced_gradient_angle=&#8221;0&#8243; gradient_direction=&#8221;left_to_right&#8221; overlay_strength=&#8221;0.3&#8243; width=&#8221;1\/3&#8243; tablet_width_inherit=&#8221;default&#8221; tablet_text_alignment=&#8221;default&#8221; phone_text_alignment=&#8221;default&#8221; animation_type=&#8221;default&#8221; bg_image_animation=&#8221;fade-in&#8221; border_type=&#8221;simple&#8221; column_border_width=&#8221;none&#8221; column_border_style=&#8221;solid&#8221; gradient_type=&#8221;default&#8221;][\/vc_column][\/vc_row]\n","protected":false},"excerpt":{"rendered":"<p>[vc_row type=&#8221;full_width_background&#8221; full_screen_row_position=&#8221;middle&#8221; column_margin=&#8221;default&#8221; column_direction=&#8221;default&#8221; column_direction_tablet=&#8221;default&#8221; column_direction_phone=&#8221;default&#8221; bg_image=&#8221;8136&#8243; bg_position=&#8221;left top&#8221; background_image_loading=&#8221;default&#8221; bg_repeat=&#8221;no-repeat&#8221; scene_position=&#8221;center&#8221; top_padding=&#8221;4%&#8221; constrain_group_1=&#8221;yes&#8221;&#8230;<\/p>\n","protected":false},"author":1,"featured_media":0,"parent":0,"menu_order":0,"comment_status":"closed","ping_status":"closed","template":"","meta":{"inline_featured_image":false,"passster_activate_protection":false,"passster_protect_child_pages":"","passster_protection_type":"password","passster_password":"","passster_activate_overwrite_defaults":"","passster_headline":"","passster_instruction":"","passster_placeholder":"","passster_button":"","passster_id":"","passster_activate_misc_settings":"","passster_redirect_url":"","passster_hide":"no","passster_area_shortcode":"","footnotes":""},"class_list":["post-8642","page","type-page","status-publish"],"_links":{"self":[{"href":"https:\/\/reskosovo.rks-gov.net\/sq\/wp-json\/wp\/v2\/pages\/8642","targetHints":{"allow":["GET"]}}],"collection":[{"href":"https:\/\/reskosovo.rks-gov.net\/sq\/wp-json\/wp\/v2\/pages"}],"about":[{"href":"https:\/\/reskosovo.rks-gov.net\/sq\/wp-json\/wp\/v2\/types\/page"}],"author":[{"embeddable":true,"href":"https:\/\/reskosovo.rks-gov.net\/sq\/wp-json\/wp\/v2\/users\/1"}],"replies":[{"embeddable":true,"href":"https:\/\/reskosovo.rks-gov.net\/sq\/wp-json\/wp\/v2\/comments?post=8642"}],"version-history":[{"count":4,"href":"https:\/\/reskosovo.rks-gov.net\/sq\/wp-json\/wp\/v2\/pages\/8642\/revisions"}],"predecessor-version":[{"id":8762,"href":"https:\/\/reskosovo.rks-gov.net\/sq\/wp-json\/wp\/v2\/pages\/8642\/revisions\/8762"}],"wp:attachment":[{"href":"https:\/\/reskosovo.rks-gov.net\/sq\/wp-json\/wp\/v2\/media?parent=8642"}],"curies":[{"name":"wp","href":"https:\/\/api.w.org\/{rel}","templated":true}]}}