{"id":8684,"date":"2022-04-22T14:49:48","date_gmt":"2022-04-22T13:49:48","guid":{"rendered":"http:\/\/reskosovo.com\/pasqyre-e-pergjithshme-e-energjise\/legislation\/"},"modified":"2024-11-14T11:58:12","modified_gmt":"2024-11-14T10:58:12","slug":"legjislacioni","status":"publish","type":"page","link":"https:\/\/reskosovo.rks-gov.net\/sq\/pasqyre-e-pergjithshme-e-energjise\/legjislacioni\/","title":{"rendered":"Legjislacioni"},"content":{"rendered":"[vc_row type=&#8221;full_width_background&#8221; full_screen_row_position=&#8221;middle&#8221; column_margin=&#8221;default&#8221; column_direction=&#8221;default&#8221; column_direction_tablet=&#8221;default&#8221; column_direction_phone=&#8221;default&#8221; bg_image=&#8221;8136&#8243; bg_position=&#8221;left top&#8221; background_image_loading=&#8221;default&#8221; bg_repeat=&#8221;no-repeat&#8221; scene_position=&#8221;center&#8221; top_padding=&#8221;4%&#8221; constrain_group_1=&#8221;yes&#8221; bottom_padding=&#8221;4%&#8221; text_color=&#8221;light&#8221; text_align=&#8221;left&#8221; row_border_radius=&#8221;none&#8221; row_border_radius_applies=&#8221;bg&#8221; overflow=&#8221;visible&#8221; enable_gradient=&#8221;true&#8221; color_overlay=&#8221;rgba(0,47,108,0.9)&#8221; color_overlay_2=&#8221;rgba(255,133,12,0.4)&#8221; advanced_gradient_angle=&#8221;0&#8243; overlay_strength=&#8221;0.8&#8243; gradient_direction=&#8221;left_to_right&#8221; shape_divider_position=&#8221;bottom&#8221; bg_image_animation=&#8221;none&#8221; gradient_type=&#8221;default&#8221; shape_type=&#8221;&#8221;][vc_column column_padding=&#8221;no-extra-padding&#8221; column_padding_tablet=&#8221;inherit&#8221; column_padding_phone=&#8221;inherit&#8221; column_padding_position=&#8221;all&#8221; column_element_spacing=&#8221;default&#8221; background_color_opacity=&#8221;1&#8243; background_hover_color_opacity=&#8221;1&#8243; column_shadow=&#8221;none&#8221; column_border_radius=&#8221;none&#8221; column_link_target=&#8221;_self&#8221; column_position=&#8221;default&#8221; gradient_direction=&#8221;left_to_right&#8221; overlay_strength=&#8221;0.3&#8243; width=&#8221;5\/6&#8243; tablet_width_inherit=&#8221;default&#8221; tablet_text_alignment=&#8221;default&#8221; phone_text_alignment=&#8221;default&#8221; animation_type=&#8221;default&#8221; bg_image_animation=&#8221;none&#8221; border_type=&#8221;simple&#8221; column_border_width=&#8221;none&#8221; column_border_style=&#8221;solid&#8221;][split_line_heading animation_type=&#8221;line-reveal-by-space&#8221; font_style=&#8221;h2&#8243; line_reveal_by_space_text_effect=&#8221;default&#8221; content_alignment=&#8221;default&#8221; mobile_content_alignment=&#8221;inherit&#8221; link_target=&#8221;_self&#8221; text_content=&#8221;Legjislacioni&#8221;][\/split_line_heading][\/vc_column][vc_column column_padding=&#8221;no-extra-padding&#8221; column_padding_tablet=&#8221;inherit&#8221; column_padding_phone=&#8221;inherit&#8221; column_padding_position=&#8221;all&#8221; column_element_spacing=&#8221;default&#8221; background_color_opacity=&#8221;1&#8243; background_hover_color_opacity=&#8221;1&#8243; column_shadow=&#8221;none&#8221; column_border_radius=&#8221;none&#8221; column_link_target=&#8221;_self&#8221; column_position=&#8221;default&#8221; gradient_direction=&#8221;left_to_right&#8221; overlay_strength=&#8221;0.3&#8243; width=&#8221;1\/6&#8243; tablet_width_inherit=&#8221;default&#8221; tablet_text_alignment=&#8221;default&#8221; phone_text_alignment=&#8221;default&#8221; animation_type=&#8221;default&#8221; bg_image_animation=&#8221;none&#8221; border_type=&#8221;simple&#8221; column_border_width=&#8221;none&#8221; column_border_style=&#8221;solid&#8221;][\/vc_column][\/vc_row][vc_row type=&#8221;in_container&#8221; full_screen_row_position=&#8221;middle&#8221; column_margin=&#8221;default&#8221; column_direction=&#8221;default&#8221; column_direction_tablet=&#8221;default&#8221; column_direction_phone=&#8221;default&#8221; scene_position=&#8221;center&#8221; top_padding=&#8221;6%&#8221; text_color=&#8221;dark&#8221; text_align=&#8221;left&#8221; row_border_radius=&#8221;none&#8221; row_border_radius_applies=&#8221;bg&#8221; overflow=&#8221;visible&#8221; advanced_gradient_angle=&#8221;0&#8243; overlay_strength=&#8221;0.3&#8243; gradient_direction=&#8221;left_to_right&#8221; shape_divider_position=&#8221;bottom&#8221; bg_image_animation=&#8221;none&#8221; gradient_type=&#8221;default&#8221; shape_type=&#8221;&#8221;][vc_column column_padding=&#8221;no-extra-padding&#8221; column_padding_tablet=&#8221;inherit&#8221; column_padding_phone=&#8221;inherit&#8221; column_padding_position=&#8221;all&#8221; column_element_spacing=&#8221;default&#8221; background_color_opacity=&#8221;1&#8243; background_hover_color_opacity=&#8221;1&#8243; column_shadow=&#8221;none&#8221; column_border_radius=&#8221;none&#8221; column_link_target=&#8221;_self&#8221; column_position=&#8221;default&#8221; advanced_gradient_angle=&#8221;0&#8243; gradient_direction=&#8221;left_to_right&#8221; overlay_strength=&#8221;0.3&#8243; width=&#8221;5\/6&#8243; tablet_width_inherit=&#8221;default&#8221; tablet_text_alignment=&#8221;default&#8221; phone_text_alignment=&#8221;default&#8221; animation_type=&#8221;default&#8221; enable_animation=&#8221;true&#8221; animation=&#8221;fade-in&#8221; bg_image_animation=&#8221;none&#8221; border_type=&#8221;simple&#8221; column_border_width=&#8221;none&#8221; column_border_style=&#8221;solid&#8221; gradient_type=&#8221;default&#8221;][split_line_heading animation_type=&#8221;line-reveal-by-space&#8221; font_style=&#8221;h4&#8243; text_color=&#8221;#002f6c&#8221; line_reveal_by_space_text_effect=&#8221;default&#8221; content_alignment=&#8221;default&#8221; mobile_content_alignment=&#8221;inherit&#8221; link_target=&#8221;_self&#8221; text_content=&#8221;Legjislacioni relevant i Qeveris\u00eb s\u00eb Kosov\u00ebs lidhur me energjin\u00eb, mjedisin dhe investimet.&#8221;]\n<h2>We&#8217;re Salient, A Creative<\/h2>\n<h2>Startup Based\u00a0in Philly<\/h2>\n[\/split_line_heading][\/vc_column][vc_column column_padding=&#8221;no-extra-padding&#8221; column_padding_tablet=&#8221;inherit&#8221; column_padding_phone=&#8221;inherit&#8221; column_padding_position=&#8221;all&#8221; column_element_spacing=&#8221;default&#8221; background_color_opacity=&#8221;1&#8243; background_hover_color_opacity=&#8221;1&#8243; column_shadow=&#8221;none&#8221; column_border_radius=&#8221;none&#8221; column_link_target=&#8221;_self&#8221; column_position=&#8221;default&#8221; gradient_direction=&#8221;left_to_right&#8221; overlay_strength=&#8221;0.3&#8243; width=&#8221;1\/6&#8243; tablet_width_inherit=&#8221;default&#8221; tablet_text_alignment=&#8221;default&#8221; phone_text_alignment=&#8221;default&#8221; animation_type=&#8221;default&#8221; bg_image_animation=&#8221;none&#8221; border_type=&#8221;simple&#8221; column_border_width=&#8221;none&#8221; column_border_style=&#8221;solid&#8221;][\/vc_column][\/vc_row][vc_row type=&#8221;full_width_background&#8221; full_screen_row_position=&#8221;middle&#8221; column_margin=&#8221;default&#8221; column_direction=&#8221;default&#8221; column_direction_tablet=&#8221;default&#8221; column_direction_phone=&#8221;default&#8221; bg_color=&#8221;#002f6c&#8221; scene_position=&#8221;center&#8221; top_padding=&#8221;4%&#8221; constrain_group_1=&#8221;yes&#8221; bottom_padding=&#8221;4%&#8221; text_color=&#8221;dark&#8221; text_align=&#8221;left&#8221; row_border_radius=&#8221;none&#8221; row_border_radius_applies=&#8221;bg&#8221; overflow=&#8221;visible&#8221; advanced_gradient_angle=&#8221;0&#8243; overlay_strength=&#8221;0.3&#8243; gradient_direction=&#8221;left_to_right&#8221; shape_divider_position=&#8221;bottom&#8221; bg_image_animation=&#8221;none&#8221; gradient_type=&#8221;default&#8221; shape_type=&#8221;&#8221;][vc_column column_padding=&#8221;no-extra-padding&#8221; column_padding_tablet=&#8221;inherit&#8221; column_padding_phone=&#8221;inherit&#8221; column_padding_position=&#8221;all&#8221; column_element_spacing=&#8221;default&#8221; background_color_opacity=&#8221;1&#8243; background_hover_color_opacity=&#8221;1&#8243; font_color=&#8221;#ffffff&#8221; column_shadow=&#8221;none&#8221; column_border_radius=&#8221;none&#8221; column_link_target=&#8221;_self&#8221; column_position=&#8221;default&#8221; advanced_gradient_angle=&#8221;0&#8243; gradient_direction=&#8221;left_to_right&#8221; overlay_strength=&#8221;0.3&#8243; width=&#8221;5\/6&#8243; tablet_width_inherit=&#8221;default&#8221; tablet_text_alignment=&#8221;default&#8221; phone_text_alignment=&#8221;default&#8221; animation_type=&#8221;default&#8221; enable_animation=&#8221;true&#8221; animation=&#8221;fade-in&#8221; bg_image_animation=&#8221;none&#8221; border_type=&#8221;simple&#8221; column_border_width=&#8221;none&#8221; column_border_style=&#8221;solid&#8221; gradient_type=&#8221;default&#8221;][vc_column_text]\n<h5><strong>Legjislacioni primar<\/strong><\/h5>\n[\/vc_column_text][divider line_type=&#8221;No Line&#8221; custom_height=&#8221;20&#8243;][vc_row_inner column_margin=&#8221;default&#8221; column_direction=&#8221;default&#8221; column_direction_tablet=&#8221;default&#8221; column_direction_phone=&#8221;default&#8221; top_padding=&#8221;10&#8243; text_align=&#8221;left&#8221; row_position=&#8221;default&#8221; row_position_tablet=&#8221;inherit&#8221; row_position_phone=&#8221;inherit&#8221; overflow=&#8221;visible&#8221; pointer_events=&#8221;all&#8221;][vc_column_inner column_padding=&#8221;no-extra-padding&#8221; column_padding_tablet=&#8221;inherit&#8221; column_padding_phone=&#8221;inherit&#8221; column_padding_position=&#8221;all&#8221; column_element_spacing=&#8221;default&#8221; background_color_opacity=&#8221;1&#8243; background_hover_color_opacity=&#8221;1&#8243; font_color=&#8221;#ffffff&#8221; column_shadow=&#8221;none&#8221; column_border_radius=&#8221;none&#8221; column_link_target=&#8221;_self&#8221; advanced_gradient_angle=&#8221;0&#8243; gradient_direction=&#8221;left_to_right&#8221; overlay_strength=&#8221;0.3&#8243; width=&#8221;1\/2&#8243; tablet_width_inherit=&#8221;default&#8221; animation_type=&#8221;default&#8221; enable_animation=&#8221;true&#8221; animation=&#8221;fade-in-from-bottom&#8221; bg_image_animation=&#8221;none&#8221; border_type=&#8221;simple&#8221; column_border_width=&#8221;none&#8221; column_border_style=&#8221;solid&#8221; gradient_type=&#8221;default&#8221;]<div class=\"nectar-fancy-ul\" data-list-icon=\"fa fa-file-pdf-o\" data-animation=\"false\" data-animation-delay=\"0\" data-color=\"extra-color-1\" data-spacing=\"20px\" data-alignment=\"left\"> \n<ul>\n<li><a href=\"https:\/\/gzk.rks-gov.net\/ActDetail.aspx?ActID=12689\" target=\"\u201d_blank\u201d\" rel=\"noopener\">Ligji p\u00ebr Energjin\u00eb<\/a><\/li>\n<li><a href=\"https:\/\/gzk.rks-gov.net\/ActDocumentDetail.aspx?ActID=89043\" target=\"_blank\" rel=\"noopener\">Ligji p\u00ebr BRE<\/a><\/li>\n<li><a href=\"https:\/\/gzk.rks-gov.net\/ActDetail.aspx?ActID=12744\" target=\"\u201d_blank\u201d\" rel=\"noopener\">Ligji p\u00ebr Energjin\u00eb Elektrike<\/a><\/li>\n<li><a href=\"https:\/\/gzk.rks-gov.net\/ActDetail.aspx?ActID=18216\" target=\"\u201d_blank\u201d\" rel=\"noopener\">Ligji p\u00ebr Efi\u00e7ienc\u00ebn e Energjis\u00eb<\/a><\/li>\n<li><a href=\"https:\/\/gzk.rks-gov.net\/ActDetail.aspx?ActID=11326\" target=\"\u201d_blank\u201d\" rel=\"noopener\">Ligji p\u00ebr Energjin\u00eb Termike<\/a><\/li>\n<li><a href=\"https:\/\/gzk.rks-gov.net\/ActDetail.aspx?ActID=12694\" target=\"\u201d_blank\u201d\" rel=\"noopener\">Ligji p\u00ebr Rregullatorin e Energjis\u00eb<\/a><\/li>\n<li><a href=\"https:\/\/gzk.rks-gov.net\/ActDetail.aspx?ActID=2833\">Ligji p\u00ebr Nd\u00ebrtim<\/a><\/li>\n<li><a href=\"https:\/\/gzk.rks-gov.net\/ActDetail.aspx?ActID=2708\">Ligji p\u00ebr Vler\u00ebsimin e Ndikimit n\u00eb Mjedis<\/a><\/li>\n<\/ul>\n <\/div>[\/vc_column_inner][vc_column_inner column_padding=&#8221;no-extra-padding&#8221; column_padding_tablet=&#8221;inherit&#8221; column_padding_phone=&#8221;inherit&#8221; column_padding_position=&#8221;all&#8221; column_element_spacing=&#8221;default&#8221; background_color_opacity=&#8221;1&#8243; background_hover_color_opacity=&#8221;1&#8243; font_color=&#8221;#ffffff&#8221; column_shadow=&#8221;none&#8221; column_border_radius=&#8221;none&#8221; column_link_target=&#8221;_self&#8221; advanced_gradient_angle=&#8221;0&#8243; gradient_direction=&#8221;left_to_right&#8221; overlay_strength=&#8221;0.3&#8243; width=&#8221;1\/2&#8243; tablet_width_inherit=&#8221;default&#8221; animation_type=&#8221;default&#8221; enable_animation=&#8221;true&#8221; animation=&#8221;fade-in-from-bottom&#8221; bg_image_animation=&#8221;none&#8221; border_type=&#8221;simple&#8221; column_border_width=&#8221;none&#8221; column_border_style=&#8221;solid&#8221; gradient_type=&#8221;default&#8221;]<div class=\"nectar-fancy-ul\" data-list-icon=\"fa fa-file-pdf-o\" data-animation=\"false\" data-animation-delay=\"0\" data-color=\"extra-color-1\" data-spacing=\"20px\" data-alignment=\"left\"> \n<ul>\n<li><a href=\"https:\/\/gzk.rks-gov.net\/ActDetail.aspx?ActID=2631\" target=\"\u201d_blank\u201d\" rel=\"noopener\">Ligji p\u00ebr Mbrojtjen e Mjedisit<\/a><\/li>\n<li><a href=\"https:\/\/gzk.rks-gov.net\/ActDocumentDetail.aspx?ActID=8865\" target=\"\u201d_blank\u201d\" rel=\"noopener\">Ligji p\u00ebr Planifikimin Hap\u00ebsinor<\/a><\/li>\n<li><a href=\"https:\/\/gzk.rks-gov.net\/ActDetail.aspx?ActID=8659\" target=\"\u201d_blank\u201d\" rel=\"noopener\">Ligji p\u00ebr Uj\u00ebrat<\/a><\/li>\n<li><a href=\"https:\/\/gzk.rks-gov.net\/ActDetail.aspx?ActID=2566\" target=\"\u201d_blank\u201d\" rel=\"noopener\">Ligji p\u00ebr Pyjet<\/a><\/li>\n<li><a href=\"https:\/\/gzk.rks-gov.net\/ActDetail.aspx?ActID=2636\" target=\"\u201d_blank\u201d\" rel=\"noopener\">Ligji p\u00ebr Shpron\u00ebsimin e Pasurive t\u00eb Paluajtshme<\/a><\/li>\n<li><a href=\"https:\/\/gzk.rks-gov.net\/ActDetail.aspx?ActID=18917\">Ligji p\u00ebr Dh\u00ebnien n\u00eb Shfryt\u00ebzim dhe K\u00ebmbimin e Pron\u00ebs s\u00eb Paluajtshme t\u00eb Komun\u00ebs<\/a><\/li>\n<li><a href=\"https:\/\/gzk.rks-gov.net\/ActDetail.aspx?ActID=13176\">Ligji p\u00ebr Performanc\u00ebn Energjetike n\u00eb Nd\u00ebrtesa<\/a><\/li>\n<\/ul>\n <\/div>[\/vc_column_inner][\/vc_row_inner][\/vc_column][vc_column column_padding=&#8221;no-extra-padding&#8221; column_padding_tablet=&#8221;inherit&#8221; column_padding_phone=&#8221;inherit&#8221; column_padding_position=&#8221;all&#8221; column_element_spacing=&#8221;default&#8221; background_color_opacity=&#8221;1&#8243; background_hover_color_opacity=&#8221;1&#8243; column_shadow=&#8221;none&#8221; column_border_radius=&#8221;none&#8221; column_link_target=&#8221;_self&#8221; column_position=&#8221;default&#8221; gradient_direction=&#8221;left_to_right&#8221; overlay_strength=&#8221;0.3&#8243; width=&#8221;1\/6&#8243; tablet_width_inherit=&#8221;default&#8221; tablet_text_alignment=&#8221;default&#8221; phone_text_alignment=&#8221;default&#8221; animation_type=&#8221;default&#8221; bg_image_animation=&#8221;none&#8221; border_type=&#8221;simple&#8221; column_border_width=&#8221;none&#8221; column_border_style=&#8221;solid&#8221;][\/vc_column][\/vc_row][vc_row type=&#8221;full_width_background&#8221; full_screen_row_position=&#8221;middle&#8221; column_margin=&#8221;default&#8221; column_direction=&#8221;default&#8221; column_direction_tablet=&#8221;default&#8221; column_direction_phone=&#8221;default&#8221; bg_color=&#8221;#ffffff&#8221; scene_position=&#8221;center&#8221; top_padding=&#8221;4%&#8221; bottom_padding=&#8221;6%&#8221; text_color=&#8221;dark&#8221; text_align=&#8221;left&#8221; row_border_radius=&#8221;none&#8221; row_border_radius_applies=&#8221;bg&#8221; overflow=&#8221;visible&#8221; advanced_gradient_angle=&#8221;0&#8243; overlay_strength=&#8221;0.3&#8243; gradient_direction=&#8221;left_to_right&#8221; shape_divider_position=&#8221;bottom&#8221; bg_image_animation=&#8221;none&#8221; gradient_type=&#8221;default&#8221; shape_type=&#8221;&#8221;][vc_column column_padding=&#8221;no-extra-padding&#8221; column_padding_tablet=&#8221;inherit&#8221; column_padding_phone=&#8221;inherit&#8221; column_padding_position=&#8221;all&#8221; column_element_spacing=&#8221;default&#8221; background_color_opacity=&#8221;1&#8243; background_hover_color_opacity=&#8221;1&#8243; font_color=&#8221;#000000&#8243; column_shadow=&#8221;none&#8221; column_border_radius=&#8221;none&#8221; column_link_target=&#8221;_self&#8221; column_position=&#8221;default&#8221; advanced_gradient_angle=&#8221;0&#8243; gradient_direction=&#8221;left_to_right&#8221; overlay_strength=&#8221;0.3&#8243; width=&#8221;5\/6&#8243; tablet_width_inherit=&#8221;default&#8221; tablet_text_alignment=&#8221;default&#8221; phone_text_alignment=&#8221;default&#8221; animation_type=&#8221;default&#8221; enable_animation=&#8221;true&#8221; animation=&#8221;fade-in&#8221; bg_image_animation=&#8221;none&#8221; border_type=&#8221;simple&#8221; column_border_width=&#8221;none&#8221; column_border_style=&#8221;solid&#8221; gradient_type=&#8221;default&#8221;][vc_column_text]\n<div class=\"vc_col-sm-10 wpb_column column_container vc_column_container col no-extra-padding inherit_tablet inherit_phone \" data-padding-pos=\"all\" data-has-bg-color=\"false\" data-bg-color=\"\" data-bg-opacity=\"1\" data-animation=\"\" data-delay=\"0\">\n<div class=\"vc_column-inner\">\n<div class=\"wpb_wrapper\">\n<div class=\"wpb_text_column wpb_content_element \">\n<div class=\"wpb_wrapper\">\n<p>Gazeta Zyrtare e Republik\u00ebs s\u00eb Kosov\u00ebs e publikon Kushtetut\u00ebn e Republik\u00ebs s\u00eb Kosov\u00ebs dhe legjislacionin e miratuar nga Kuvendi Komb\u00ebtar i Kosov\u00ebs. Ajo ofron qasje online n\u00eb legjislacionin primar dhe sekondar t\u00eb vendit n\u00eb anglisht, shqip, serbisht, turqisht dhe boshnjakisht.<\/p>\n<h4>Luteni ta vizitoni: <a href=\"http:\/\/gzk.rks-gov.net\">gzk.rks-gov.net<\/a><\/h4>\n<\/div>\n<\/div>\n<\/div>\n<\/div>\n<\/div>\n[\/vc_column_text][\/vc_column][vc_column column_padding=&#8221;no-extra-padding&#8221; column_padding_tablet=&#8221;inherit&#8221; column_padding_phone=&#8221;inherit&#8221; column_padding_position=&#8221;all&#8221; column_element_spacing=&#8221;default&#8221; background_color_opacity=&#8221;1&#8243; background_hover_color_opacity=&#8221;1&#8243; column_shadow=&#8221;none&#8221; column_border_radius=&#8221;none&#8221; column_link_target=&#8221;_self&#8221; column_position=&#8221;default&#8221; gradient_direction=&#8221;left_to_right&#8221; overlay_strength=&#8221;0.3&#8243; width=&#8221;1\/6&#8243; tablet_width_inherit=&#8221;default&#8221; tablet_text_alignment=&#8221;default&#8221; phone_text_alignment=&#8221;default&#8221; animation_type=&#8221;default&#8221; bg_image_animation=&#8221;none&#8221; border_type=&#8221;simple&#8221; column_border_width=&#8221;none&#8221; column_border_style=&#8221;solid&#8221;][\/vc_column][\/vc_row]\n","protected":false},"excerpt":{"rendered":"<p>[vc_row type=&#8221;full_width_background&#8221; full_screen_row_position=&#8221;middle&#8221; column_margin=&#8221;default&#8221; column_direction=&#8221;default&#8221; column_direction_tablet=&#8221;default&#8221; column_direction_phone=&#8221;default&#8221; bg_image=&#8221;8136&#8243; bg_position=&#8221;left top&#8221; background_image_loading=&#8221;default&#8221; bg_repeat=&#8221;no-repeat&#8221; scene_position=&#8221;center&#8221; top_padding=&#8221;4%&#8221; constrain_group_1=&#8221;yes&#8221;&#8230;<\/p>\n","protected":false},"author":1,"featured_media":0,"parent":8642,"menu_order":0,"comment_status":"closed","ping_status":"closed","template":"","meta":{"inline_featured_image":false,"passster_activate_protection":false,"passster_protect_child_pages":"","passster_protection_type":"password","passster_password":"","passster_activate_overwrite_defaults":"","passster_headline":"","passster_instruction":"","passster_placeholder":"","passster_button":"","passster_id":"","passster_activate_misc_settings":"","passster_redirect_url":"","passster_hide":"no","passster_area_shortcode":"","footnotes":""},"class_list":["post-8684","page","type-page","status-publish"],"_links":{"self":[{"href":"https:\/\/reskosovo.rks-gov.net\/sq\/wp-json\/wp\/v2\/pages\/8684","targetHints":{"allow":["GET"]}}],"collection":[{"href":"https:\/\/reskosovo.rks-gov.net\/sq\/wp-json\/wp\/v2\/pages"}],"about":[{"href":"https:\/\/reskosovo.rks-gov.net\/sq\/wp-json\/wp\/v2\/types\/page"}],"author":[{"embeddable":true,"href":"https:\/\/reskosovo.rks-gov.net\/sq\/wp-json\/wp\/v2\/users\/1"}],"replies":[{"embeddable":true,"href":"https:\/\/reskosovo.rks-gov.net\/sq\/wp-json\/wp\/v2\/comments?post=8684"}],"version-history":[{"count":5,"href":"https:\/\/reskosovo.rks-gov.net\/sq\/wp-json\/wp\/v2\/pages\/8684\/revisions"}],"predecessor-version":[{"id":11640,"href":"https:\/\/reskosovo.rks-gov.net\/sq\/wp-json\/wp\/v2\/pages\/8684\/revisions\/11640"}],"up":[{"embeddable":true,"href":"https:\/\/reskosovo.rks-gov.net\/sq\/wp-json\/wp\/v2\/pages\/8642"}],"wp:attachment":[{"href":"https:\/\/reskosovo.rks-gov.net\/sq\/wp-json\/wp\/v2\/media?parent=8684"}],"curies":[{"name":"wp","href":"https:\/\/api.w.org\/{rel}","templated":true}]}}