{"id":9515,"date":"2022-05-20T12:41:11","date_gmt":"2022-05-20T11:41:11","guid":{"rendered":"https:\/\/reskosovo.rks-gov.net\/renewable-energy-priorities\/"},"modified":"2023-04-28T13:54:38","modified_gmt":"2023-04-28T12:54:38","slug":"renewable-energy-priorities","status":"publish","type":"page","link":"https:\/\/reskosovo.rks-gov.net\/sq\/renewable-energy-priorities\/","title":{"rendered":"Prioritetet e energjis\u00eb t\u00eb rip\u00ebrt\u00ebritshme"},"content":{"rendered":"[vc_row type=&#8221;full_width_background&#8221; full_screen_row_position=&#8221;middle&#8221; column_margin=&#8221;default&#8221; column_direction=&#8221;default&#8221; column_direction_tablet=&#8221;default&#8221; column_direction_phone=&#8221;default&#8221; bg_color=&#8221;#ffffff&#8221; bg_image=&#8221;6270&#8243; bg_position=&#8221;center center&#8221; background_image_loading=&#8221;default&#8221; bg_repeat=&#8221;no-repeat&#8221; scene_position=&#8221;center&#8221; top_padding=&#8221;4%&#8221; constrain_group_1=&#8221;yes&#8221; bottom_padding=&#8221;4%&#8221; text_color=&#8221;light&#8221; text_align=&#8221;left&#8221; row_border_radius=&#8221;none&#8221; row_border_radius_applies=&#8221;bg&#8221; overflow=&#8221;visible&#8221; enable_gradient=&#8221;true&#8221; color_overlay=&#8221;rgba(0,47,108,0.9)&#8221; color_overlay_2=&#8221;rgba(255,133,12,0.4)&#8221; advanced_gradient_angle=&#8221;0&#8243; overlay_strength=&#8221;0.8&#8243; gradient_direction=&#8221;left_to_right&#8221; shape_divider_position=&#8221;bottom&#8221; bg_image_animation=&#8221;none&#8221; parallax_bg=&#8221;true&#8221; parallax_bg_speed=&#8221;fast&#8221; gradient_type=&#8221;default&#8221; shape_type=&#8221;&#8221;][vc_column column_padding=&#8221;no-extra-padding&#8221; column_padding_tablet=&#8221;inherit&#8221; column_padding_phone=&#8221;inherit&#8221; column_padding_position=&#8221;all&#8221; column_element_spacing=&#8221;default&#8221; background_color_opacity=&#8221;1&#8243; background_hover_color_opacity=&#8221;1&#8243; column_shadow=&#8221;none&#8221; column_border_radius=&#8221;none&#8221; column_link_target=&#8221;_self&#8221; column_position=&#8221;default&#8221; gradient_direction=&#8221;left_to_right&#8221; overlay_strength=&#8221;0.3&#8243; width=&#8221;1\/1&#8243; tablet_width_inherit=&#8221;default&#8221; tablet_text_alignment=&#8221;default&#8221; phone_text_alignment=&#8221;default&#8221; animation_type=&#8221;default&#8221; bg_image_animation=&#8221;none&#8221; border_type=&#8221;simple&#8221; column_border_width=&#8221;none&#8221; column_border_style=&#8221;solid&#8221;][vc_row_inner equal_height=&#8221;yes&#8221; content_placement=&#8221;middle&#8221; column_margin=&#8221;default&#8221; column_direction=&#8221;default&#8221; column_direction_tablet=&#8221;default&#8221; column_direction_phone=&#8221;default&#8221; top_padding=&#8221;1%&#8221; text_align=&#8221;left&#8221; row_position=&#8221;default&#8221; row_position_tablet=&#8221;inherit&#8221; row_position_phone=&#8221;inherit&#8221; overflow=&#8221;visible&#8221; pointer_events=&#8221;all&#8221;][vc_column_inner column_padding=&#8221;no-extra-padding&#8221; column_padding_tablet=&#8221;inherit&#8221; column_padding_phone=&#8221;inherit&#8221; column_padding_position=&#8221;all&#8221; column_element_spacing=&#8221;default&#8221; background_color_opacity=&#8221;1&#8243; background_hover_color_opacity=&#8221;1&#8243; column_shadow=&#8221;none&#8221; column_border_radius=&#8221;none&#8221; column_link_target=&#8221;_self&#8221; gradient_direction=&#8221;left_to_right&#8221; overlay_strength=&#8221;0.3&#8243; width=&#8221;1\/1&#8243; tablet_width_inherit=&#8221;default&#8221; animation_type=&#8221;default&#8221; bg_image_animation=&#8221;none&#8221; border_type=&#8221;simple&#8221; column_border_width=&#8221;none&#8221; column_border_style=&#8221;solid&#8221;][split_line_heading animation_type=&#8221;line-reveal-by-space&#8221; font_style=&#8221;h2&#8243; line_reveal_by_space_text_effect=&#8221;default&#8221; content_alignment=&#8221;default&#8221; mobile_content_alignment=&#8221;inherit&#8221; link_target=&#8221;_self&#8221; text_content=&#8221;Prioritetet e energjis\u00eb t\u00eb rip\u00ebrt\u00ebritshme&#8221;]\n<h2>We&#8217;re Salient, A Creative<\/h2>\n<h2>Startup Based\u00a0in Philly<\/h2>\n[\/split_line_heading][\/vc_column_inner][\/vc_row_inner][\/vc_column][\/vc_row][vc_row type=&#8221;in_container&#8221; full_screen_row_position=&#8221;middle&#8221; column_margin=&#8221;default&#8221; column_direction=&#8221;default&#8221; column_direction_tablet=&#8221;default&#8221; column_direction_phone=&#8221;default&#8221; scene_position=&#8221;center&#8221; top_padding=&#8221;6%&#8221; text_color=&#8221;dark&#8221; text_align=&#8221;left&#8221; row_border_radius=&#8221;none&#8221; row_border_radius_applies=&#8221;bg&#8221; overflow=&#8221;visible&#8221; advanced_gradient_angle=&#8221;0&#8243; overlay_strength=&#8221;0.3&#8243; gradient_direction=&#8221;left_to_right&#8221; shape_divider_position=&#8221;bottom&#8221; bg_image_animation=&#8221;none&#8221; gradient_type=&#8221;default&#8221; shape_type=&#8221;&#8221;][vc_column column_padding=&#8221;no-extra-padding&#8221; column_padding_tablet=&#8221;inherit&#8221; column_padding_phone=&#8221;inherit&#8221; column_padding_position=&#8221;all&#8221; column_element_spacing=&#8221;default&#8221; background_color_opacity=&#8221;1&#8243; background_hover_color_opacity=&#8221;1&#8243; column_shadow=&#8221;none&#8221; column_border_radius=&#8221;none&#8221; column_link_target=&#8221;_self&#8221; column_position=&#8221;default&#8221; gradient_direction=&#8221;left_to_right&#8221; overlay_strength=&#8221;0.3&#8243; width=&#8221;5\/6&#8243; tablet_width_inherit=&#8221;default&#8221; tablet_text_alignment=&#8221;default&#8221; phone_text_alignment=&#8221;default&#8221; animation_type=&#8221;default&#8221; bg_image_animation=&#8221;none&#8221; border_type=&#8221;simple&#8221; column_border_width=&#8221;none&#8221; column_border_style=&#8221;solid&#8221;][split_line_heading animation_type=&#8221;line-reveal-by-space&#8221; font_style=&#8221;h4&#8243; text_color=&#8221;#002f6c&#8221; line_reveal_by_space_text_effect=&#8221;default&#8221; content_alignment=&#8221;default&#8221; mobile_content_alignment=&#8221;inherit&#8221; link_target=&#8221;_self&#8221; text_content=&#8221;Kosova ka prioritet modernizimin dhe p\u00ebrmir\u00ebsimin e sektorit energjetik p\u00ebrmes zhvillimit t\u00eb potencialit t\u00eb saj t\u00eb energjis\u00eb s\u00eb rip\u00ebrt\u00ebritshme. Vendi po merr masa t\u00eb menj\u00ebhershme p\u00ebr t\u00eb promovuar zgjerimin e gjenerimit t\u00eb energjis\u00eb s\u00eb past\u00ebr t\u00eb rinovueshme p\u00ebrmes rritjes s\u00eb kapaciteteve solare\/FV dhe nga energia e er\u00ebs.&#8221;]\n<h2>We&#8217;re Salient, A Creative<\/h2>\n<h2>Startup Based\u00a0in Philly<\/h2>\n[\/split_line_heading][\/vc_column][vc_column column_padding=&#8221;no-extra-padding&#8221; column_padding_tablet=&#8221;inherit&#8221; column_padding_phone=&#8221;inherit&#8221; column_padding_position=&#8221;all&#8221; column_element_spacing=&#8221;default&#8221; background_color_opacity=&#8221;1&#8243; background_hover_color_opacity=&#8221;1&#8243; column_shadow=&#8221;none&#8221; column_border_radius=&#8221;none&#8221; column_link_target=&#8221;_self&#8221; column_position=&#8221;default&#8221; gradient_direction=&#8221;left_to_right&#8221; overlay_strength=&#8221;0.3&#8243; width=&#8221;1\/6&#8243; tablet_width_inherit=&#8221;default&#8221; tablet_text_alignment=&#8221;default&#8221; phone_text_alignment=&#8221;default&#8221; animation_type=&#8221;default&#8221; bg_image_animation=&#8221;none&#8221; border_type=&#8221;simple&#8221; column_border_width=&#8221;none&#8221; column_border_style=&#8221;solid&#8221;][\/vc_column][\/vc_row][vc_row type=&#8221;full_width_background&#8221; full_screen_row_position=&#8221;middle&#8221; column_margin=&#8221;default&#8221; equal_height=&#8221;yes&#8221; content_placement=&#8221;top&#8221; column_direction=&#8221;default&#8221; column_direction_tablet=&#8221;default&#8221; column_direction_phone=&#8221;default&#8221; bg_color=&#8221;#ffffff&#8221; scene_position=&#8221;center&#8221; right_padding_desktop=&#8221;12%&#8221; right_padding_phone=&#8221;0%&#8221; bottom_margin=&#8221;7%&#8221; top_margin_phone=&#8221;-5%&#8221; translate_y_phone=&#8221;-3%&#8221; text_color=&#8221;dark&#8221; text_align=&#8221;left&#8221; row_border_radius=&#8221;none&#8221; row_border_radius_applies=&#8221;bg&#8221; overflow=&#8221;visible&#8221; id=&#8221;built-by-riders&#8221; row_name=&#8221;Built By Riders&#8221; advanced_gradient_angle=&#8221;0&#8243; overlay_strength=&#8221;0.5&#8243; gradient_direction=&#8221;left_to_right&#8221; shape_divider_position=&#8221;bottom&#8221; bg_image_animation=&#8221;none&#8221; gradient_type=&#8221;default&#8221; shape_type=&#8221;&#8221;][vc_column column_padding=&#8221;no-extra-padding&#8221; column_padding_tablet=&#8221;inherit&#8221; column_padding_phone=&#8221;inherit&#8221; column_padding_position=&#8221;all&#8221; column_element_spacing=&#8221;default&#8221; background_color_opacity=&#8221;1&#8243; background_hover_color_opacity=&#8221;1&#8243; column_shadow=&#8221;none&#8221; column_border_radius=&#8221;none&#8221; column_link_target=&#8221;_self&#8221; column_position=&#8221;default&#8221; advanced_gradient_angle=&#8221;0&#8243; gradient_direction=&#8221;left_to_right&#8221; overlay_strength=&#8221;0.3&#8243; width=&#8221;1\/2&#8243; tablet_width_inherit=&#8221;default&#8221; tablet_text_alignment=&#8221;default&#8221; phone_text_alignment=&#8221;default&#8221; animation_type=&#8221;default&#8221; enable_animation=&#8221;true&#8221; animation=&#8221;fade-in&#8221; bg_image_animation=&#8221;fade-in&#8221; border_type=&#8221;simple&#8221; column_border_width=&#8221;none&#8221; column_border_style=&#8221;solid&#8221; gradient_type=&#8221;default&#8221;][vc_column_text]Zhvillimi i potencialit t\u00eb energjis\u00eb s\u00eb rip\u00ebrt\u00ebritshme i kombinuar me p\u00ebrmir\u00ebsimet n\u00eb efi\u00e7ienc\u00ebn e energjis\u00eb, si reagim efektiv ndaj k\u00ebrkes\u00ebs dhe rritja e bashk\u00ebpunimit nd\u00ebrkomb\u00ebtar do ta ndihmoj\u00eb Kosov\u00ebn t\u00eb arrij\u00eb nj\u00eb udh\u00ebrr\u00ebfyes t\u00eb energjis\u00eb m\u00eb t\u00eb past\u00ebr dhe ekonomikisht t\u00eb q\u00ebndruesh\u00ebm.<\/p>\n<p>Kosova mbetet e p\u00ebrkushtuar ndaj dekarbonizimit afatgjat\u00eb dhe gjenerimit t\u00eb ri t\u00eb energjis\u00eb q\u00eb ofron siguri t\u00eb furnizimit p\u00ebr Tranzicionin e Drejt\u00eb t\u00eb Energjis\u00eb.[\/vc_column_text][divider line_type=&#8221;No Line&#8221; custom_height=&#8221;40&#8243;][vc_row_inner column_margin=&#8221;none&#8221; column_direction=&#8221;default&#8221; column_direction_tablet=&#8221;default&#8221; column_direction_phone=&#8221;default&#8221; text_align=&#8221;left&#8221; row_position=&#8221;default&#8221; row_position_tablet=&#8221;inherit&#8221; row_position_phone=&#8221;inherit&#8221; overflow=&#8221;visible&#8221; pointer_events=&#8221;all&#8221;][vc_column_inner column_padding=&#8221;padding-6-percent&#8221; column_padding_tablet=&#8221;inherit&#8221; column_padding_phone=&#8221;inherit&#8221; column_padding_position=&#8221;all&#8221; column_element_spacing=&#8221;default&#8221; background_color=&#8221;#002f6c&#8221; background_color_opacity=&#8221;1&#8243; background_hover_color_opacity=&#8221;1&#8243; font_color=&#8221;#ffffff&#8221; column_shadow=&#8221;none&#8221; column_border_radius=&#8221;none&#8221; column_link_target=&#8221;_self&#8221; advanced_gradient_angle=&#8221;0&#8243; gradient_direction=&#8221;left_to_right&#8221; overlay_strength=&#8221;0.3&#8243; width=&#8221;1\/1&#8243; tablet_width_inherit=&#8221;default&#8221; animation_type=&#8221;default&#8221; bg_image_animation=&#8221;none&#8221; border_type=&#8221;simple&#8221; column_border_width=&#8221;none&#8221; column_border_style=&#8221;solid&#8221; gradient_type=&#8221;default&#8221;][vc_column_text]<strong>Pes\u00eb arsyet kryesore p\u00ebr t\u00eb investuar n\u00eb projektet e BRE-ve n\u00eb Kosov\u00eb<\/strong><\/p>\n<ol>\n<li>Zhvillimi i energjis\u00eb s\u00eb rip\u00ebrt\u00ebritshme \u00ebsht\u00eb nj\u00eb prioritet i qeveris\u00eb<\/li>\n<li>Objektivi p\u00ebr t\u00eb zhvilluar 1300 MW kapacitete t\u00eb reja t\u00eb energjis\u00eb s\u00eb rip\u00ebrt\u00ebritshme deri n\u00eb vitin 2031<\/li>\n<li>Angazhimi p\u00ebr t\u00eb ofruar 35% t\u00eb konsumit t\u00eb energjis\u00eb elektrike nga burimet e rip\u00ebrt\u00ebritshme deri n\u00eb vitin 2031<\/li>\n<li>Ligji i ri, bashk\u00ebkohor p\u00ebr Burimet e Rip\u00ebrt\u00ebrtishme t\u00eb Energjis\u00eb leht\u00ebson investimet<\/li>\n<li>P\u00ebrkushtimi p\u00ebr p\u00ebrmbushjen e detyrimeve t\u00eb BE-s\u00eb p\u00ebr dekarbonizimin<\/li>\n<\/ol>\n[\/vc_column_text][\/vc_column_inner][\/vc_row_inner][\/vc_column][vc_column column_padding=&#8221;no-extra-padding&#8221; column_padding_tablet=&#8221;inherit&#8221; column_padding_phone=&#8221;inherit&#8221; column_padding_position=&#8221;all&#8221; translate_y=&#8221;-25&#8243; column_element_spacing=&#8221;default&#8221; background_color_opacity=&#8221;1&#8243; background_hover_color_opacity=&#8221;1&#8243; column_shadow=&#8221;none&#8221; column_border_radius=&#8221;none&#8221; column_link_target=&#8221;_self&#8221; column_position=&#8221;default&#8221; advanced_gradient_angle=&#8221;0&#8243; gradient_direction=&#8221;left_to_right&#8221; overlay_strength=&#8221;0.3&#8243; width=&#8221;1\/2&#8243; tablet_width_inherit=&#8221;default&#8221; tablet_text_alignment=&#8221;default&#8221; phone_text_alignment=&#8221;default&#8221; animation_type=&#8221;default&#8221; bg_image_animation=&#8221;fade-in&#8221; border_type=&#8221;simple&#8221; column_border_width=&#8221;none&#8221; column_border_style=&#8221;solid&#8221; gradient_type=&#8221;default&#8221;][nectar_cascading_images image_1_bg_color=&#8221;#01ca83&#8243; image_1_offset_x_sign=&#8221;+&#8221; image_1_offset_x=&#8221;0%&#8221; image_1_offset_y_sign=&#8221;+&#8221; image_1_offset_y=&#8221;0%&#8221; image_1_rotate_sign=&#8221;+&#8221; image_1_rotate=&#8221;none&#8221; image_1_scale=&#8221;1&#8243; image_1_animation=&#8221;Grow In&#8221; image_1_padding=&#8221;auto&#8221; image_1_box_shadow=&#8221;none&#8221; image_1_max_width_desktop=&#8221;100%&#8221; image_1_max_width_mobile=&#8221;100%&#8221; image_1_image_width_mobile=&#8221;default&#8221; image_2_offset_x_sign=&#8221;+&#8221; image_2_offset_x=&#8221;30%&#8221; image_2_offset_y_sign=&#8221;+&#8221; image_2_offset_y=&#8221;30%&#8221; image_2_rotate_sign=&#8221;+&#8221; image_2_rotate=&#8221;none&#8221; image_2_scale=&#8221;1&#8243; image_2_animation=&#8221;Grow In&#8221; image_2_padding=&#8221;auto&#8221; image_2_box_shadow=&#8221;none&#8221; image_2_max_width_desktop=&#8221;100%&#8221; image_2_max_width_mobile=&#8221;100%&#8221; image_2_image_width_mobile=&#8221;default&#8221; image_3_url=&#8221;6991&#8243; image_3_offset_x_sign=&#8221;-&#8221; image_3_offset_x=&#8221;15%&#8221; image_3_offset_y_sign=&#8221;-&#8221; image_3_offset_y=&#8221;25%&#8221; image_3_rotate_sign=&#8221;+&#8221; image_3_rotate=&#8221;none&#8221; image_3_scale=&#8221;1&#8243; image_3_animation=&#8221;Grow In&#8221; image_3_padding=&#8221;auto&#8221; image_3_box_shadow=&#8221;x_large_depth&#8221; image_3_max_width_desktop=&#8221;100%&#8221; image_3_max_width_mobile=&#8221;100%&#8221; image_3_image_width_mobile=&#8221;default&#8221; image_4_offset_x_sign=&#8221;+&#8221; image_4_offset_x=&#8221;0%&#8221; image_4_offset_y_sign=&#8221;+&#8221; image_4_offset_y=&#8221;0%&#8221; image_4_rotate_sign=&#8221;+&#8221; image_4_rotate=&#8221;none&#8221; image_4_scale=&#8221;1&#8243; image_4_animation=&#8221;Fade In&#8221; image_4_padding=&#8221;auto&#8221; image_4_box_shadow=&#8221;none&#8221; image_4_max_width_desktop=&#8221;100%&#8221; image_4_max_width_mobile=&#8221;100%&#8221; image_4_image_width_mobile=&#8221;default&#8221; element_sizing=&#8221;default&#8221; image_loading=&#8221;default&#8221; border_radius=&#8221;none&#8221; overflow=&#8221;visible&#8221;][\/vc_column][\/vc_row]\n","protected":false},"excerpt":{"rendered":"<p>[vc_row type=&#8221;full_width_background&#8221; full_screen_row_position=&#8221;middle&#8221; column_margin=&#8221;default&#8221; column_direction=&#8221;default&#8221; column_direction_tablet=&#8221;default&#8221; column_direction_phone=&#8221;default&#8221; bg_color=&#8221;#ffffff&#8221; bg_image=&#8221;6270&#8243; bg_position=&#8221;center center&#8221; background_image_loading=&#8221;default&#8221; bg_repeat=&#8221;no-repeat&#8221; scene_position=&#8221;center&#8221; top_padding=&#8221;4%&#8221;&#8230;<\/p>\n","protected":false},"author":1,"featured_media":0,"parent":0,"menu_order":0,"comment_status":"closed","ping_status":"closed","template":"","meta":{"inline_featured_image":false,"passster_activate_protection":false,"passster_protect_child_pages":"","passster_protection_type":"password","passster_password":"","passster_activate_overwrite_defaults":"","passster_headline":"","passster_instruction":"","passster_placeholder":"","passster_button":"","passster_id":"","passster_activate_misc_settings":"","passster_redirect_url":"","passster_hide":"no","passster_area_shortcode":"","footnotes":""},"class_list":["post-9515","page","type-page","status-publish"],"_links":{"self":[{"href":"https:\/\/reskosovo.rks-gov.net\/sq\/wp-json\/wp\/v2\/pages\/9515","targetHints":{"allow":["GET"]}}],"collection":[{"href":"https:\/\/reskosovo.rks-gov.net\/sq\/wp-json\/wp\/v2\/pages"}],"about":[{"href":"https:\/\/reskosovo.rks-gov.net\/sq\/wp-json\/wp\/v2\/types\/page"}],"author":[{"embeddable":true,"href":"https:\/\/reskosovo.rks-gov.net\/sq\/wp-json\/wp\/v2\/users\/1"}],"replies":[{"embeddable":true,"href":"https:\/\/reskosovo.rks-gov.net\/sq\/wp-json\/wp\/v2\/comments?post=9515"}],"version-history":[{"count":4,"href":"https:\/\/reskosovo.rks-gov.net\/sq\/wp-json\/wp\/v2\/pages\/9515\/revisions"}],"predecessor-version":[{"id":9707,"href":"https:\/\/reskosovo.rks-gov.net\/sq\/wp-json\/wp\/v2\/pages\/9515\/revisions\/9707"}],"wp:attachment":[{"href":"https:\/\/reskosovo.rks-gov.net\/sq\/wp-json\/wp\/v2\/media?parent=9515"}],"curies":[{"name":"wp","href":"https:\/\/api.w.org\/{rel}","templated":true}]}}