{"id":11784,"date":"2024-11-25T14:15:24","date_gmt":"2024-11-25T13:15:24","guid":{"rendered":"https:\/\/reskosovo.rks-gov.net\/?page_id=11784"},"modified":"2025-12-22T14:25:27","modified_gmt":"2025-12-22T13:25:27","slug":"100-novih-aukcija-vetra","status":"publish","type":"page","link":"https:\/\/reskosovo.rks-gov.net\/sr\/100-novih-aukcija-vetra\/","title":{"rendered":"100 novih aukcija vetra"},"content":{"rendered":"[vc_row type=&#8220;full_width_background&#8220; full_screen_row_position=&#8220;middle&#8220; column_margin=&#8220;none&#8220; equal_height=&#8220;yes&#8220; column_direction=&#8220;default&#8220; column_direction_tablet=&#8220;default&#8220; column_direction_phone=&#8220;default&#8220; bg_color=&#8220;#1e73be&#8220; bg_image=&#8220;10819&#8243; bg_position=&#8220;center center&#8220; background_image_loading=&#8220;default&#8220; bg_repeat=&#8220;no-repeat&#8220; scene_position=&#8220;center&#8220; bottom_padding=&#8220;0&#8243; text_color=&#8220;dark&#8220; text_align=&#8220;left&#8220; row_border_radius=&#8220;none&#8220; row_border_radius_applies=&#8220;bg&#8220; overflow=&#8220;visible&#8220; enable_gradient=&#8220;true&#8220; color_overlay=&#8220;#1e73be&#8220; color_overlay_2=&#8220;rgba(221,153,51,0.5)&#8220; advanced_gradient_angle=&#8220;0&#8243; overlay_strength=&#8220;0.95&#8243; gradient_direction=&#8220;left_to_right&#8220; shape_divider_position=&#8220;bottom&#8220; bg_image_animation=&#8220;none&#8220; gradient_type=&#8220;default&#8220; shape_type=&#8220;&#8220;][vc_column column_padding=&#8220;padding-2-percent&#8220; column_padding_tablet=&#8220;inherit&#8220; column_padding_phone=&#8220;inherit&#8220; column_padding_position=&#8220;all&#8220; column_element_direction_desktop=&#8220;default&#8220; column_element_spacing=&#8220;default&#8220; desktop_text_alignment=&#8220;default&#8220; tablet_text_alignment=&#8220;default&#8220; phone_text_alignment=&#8220;default&#8220; background_color_opacity=&#8220;1&#8243; background_hover_color_opacity=&#8220;1&#8243; column_backdrop_filter=&#8220;none&#8220; column_shadow=&#8220;none&#8220; column_border_radius=&#8220;none&#8220; column_link_target=&#8220;_self&#8220; column_position=&#8220;default&#8220; advanced_gradient_angle=&#8220;0&#8243; gradient_direction=&#8220;left_to_right&#8220; overlay_strength=&#8220;0.3&#8243; width=&#8220;2\/3&#8243; tablet_width_inherit=&#8220;default&#8220; animation_type=&#8220;default&#8220; bg_image_animation=&#8220;none&#8220; border_type=&#8220;simple&#8220; column_border_width=&#8220;none&#8220; column_border_style=&#8220;solid&#8220; gradient_type=&#8220;default&#8220;][vc_column_text css=&#8220;.vc_custom_1735205896987{padding-top: 0px !important;padding-right: 0px !important;padding-bottom: 0px !important;padding-left: 0px !important;}&#8220;]\n<h2 style=\"text-align: left;\"><span style=\"color: #ffffff;\"><strong><br \/>\nAUKCIJA ZA VETROELEKTRANE OD 100 MW<br \/>\n<\/strong><\/span><\/h2>\n<p style=\"text-align: left;\"><span style=\"color: #ffffff;\">Nakon uspe\u0161nog zavr\u0161etka prve na Kosovu konkurentne solarne aukcije od 100 megavata (MW), Ministarstvo ekonomije \u0107e pokrenuti prvu konkurentnu aukciju za vetroelektrane u zemlji za ukupni kapacitet od 100 MW. Ova aukcija \u0107e dovesti do dodele Ugovora o podr\u0161ci sa zagarantovanom cenom za 100 MW proizvedenih iz energije vetra. Ova aukcija za vetroelektrane ozna\u010dava zna\u010dajan korak napred ka pove\u0107anju udela obnovljive energije u energetskom miksu Kosova, promovisanju odr\u017eivosti i smanjenju oslanjanja na neobnovljive izvore energije.<\/span><\/p>\n[\/vc_column_text][vc_row_inner column_margin=&#8220;default&#8220; column_direction=&#8220;default&#8220; column_direction_tablet=&#8220;default&#8220; column_direction_phone=&#8220;default&#8220; text_align=&#8220;left&#8220; row_position=&#8220;default&#8220; row_position_tablet=&#8220;inherit&#8220; row_position_phone=&#8220;inherit&#8220; overflow=&#8220;visible&#8220; pointer_events=&#8220;all&#8220; css=&#8220;.vc_custom_1733936200338{padding-top: 40px !important;}&#8220;][vc_column_inner column_padding=&#8220;no-extra-padding&#8220; column_padding_tablet=&#8220;inherit&#8220; column_padding_phone=&#8220;inherit&#8220; column_padding_position=&#8220;all&#8220; top_margin=&#8220;0&#8243; column_element_direction_desktop=&#8220;default&#8220; column_element_spacing=&#8220;40px&#8220; desktop_text_alignment=&#8220;default&#8220; tablet_text_alignment=&#8220;default&#8220; phone_text_alignment=&#8220;default&#8220; background_color_opacity=&#8220;1&#8243; background_hover_color_opacity=&#8220;1&#8243; column_backdrop_filter=&#8220;none&#8220; column_shadow=&#8220;none&#8220; column_border_radius=&#8220;none&#8220; column_link_target=&#8220;_self&#8220; overflow=&#8220;visible&#8220; advanced_gradient_angle=&#8220;0&#8243; gradient_direction=&#8220;left_to_right&#8220; overlay_strength=&#8220;0.3&#8243; width=&#8220;1\/3&#8243; tablet_width_inherit=&#8220;default&#8220; animation_type=&#8220;default&#8220; bg_image_animation=&#8220;none&#8220; border_type=&#8220;simple&#8220; column_border_width=&#8220;none&#8220; column_border_style=&#8220;solid&#8220; gradient_type=&#8220;default&#8220;][nectar_cta btn_style=&#8220;see-through&#8220; heading_tag=&#8220;h5&#8243; button_color=&#8220;white&#8220; text_color=&#8220;#dd9933&#8243; button_border_thickness=&#8220;0px&#8220; link_type=&#8220;new_tab&#8220; alignment=&#8220;left&#8220; alignment_tablet=&#8220;default&#8220; alignment_phone=&#8220;default&#8220; display=&#8220;inline&#8220; display_tablet=&#8220;inherit&#8220; display_phone=&#8220;inherit&#8220; font_size_desktop=&#8220;14&#8243; padding_top=&#8220;15&#8243; padding_bottom=&#8220;15&#8243; padding_left=&#8220;25&#8243; padding_right=&#8220;25&#8243; margin_left=&#8220;-10&#8243; link_text=&#8220;Virtualna baza podataka&#8220; url=&#8220;https:\/\/reskosovo.rks-gov.net\/sr\/vdr-rfp\/&#8220;][divider line_type=&#8220;No Line&#8220;][\/vc_column_inner][vc_column_inner column_padding=&#8220;no-extra-padding&#8220; column_padding_tablet=&#8220;inherit&#8220; column_padding_phone=&#8220;inherit&#8220; column_padding_position=&#8220;all&#8220; top_margin=&#8220;0&#8243; column_element_direction_desktop=&#8220;default&#8220; column_element_spacing=&#8220;default&#8220; desktop_text_alignment=&#8220;default&#8220; tablet_text_alignment=&#8220;default&#8220; phone_text_alignment=&#8220;default&#8220; background_color_opacity=&#8220;1&#8243; background_hover_color_opacity=&#8220;1&#8243; column_backdrop_filter=&#8220;none&#8220; column_shadow=&#8220;none&#8220; column_border_radius=&#8220;none&#8220; column_link_target=&#8220;_self&#8220; overflow=&#8220;visible&#8220; advanced_gradient_angle=&#8220;0&#8243; gradient_direction=&#8220;left_to_right&#8220; overlay_strength=&#8220;0.3&#8243; width=&#8220;1\/3&#8243; tablet_width_inherit=&#8220;default&#8220; animation_type=&#8220;default&#8220; bg_image_animation=&#8220;none&#8220; border_type=&#8220;simple&#8220; column_border_width=&#8220;none&#8220; column_border_style=&#8220;solid&#8220; gradient_type=&#8220;default&#8220;][\/vc_column_inner][vc_column_inner column_padding=&#8220;no-extra-padding&#8220; column_padding_tablet=&#8220;inherit&#8220; column_padding_phone=&#8220;inherit&#8220; column_padding_position=&#8220;all&#8220; column_element_direction_desktop=&#8220;default&#8220; column_element_spacing=&#8220;default&#8220; desktop_text_alignment=&#8220;default&#8220; tablet_text_alignment=&#8220;default&#8220; phone_text_alignment=&#8220;default&#8220; background_color_opacity=&#8220;1&#8243; background_hover_color_opacity=&#8220;1&#8243; column_backdrop_filter=&#8220;none&#8220; column_shadow=&#8220;none&#8220; column_border_radius=&#8220;none&#8220; column_link_target=&#8220;_self&#8220; overflow=&#8220;visible&#8220; gradient_direction=&#8220;left_to_right&#8220; overlay_strength=&#8220;0.3&#8243; width=&#8220;1\/3&#8243; tablet_width_inherit=&#8220;default&#8220; animation_type=&#8220;default&#8220; bg_image_animation=&#8220;none&#8220; border_type=&#8220;simple&#8220; column_border_width=&#8220;none&#8220; column_border_style=&#8220;solid&#8220;][\/vc_column_inner][\/vc_row_inner][\/vc_column][vc_column column_padding=&#8220;no-extra-padding&#8220; column_padding_tablet=&#8220;inherit&#8220; column_padding_phone=&#8220;inherit&#8220; column_padding_position=&#8220;all&#8220; top_margin=&#8220;70&#8243; column_element_direction_desktop=&#8220;default&#8220; column_element_spacing=&#8220;default&#8220; desktop_text_alignment=&#8220;default&#8220; tablet_text_alignment=&#8220;default&#8220; phone_text_alignment=&#8220;default&#8220; background_color_opacity=&#8220;1&#8243; background_hover_color_opacity=&#8220;1&#8243; column_backdrop_filter=&#8220;none&#8220; column_shadow=&#8220;none&#8220; column_border_radius=&#8220;none&#8220; column_link_target=&#8220;_self&#8220; column_position=&#8220;default&#8220; advanced_gradient_angle=&#8220;0&#8243; gradient_direction=&#8220;left_to_right&#8220; overlay_strength=&#8220;0.3&#8243; width=&#8220;1\/3&#8243; tablet_width_inherit=&#8220;default&#8220; animation_type=&#8220;default&#8220; bg_image_animation=&#8220;none&#8220; border_type=&#8220;simple&#8220; column_border_width=&#8220;none&#8220; column_border_style=&#8220;solid&#8220; gradient_type=&#8220;default&#8220;][nectar_video_player_self_hosted video_webm=&#8220;https:\/\/reskosovo.rks-gov.net\/wp-content\/uploads\/2024\/12\/100MW-WIND-1.mov&#8220; video_image=&#8220;11795&#8243; el_width=&#8220;80&#8243; align=&#8220;right&#8220; player_functionality=&#8220;default&#8220; border_radius=&#8220;none&#8220; box_shadow=&#8220;none&#8220; advanced_gradient_angle=&#8220;0&#8243; advanced_gradient_display_type=&#8220;linear&#8220;][\/vc_column][\/vc_row][vc_row type=&#8220;full_width_background&#8220; full_screen_row_position=&#8220;middle&#8220; column_margin=&#8220;default&#8220; column_direction=&#8220;default&#8220; column_direction_tablet=&#8220;default&#8220; column_direction_phone=&#8220;default&#8220; bg_color=&#8220;#002f6c&#8220; scene_position=&#8220;center&#8220; top_padding=&#8220;4&#8243; bottom_padding=&#8220;0&#8243; top_margin=&#8220;2&#8243; bottom_margin=&#8220;0&#8243; translate_y=&#8220;1&#8243; text_color=&#8220;dark&#8220; text_align=&#8220;left&#8220; row_border_radius=&#8220;none&#8220; row_border_radius_applies=&#8220;bg&#8220; overflow=&#8220;visible&#8220; advanced_gradient_angle=&#8220;0&#8243; overlay_strength=&#8220;0.3&#8243; gradient_direction=&#8220;left_to_right&#8220; shape_divider_position=&#8220;bottom&#8220; bg_image_animation=&#8220;none&#8220; gradient_type=&#8220;default&#8220; shape_type=&#8220;&#8220;][vc_column column_padding=&#8220;no-extra-padding&#8220; column_padding_tablet=&#8220;inherit&#8220; column_padding_phone=&#8220;inherit&#8220; column_padding_position=&#8220;all&#8220; column_element_direction_desktop=&#8220;default&#8220; column_element_spacing=&#8220;default&#8220; desktop_text_alignment=&#8220;default&#8220; tablet_text_alignment=&#8220;default&#8220; phone_text_alignment=&#8220;default&#8220; background_color_opacity=&#8220;1&#8243; background_hover_color_opacity=&#8220;1&#8243; column_backdrop_filter=&#8220;none&#8220; column_shadow=&#8220;none&#8220; column_border_radius=&#8220;none&#8220; column_link_target=&#8220;_self&#8220; column_position=&#8220;default&#8220; gradient_direction=&#8220;left_to_right&#8220; overlay_strength=&#8220;0.3&#8243; width=&#8220;1\/2&#8243; tablet_width_inherit=&#8220;default&#8220; animation_type=&#8220;default&#8220; bg_image_animation=&#8220;none&#8220; border_type=&#8220;simple&#8220; column_border_width=&#8220;none&#8220; column_border_style=&#8220;solid&#8220;][divider line_type=&#8220;No Line&#8220;][nectar_text_inline_images media_type=&#8220;images&#8220; image_size=&#8220;medium&#8220; image_effect=&#8220;none&#8220; media_roundness=&#8220;0px&#8220; image_loading=&#8220;default&#8220;]<span style=\"color: #ffffff;\"><b>DIZAJN TEDERA:<\/b><\/span>[\/nectar_text_inline_images]<div class=\"nectar-fancy-ul\" data-list-icon=\"fa fa-arrow-circle-right\" data-animation=\"false\" data-animation-delay=\"0\" data-color=\"extra-color-3\" data-spacing=\"default\" data-alignment=\"left\"> <span style=\"color: #ffffff;\">Aukcija \u0107e se odvijati u dve faze.<\/span><\/p>\n<ul>\n<li><span style=\"color: #ffffff;\">&nbsp;Zahtev za kvalifikaciju (RFQ): RFQ je objavljen u decembru 2024. i zatvoren u martu 2025. Na osnovu odluke Komisije za evaluaciju, tri ponu\u0111a\u010da su pokazala da ispunjavaju uslove RFQ-a i da su kvalifikovana za drugu fazu.<\/span><\/li>\n<li><span style=\"color: #ffffff;\">Zahtev za dostavljanje ponuda (RFP): RFP je objavljen u decembru 2025. i bic\u0301e otvoren do maja 2026. Kvalifikovani ponu\u0111a\u010di c\u0301e morati da dostave detaljne predloge za svoje projekte energije vetra.<\/span><\/li>\n<\/ul>\n<p><span style=\"color: #333333;\"><strong>&nbsp;<\/strong><\/span> <\/div>[\/vc_column][vc_column column_padding=&#8220;no-extra-padding&#8220; column_padding_tablet=&#8220;inherit&#8220; column_padding_phone=&#8220;inherit&#8220; column_padding_position=&#8220;all&#8220; top_margin=&#8220;60&#8243; column_element_direction_desktop=&#8220;default&#8220; column_element_spacing=&#8220;default&#8220; desktop_text_alignment=&#8220;default&#8220; tablet_text_alignment=&#8220;default&#8220; phone_text_alignment=&#8220;default&#8220; background_color_opacity=&#8220;1&#8243; background_hover_color_opacity=&#8220;1&#8243; column_backdrop_filter=&#8220;none&#8220; column_shadow=&#8220;none&#8220; column_border_radius=&#8220;none&#8220; column_link_target=&#8220;_self&#8220; column_position=&#8220;default&#8220; advanced_gradient_angle=&#8220;0&#8243; gradient_direction=&#8220;left_to_right&#8220; overlay_strength=&#8220;0.3&#8243; width=&#8220;1\/2&#8243; tablet_width_inherit=&#8220;default&#8220; animation_type=&#8220;default&#8220; bg_image_animation=&#8220;none&#8220; border_type=&#8220;simple&#8220; column_border_width=&#8220;none&#8220; column_border_style=&#8220;solid&#8220; gradient_type=&#8220;default&#8220;][image_with_animation image_url=&#8220;11715&#8243; image_size=&#8220;medium&#8220; max_width=&#8220;100%&#8220; max_width_mobile=&#8220;default&#8220; animation_type=&#8220;entrance&#8220; animation=&#8220;Fade In&#8220; animation_easing=&#8220;default&#8220; animation_movement_type=&#8220;transform_y&#8220; hover_animation=&#8220;none&#8220; alignment=&#8220;center&#8220; border_radius=&#8220;none&#8220; box_shadow=&#8220;none&#8220; image_loading=&#8220;default&#8220; top_position_desktop=&#8220;0&#8243; bottom_position_desktop=&#8220;0&#8243;][vc_custom_heading text=&#8220;SKINI BRO\u0160URU&#8220; font_container=&#8220;tag:h6|font_size:14|text_align:center|color:%23ffffff&#8220; use_theme_fonts=&#8220;yes&#8220; css=&#8220;.vc_custom_1735206056098{padding-top: 0px !important;padding-left: 20px !important;}&#8220; link=&#8220;url:https%3A%2F%2Freskosovo.rks-gov.net%2Fwp-content%2Fuploads%2F2024%2F12%2FbROSHURA-FINAL.pdf|target:_blank|&#8220;][divider line_type=&#8220;No Line&#8220;][\/vc_column][\/vc_row][vc_row type=&#8220;full_width_background&#8220; full_screen_row_position=&#8220;middle&#8220; column_margin=&#8220;default&#8220; column_direction=&#8220;default&#8220; column_direction_tablet=&#8220;default&#8220; column_direction_phone=&#8220;default&#8220; bg_color=&#8220;#ffffff&#8220; scene_position=&#8220;center&#8220; top_padding=&#8220;4&#8243; bottom_padding=&#8220;0&#8243; top_margin=&#8220;2&#8243; bottom_margin=&#8220;0&#8243; translate_y=&#8220;1&#8243; text_color=&#8220;dark&#8220; text_align=&#8220;left&#8220; row_border_radius=&#8220;none&#8220; row_border_radius_applies=&#8220;bg&#8220; overflow=&#8220;visible&#8220; advanced_gradient_angle=&#8220;0&#8243; overlay_strength=&#8220;0.3&#8243; gradient_direction=&#8220;left_to_right&#8220; shape_divider_position=&#8220;bottom&#8220; bg_image_animation=&#8220;none&#8220; gradient_type=&#8220;default&#8220; shape_type=&#8220;&#8220;][vc_column column_padding=&#8220;no-extra-padding&#8220; column_padding_tablet=&#8220;inherit&#8220; column_padding_phone=&#8220;inherit&#8220; column_padding_position=&#8220;all&#8220; column_element_direction_desktop=&#8220;default&#8220; column_element_spacing=&#8220;default&#8220; desktop_text_alignment=&#8220;default&#8220; tablet_text_alignment=&#8220;default&#8220; phone_text_alignment=&#8220;default&#8220; background_color_opacity=&#8220;1&#8243; background_hover_color_opacity=&#8220;1&#8243; column_backdrop_filter=&#8220;none&#8220; column_shadow=&#8220;none&#8220; column_border_radius=&#8220;none&#8220; column_link_target=&#8220;_self&#8220; column_position=&#8220;default&#8220; gradient_direction=&#8220;left_to_right&#8220; overlay_strength=&#8220;0.3&#8243; width=&#8220;1\/2&#8243; tablet_width_inherit=&#8220;default&#8220; animation_type=&#8220;default&#8220; bg_image_animation=&#8220;none&#8220; border_type=&#8220;simple&#8220; column_border_width=&#8220;none&#8220; column_border_style=&#8220;solid&#8220;][nectar_text_inline_images media_type=&#8220;images&#8220; image_size=&#8220;medium&#8220; image_effect=&#8220;none&#8220; media_roundness=&#8220;0px&#8220; text_color=&#8220;#000000&#8243; image_loading=&#8220;default&#8220;]<strong>UGOVOR O KUPOVINI ENERGIJE:<\/strong>[\/nectar_text_inline_images]<div class=\"nectar-fancy-ul\" data-list-icon=\"fa fa-arrow-circle-right\" data-animation=\"false\" data-animation-delay=\"0\" data-color=\"extra-color-3\" data-spacing=\"default\" data-alignment=\"left\"> \n<ul>\n<li>Uspe\u0161ni ponu\u0111a\u010d \u0107e dobiti Ugovor o kupovini energije (PPA).<\/li>\n<li>Ovaj ugovor garantuje cenu za svaki megavat-sat (MWh) elektri\u010dne energije proizvedene u njihovoj vetroelektrani.<\/li>\n<li>Garantovana cena \u0107e biti najni\u017ea cena prihva\u0107ena tokom procesa nadmetanja.<\/li>\n<li>Trajanje PPA \u0107e biti navedeno u tenderskoj dokumentaciji i traja\u0107e najmanje 15 godina.<\/li>\n<\/ul>\n <\/div>[\/vc_column][vc_column column_padding=&#8220;no-extra-padding&#8220; column_padding_tablet=&#8220;inherit&#8220; column_padding_phone=&#8220;inherit&#8220; column_padding_position=&#8220;all&#8220; column_element_direction_desktop=&#8220;default&#8220; column_element_spacing=&#8220;default&#8220; desktop_text_alignment=&#8220;default&#8220; tablet_text_alignment=&#8220;default&#8220; phone_text_alignment=&#8220;default&#8220; background_color_opacity=&#8220;1&#8243; background_hover_color_opacity=&#8220;1&#8243; column_backdrop_filter=&#8220;none&#8220; column_shadow=&#8220;none&#8220; column_border_radius=&#8220;none&#8220; column_link_target=&#8220;_self&#8220; column_position=&#8220;default&#8220; gradient_direction=&#8220;left_to_right&#8220; overlay_strength=&#8220;0.3&#8243; width=&#8220;1\/2&#8243; tablet_width_inherit=&#8220;default&#8220; animation_type=&#8220;default&#8220; bg_image_animation=&#8220;none&#8220; border_type=&#8220;simple&#8220; column_border_width=&#8220;none&#8220; column_border_style=&#8220;solid&#8220;][nectar_text_inline_images media_type=&#8220;images&#8220; image_size=&#8220;medium&#8220; image_effect=&#8220;none&#8220; media_roundness=&#8220;0px&#8220; text_color=&#8220;#000000&#8243; image_loading=&#8220;default&#8220;]<strong>USLOVI KOJE MORAJU ISPUNJAVATI PONU\u0110A\u010cI:<\/strong>[\/nectar_text_inline_images]<div class=\"nectar-fancy-ul\" data-list-icon=\"fa fa-arrow-circle-right\" data-animation=\"false\" data-animation-delay=\"0\" data-color=\"extra-color-3\" data-spacing=\"default\" data-alignment=\"left\"> \n<ul>\n<li>Ponu\u0111a\u010di moraju dostaviti dokaz o svom iskustvu u izgradnji projekata energije vetra uporedivog kapaciteta.<\/li>\n<li>Ponu\u0111a\u010di moraju pokazati svoju sposobnost da sprovedu investiciju u navedenom roku. Ovo uklju\u010duje pru\u017eanje dokaza o razvoju projekta, izgradnji i radu sli\u010dnih postrojenja.<\/li>\n<\/ul>\n <\/div>[\/vc_column][\/vc_row][vc_row type=&#8220;in_container&#8220; full_screen_row_position=&#8220;middle&#8220; column_margin=&#8220;default&#8220; column_direction=&#8220;default&#8220; column_direction_tablet=&#8220;default&#8220; column_direction_phone=&#8220;default&#8220; scene_position=&#8220;center&#8220; text_color=&#8220;dark&#8220; text_align=&#8220;left&#8220; row_border_radius=&#8220;none&#8220; row_border_radius_applies=&#8220;bg&#8220; overflow=&#8220;visible&#8220; overlay_strength=&#8220;0.3&#8243; gradient_direction=&#8220;left_to_right&#8220; shape_divider_position=&#8220;bottom&#8220; bg_image_animation=&#8220;none&#8220;][vc_column column_padding=&#8220;no-extra-padding&#8220; column_padding_tablet=&#8220;inherit&#8220; column_padding_phone=&#8220;inherit&#8220; column_padding_position=&#8220;all&#8220; column_element_direction_desktop=&#8220;default&#8220; column_element_spacing=&#8220;default&#8220; desktop_text_alignment=&#8220;default&#8220; tablet_text_alignment=&#8220;default&#8220; phone_text_alignment=&#8220;default&#8220; background_color=&#8220;#dd9933&#8243; background_color_opacity=&#8220;1&#8243; background_hover_color_opacity=&#8220;1&#8243; column_backdrop_filter=&#8220;none&#8220; column_shadow=&#8220;none&#8220; column_border_radius=&#8220;none&#8220; column_link_target=&#8220;_self&#8220; column_position=&#8220;default&#8220; advanced_gradient_angle=&#8220;0&#8243; gradient_direction=&#8220;left_to_right&#8220; overlay_strength=&#8220;0.3&#8243; width=&#8220;1\/1&#8243; tablet_width_inherit=&#8220;default&#8220; animation_type=&#8220;default&#8220; bg_image_animation=&#8220;none&#8220; border_type=&#8220;simple&#8220; column_border_width=&#8220;none&#8220; column_border_style=&#8220;solid&#8220; gradient_type=&#8220;default&#8220;][divider line_type=&#8220;No Line&#8220;][vc_custom_heading text=&#8220;Ovaj pristup \u0107e osigurati otvoren, po\u0161ten i transparentan proces. Uspe\u0161an ponu\u0111a\u010d za projekat vetroelektrane \u0107e biti onaj koji ponudi najni\u017eu garantovanu cenu za otkup elektri\u010dne energije proizvedene u skladu sa relevantnim podzakonskim aktima i kriterijumima za nadmetanje.&#8220; font_container=&#8220;tag:h6|text_align:left|color:%23ffffff&#8220; use_theme_fonts=&#8220;yes&#8220; css=&#8220;.vc_custom_1735206169237{border-left-width: 0px !important;padding-left: 35px !important;}&#8220;][divider line_type=&#8220;No Line&#8220;][\/vc_column][\/vc_row]\n","protected":false},"excerpt":{"rendered":"<p>[vc_row type=&#8220;full_width_background&#8220; full_screen_row_position=&#8220;middle&#8220; column_margin=&#8220;none&#8220; equal_height=&#8220;yes&#8220; column_direction=&#8220;default&#8220; column_direction_tablet=&#8220;default&#8220; column_direction_phone=&#8220;default&#8220; bg_color=&#8220;#1e73be&#8220; bg_image=&#8220;10819&#8243; bg_position=&#8220;center center&#8220; background_image_loading=&#8220;default&#8220; bg_repeat=&#8220;no-repeat&#8220; scene_position=&#8220;center&#8220;&#8230;<\/p>\n","protected":false},"author":3,"featured_media":0,"parent":0,"menu_order":0,"comment_status":"closed","ping_status":"closed","template":"","meta":{"inline_featured_image":false,"passster_activate_protection":false,"passster_protect_child_pages":"","passster_protection_type":"password","passster_password":"","passster_activate_overwrite_defaults":"","passster_headline":"","passster_instruction":"","passster_placeholder":"","passster_button":"","passster_id":"","passster_activate_misc_settings":"","passster_redirect_url":"","passster_hide":"no","passster_area_shortcode":"","footnotes":""},"class_list":["post-11784","page","type-page","status-publish"],"_links":{"self":[{"href":"https:\/\/reskosovo.rks-gov.net\/sr\/wp-json\/wp\/v2\/pages\/11784","targetHints":{"allow":["GET"]}}],"collection":[{"href":"https:\/\/reskosovo.rks-gov.net\/sr\/wp-json\/wp\/v2\/pages"}],"about":[{"href":"https:\/\/reskosovo.rks-gov.net\/sr\/wp-json\/wp\/v2\/types\/page"}],"author":[{"embeddable":true,"href":"https:\/\/reskosovo.rks-gov.net\/sr\/wp-json\/wp\/v2\/users\/3"}],"replies":[{"embeddable":true,"href":"https:\/\/reskosovo.rks-gov.net\/sr\/wp-json\/wp\/v2\/comments?post=11784"}],"version-history":[{"count":28,"href":"https:\/\/reskosovo.rks-gov.net\/sr\/wp-json\/wp\/v2\/pages\/11784\/revisions"}],"predecessor-version":[{"id":12256,"href":"https:\/\/reskosovo.rks-gov.net\/sr\/wp-json\/wp\/v2\/pages\/11784\/revisions\/12256"}],"wp:attachment":[{"href":"https:\/\/reskosovo.rks-gov.net\/sr\/wp-json\/wp\/v2\/media?parent=11784"}],"curies":[{"name":"wp","href":"https:\/\/api.w.org\/{rel}","templated":true}]}}