{"id":8669,"date":"2022-04-22T14:49:15","date_gmt":"2022-04-22T13:49:15","guid":{"rendered":"http:\/\/reskosovo.com\/energetski-pregled\/regulator-ero\/"},"modified":"2022-10-25T10:34:00","modified_gmt":"2022-10-25T09:34:00","slug":"regulatorni-ured-za-energiju-rue","status":"publish","type":"page","link":"https:\/\/reskosovo.rks-gov.net\/sr\/energetski-pregled\/regulatorni-ured-za-energiju-rue\/","title":{"rendered":"Regulatorni Ured za Energiju (RUE)"},"content":{"rendered":"[vc_row type=&#8220;full_width_background&#8220; full_screen_row_position=&#8220;middle&#8220; column_margin=&#8220;default&#8220; column_direction=&#8220;default&#8220; column_direction_tablet=&#8220;default&#8220; column_direction_phone=&#8220;default&#8220; bg_color=&#8220;#ffffff&#8220; bg_image=&#8220;6946&#8243; bg_position=&#8220;center center&#8220; background_image_loading=&#8220;default&#8220; bg_repeat=&#8220;no-repeat&#8220; scene_position=&#8220;center&#8220; top_padding=&#8220;4%&#8220; constrain_group_1=&#8220;yes&#8220; bottom_padding=&#8220;4%&#8220; text_color=&#8220;light&#8220; text_align=&#8220;left&#8220; row_border_radius=&#8220;none&#8220; row_border_radius_applies=&#8220;bg&#8220; overflow=&#8220;visible&#8220; enable_gradient=&#8220;true&#8220; color_overlay=&#8220;rgba(0,47,108,0.9)&#8220; color_overlay_2=&#8220;rgba(255,133,12,0.4)&#8220; advanced_gradient_angle=&#8220;0&#8243; overlay_strength=&#8220;0.8&#8243; gradient_direction=&#8220;left_to_right&#8220; shape_divider_position=&#8220;bottom&#8220; bg_image_animation=&#8220;none&#8220; parallax_bg=&#8220;true&#8220; parallax_bg_speed=&#8220;fast&#8220; gradient_type=&#8220;default&#8220; shape_type=&#8220;&#8220;][vc_column column_padding=&#8220;no-extra-padding&#8220; column_padding_tablet=&#8220;inherit&#8220; column_padding_phone=&#8220;inherit&#8220; column_padding_position=&#8220;all&#8220; column_element_spacing=&#8220;default&#8220; background_color_opacity=&#8220;1&#8243; background_hover_color_opacity=&#8220;1&#8243; column_shadow=&#8220;none&#8220; column_border_radius=&#8220;none&#8220; column_link_target=&#8220;_self&#8220; column_position=&#8220;default&#8220; gradient_direction=&#8220;left_to_right&#8220; overlay_strength=&#8220;0.3&#8243; width=&#8220;1\/1&#8243; tablet_width_inherit=&#8220;default&#8220; tablet_text_alignment=&#8220;default&#8220; phone_text_alignment=&#8220;default&#8220; animation_type=&#8220;default&#8220; bg_image_animation=&#8220;none&#8220; border_type=&#8220;simple&#8220; column_border_width=&#8220;none&#8220; column_border_style=&#8220;solid&#8220;][vc_row_inner equal_height=&#8220;yes&#8220; content_placement=&#8220;middle&#8220; column_margin=&#8220;default&#8220; column_direction=&#8220;default&#8220; column_direction_tablet=&#8220;default&#8220; column_direction_phone=&#8220;default&#8220; top_padding=&#8220;1%&#8220; text_align=&#8220;left&#8220; row_position=&#8220;default&#8220; row_position_tablet=&#8220;inherit&#8220; row_position_phone=&#8220;inherit&#8220; overflow=&#8220;visible&#8220; pointer_events=&#8220;all&#8220;][vc_column_inner column_padding=&#8220;no-extra-padding&#8220; column_padding_tablet=&#8220;inherit&#8220; column_padding_phone=&#8220;inherit&#8220; column_padding_position=&#8220;all&#8220; column_element_spacing=&#8220;default&#8220; background_color_opacity=&#8220;1&#8243; background_hover_color_opacity=&#8220;1&#8243; column_shadow=&#8220;none&#8220; column_border_radius=&#8220;none&#8220; column_link_target=&#8220;_self&#8220; gradient_direction=&#8220;left_to_right&#8220; overlay_strength=&#8220;0.3&#8243; width=&#8220;1\/1&#8243; tablet_width_inherit=&#8220;default&#8220; animation_type=&#8220;default&#8220; bg_image_animation=&#8220;none&#8220; border_type=&#8220;simple&#8220; column_border_width=&#8220;none&#8220; column_border_style=&#8220;solid&#8220;][split_line_heading animation_type=&#8220;line-reveal-by-space&#8220; font_style=&#8220;h2&#8243; line_reveal_by_space_text_effect=&#8220;default&#8220; content_alignment=&#8220;default&#8220; mobile_content_alignment=&#8220;inherit&#8220; link_target=&#8220;_self&#8220; text_content=&#8220;Regulatorni Ured za Energiju (RUE)&#8220;]\n<h2>We&#8217;re Salient, A Creative<\/h2>\n<h2>Startup Based\u00a0in Philly<\/h2>\n[\/split_line_heading][\/vc_column_inner][\/vc_row_inner][\/vc_column][\/vc_row][vc_row type=&#8220;full_width_background&#8220; full_screen_row_position=&#8220;middle&#8220; column_margin=&#8220;default&#8220; equal_height=&#8220;yes&#8220; content_placement=&#8220;top&#8220; column_direction=&#8220;default&#8220; column_direction_tablet=&#8220;default&#8220; column_direction_phone=&#8220;default&#8220; bg_color=&#8220;#ffffff&#8220; scene_position=&#8220;center&#8220; top_padding=&#8220;7%&#8220; right_padding_desktop=&#8220;12%&#8220; text_color=&#8220;dark&#8220; text_align=&#8220;left&#8220; row_border_radius=&#8220;none&#8220; row_border_radius_applies=&#8220;bg&#8220; overflow=&#8220;visible&#8220; id=&#8220;built-by-riders&#8220; row_name=&#8220;Built By Riders&#8220; advanced_gradient_angle=&#8220;0&#8243; overlay_strength=&#8220;0.5&#8243; gradient_direction=&#8220;left_to_right&#8220; shape_divider_position=&#8220;bottom&#8220; bg_image_animation=&#8220;none&#8220; gradient_type=&#8220;default&#8220; shape_type=&#8220;&#8220;][vc_column column_padding=&#8220;no-extra-padding&#8220; column_padding_tablet=&#8220;inherit&#8220; column_padding_phone=&#8220;inherit&#8220; column_padding_position=&#8220;all&#8220; column_element_spacing=&#8220;default&#8220; background_color_opacity=&#8220;1&#8243; background_hover_color_opacity=&#8220;1&#8243; column_shadow=&#8220;none&#8220; column_border_radius=&#8220;none&#8220; column_link_target=&#8220;_self&#8220; column_position=&#8220;default&#8220; gradient_direction=&#8220;left_to_right&#8220; overlay_strength=&#8220;0.3&#8243; width=&#8220;1\/2&#8243; tablet_width_inherit=&#8220;default&#8220; tablet_text_alignment=&#8220;default&#8220; phone_text_alignment=&#8220;default&#8220; animation_type=&#8220;default&#8220; bg_image_animation=&#8220;none&#8220; border_type=&#8220;simple&#8220; column_border_width=&#8220;none&#8220; column_border_style=&#8220;solid&#8220;][split_line_heading animation_type=&#8220;line-reveal-by-space&#8220; font_style=&#8220;h5&#8243; text_color=&#8220;#002f6c&#8220; line_reveal_by_space_text_effect=&#8220;default&#8220; content_alignment=&#8220;default&#8220; mobile_content_alignment=&#8220;inherit&#8220; link_target=&#8220;_self&#8220; text_content=&#8220;Regulatorna ured za energiju u Republici Kosovo je osnovana 2004. godine kao nezavisno regulatorno telo. Njena glavna funkcija je da reguli\u0161e aktivnosti u energetskom sektoru na Kosovu, \u0161to obuhvata elektri\u010dnu energiju, daljinsko grejanje i gas, u skladu sa obavezama koje proizilaze iz Ugovora o Energetskoj zajednici.&#8220; max_width=&#8220;500&#8243;][\/split_line_heading][split_line_heading animation_type=&#8220;line-reveal-by-space&#8220; font_style=&#8220;p&#8220; text_color=&#8220;#000000&#8243; line_reveal_by_space_text_effect=&#8220;default&#8220; content_alignment=&#8220;default&#8220; mobile_content_alignment=&#8220;inherit&#8220; link_target=&#8220;_self&#8220; text_content=&#8220;Ovla\u0161\u0107enja RUE obuhvataju izdavanje licenci i pra\u0107enje da li se te licence po\u0161tuju od strane energetskih kompanija, odobravanje tarifa za delatnost javnih usluga, nametanje obaveza za javno snabdevanje, re\u0161avanje sporova, kao i izradu podzakonskih akata za energetski sektor.<br \/>\nRUE je tako\u0111e odgovoran za kreiranje regulatornog okvira koji obezbe\u0111uje transparentno i nediskriminatorno funkcionisanje tr\u017ei\u0161ta energije na osnovu principa slobodnog tr\u017ei\u0161ta. Primenjuje transparentne i otvorene kriterijume za izdavanje licenci energetskim preduze\u0107ima, uklju\u010duju\u0107i tu ovla\u0161\u0107enja za davanje, modifikovanje, suspendovanje, prenos, povla\u010denje, nadzor i kontrolu da li se energetska preduze\u0107a pridr\u017eavaju dobijenih licenci i obaveza.&#8220; max_width=&#8220;500&#8243;][\/split_line_heading][\/vc_column][vc_column column_padding=&#8220;no-extra-padding&#8220; column_padding_tablet=&#8220;inherit&#8220; column_padding_phone=&#8220;inherit&#8220; column_padding_position=&#8220;all&#8220; column_element_spacing=&#8220;default&#8220; background_color_opacity=&#8220;1&#8243; background_hover_color_opacity=&#8220;1&#8243; column_shadow=&#8220;none&#8220; column_border_radius=&#8220;none&#8220; column_link_target=&#8220;_self&#8220; column_position=&#8220;default&#8220; advanced_gradient_angle=&#8220;0&#8243; gradient_direction=&#8220;left_to_right&#8220; overlay_strength=&#8220;0.3&#8243; width=&#8220;1\/2&#8243; tablet_width_inherit=&#8220;default&#8220; tablet_text_alignment=&#8220;default&#8220; phone_text_alignment=&#8220;default&#8220; animation_type=&#8220;default&#8220; enable_animation=&#8220;true&#8220; animation=&#8220;fade-in&#8220; bg_image_animation=&#8220;none&#8220; border_type=&#8220;simple&#8220; column_border_width=&#8220;none&#8220; column_border_style=&#8220;solid&#8220; gradient_type=&#8220;default&#8220;][nectar_cascading_images image_1_bg_color=&#8220;#01ca83&#8243; image_1_offset_x_sign=&#8220;+&#8220; image_1_offset_x=&#8220;0%&#8220; image_1_offset_y_sign=&#8220;+&#8220; image_1_offset_y=&#8220;0%&#8220; image_1_rotate_sign=&#8220;+&#8220; image_1_rotate=&#8220;none&#8220; image_1_scale=&#8220;1&#8243; image_1_animation=&#8220;Grow In&#8220; image_1_padding=&#8220;auto&#8220; image_1_box_shadow=&#8220;none&#8220; image_1_max_width_desktop=&#8220;100%&#8220; image_1_max_width_mobile=&#8220;100%&#8220; image_1_image_width_mobile=&#8220;default&#8220; image_2_url=&#8220;7063&#8243; image_2_offset_x_sign=&#8220;+&#8220; image_2_offset_x=&#8220;30%&#8220; image_2_offset_y_sign=&#8220;+&#8220; image_2_offset_y=&#8220;30%&#8220; image_2_rotate_sign=&#8220;+&#8220; image_2_rotate=&#8220;none&#8220; image_2_scale=&#8220;1&#8243; image_2_animation=&#8220;Grow In&#8220; image_2_padding=&#8220;auto&#8220; image_2_box_shadow=&#8220;none&#8220; image_2_max_width_desktop=&#8220;100%&#8220; image_2_max_width_mobile=&#8220;100%&#8220; image_2_image_width_mobile=&#8220;default&#8220; image_3_url=&#8220;7058&#8243; image_3_offset_x_sign=&#8220;-&#8220; image_3_offset_x=&#8220;15%&#8220; image_3_offset_y_sign=&#8220;-&#8220; image_3_offset_y=&#8220;25%&#8220; image_3_rotate_sign=&#8220;+&#8220; image_3_rotate=&#8220;none&#8220; image_3_scale=&#8220;1&#8243; image_3_animation=&#8220;Grow In&#8220; image_3_padding=&#8220;auto&#8220; image_3_box_shadow=&#8220;x_large_depth&#8220; image_3_max_width_desktop=&#8220;100%&#8220; image_3_max_width_mobile=&#8220;100%&#8220; image_3_image_width_mobile=&#8220;default&#8220; image_4_offset_x_sign=&#8220;+&#8220; image_4_offset_x=&#8220;0%&#8220; image_4_offset_y_sign=&#8220;+&#8220; image_4_offset_y=&#8220;0%&#8220; image_4_rotate_sign=&#8220;+&#8220; image_4_rotate=&#8220;none&#8220; image_4_scale=&#8220;1&#8243; image_4_animation=&#8220;Fade In&#8220; image_4_padding=&#8220;auto&#8220; image_4_box_shadow=&#8220;none&#8220; image_4_max_width_desktop=&#8220;100%&#8220; image_4_max_width_mobile=&#8220;100%&#8220; image_4_image_width_mobile=&#8220;default&#8220; element_sizing=&#8220;default&#8220; image_loading=&#8220;default&#8220; border_radius=&#8220;none&#8220; overflow=&#8220;visible&#8220;][\/vc_column][\/vc_row][vc_row type=&#8220;in_container&#8220; full_screen_row_position=&#8220;middle&#8220; column_margin=&#8220;90px&#8220; equal_height=&#8220;yes&#8220; content_placement=&#8220;middle&#8220; column_direction=&#8220;default&#8220; column_direction_tablet=&#8220;default&#8220; column_direction_phone=&#8220;default&#8220; scene_position=&#8220;center&#8220; top_padding=&#8220;2%&#8220; bottom_padding=&#8220;6%&#8220; text_color=&#8220;dark&#8220; text_align=&#8220;left&#8220; row_border_radius=&#8220;none&#8220; row_border_radius_applies=&#8220;bg&#8220; overflow=&#8220;visible&#8220; advanced_gradient_angle=&#8220;0&#8243; overlay_strength=&#8220;0.3&#8243; gradient_direction=&#8220;left_to_right&#8220; shape_divider_position=&#8220;bottom&#8220; bg_image_animation=&#8220;none&#8220; shape_type=&#8220;&#8220; gradient_type=&#8220;default&#8220;][vc_column column_padding=&#8220;padding-2-percent&#8220; column_padding_tablet=&#8220;inherit&#8220; column_padding_phone=&#8220;inherit&#8220; column_padding_position=&#8220;top-bottom&#8220; column_element_spacing=&#8220;default&#8220; background_color_opacity=&#8220;1&#8243; background_hover_color_opacity=&#8220;1&#8243; column_shadow=&#8220;none&#8220; column_border_radius=&#8220;none&#8220; column_link_target=&#8220;_self&#8220; column_position=&#8220;default&#8220; gradient_direction=&#8220;left_to_right&#8220; overlay_strength=&#8220;0.3&#8243; width=&#8220;1\/1&#8243; tablet_width_inherit=&#8220;default&#8220; tablet_text_alignment=&#8220;default&#8220; phone_text_alignment=&#8220;default&#8220; animation_type=&#8220;default&#8220; bg_image_animation=&#8220;none&#8220; border_type=&#8220;simple&#8220; column_border_width=&#8220;none&#8220; column_border_style=&#8220;solid&#8220;][vc_row_inner column_margin=&#8220;default&#8220; column_direction=&#8220;default&#8220; column_direction_tablet=&#8220;default&#8220; column_direction_phone=&#8220;default&#8220; text_align=&#8220;left&#8220; row_position=&#8220;default&#8220; row_position_tablet=&#8220;inherit&#8220; row_position_phone=&#8220;inherit&#8220; overflow=&#8220;visible&#8220; pointer_events=&#8220;all&#8220;][vc_column_inner column_padding=&#8220;no-extra-padding&#8220; column_padding_tablet=&#8220;inherit&#8220; column_padding_phone=&#8220;inherit&#8220; column_padding_position=&#8220;all&#8220; column_element_spacing=&#8220;default&#8220; background_color_opacity=&#8220;1&#8243; background_hover_color_opacity=&#8220;1&#8243; column_shadow=&#8220;none&#8220; column_border_radius=&#8220;none&#8220; column_link_target=&#8220;_self&#8220; gradient_direction=&#8220;left_to_right&#8220; overlay_strength=&#8220;0.3&#8243; width=&#8220;5\/6&#8243; tablet_width_inherit=&#8220;default&#8220; animation_type=&#8220;default&#8220; enable_animation=&#8220;true&#8220; animation=&#8220;fade-in-from-bottom&#8220; bg_image_animation=&#8220;none&#8220; border_type=&#8220;simple&#8220; column_border_width=&#8220;none&#8220; column_border_style=&#8220;solid&#8220;]<div class=\"nectar-fancy-ul\" data-list-icon=\"fa fa-caret-right\" data-animation=\"true\" data-animation-delay=\"0\" data-color=\"accent-color\" data-spacing=\"25px\" data-alignment=\"left\"> \n<ul>\n<li>RUE tako\u0111e ima nadle\u017enost da prethodno utvr\u0111uje principe i metode utvr\u0111ivanja cena i kasnije da odobrava tarife za regulisane energetske usluge.<\/li>\n<li>RUE je osnovan kao nezavisan organ i radi na osnovu detaljnog primarnog i sekundarnog energetskog zakonodavstva. RUE sprovodi ekonomsko regulisanje sektora, a njen odbor podnosi izve\u0161taje Skup\u0161tini Kosova.<\/li>\n<li>RUE izdaje dozvole za slede\u0107e poslove: proizvodnju elektri\u010dne energije, operator prenosnog sistema, operator distributivnog sistema elektri\u010dne energije, operator tr\u017ei\u0161ta, javno snabdevanje elektri\u010dnom energijom, uvoz i izvoz elektri\u010dne energije, proizvodnja daljinskog grejanja, distribucija daljinskog grejanja, javno snabdevanje daljinskim grejanjem i ko-generisanje (<em>zajedni\u010dka proizvodnja<\/em>) struje i toplote.<\/li>\n<\/ul>\n <\/div>[divider line_type=&#8220;No Line&#8220; custom_height=&#8220;10&#8243;][vc_column_text]<strong>Za vi\u0161e informacija o ulozi RUE u razvoju obnovljive energije pogledajte <a href=\"\/?page_id=8607\"><u>Vodi\u010d od A do Z<\/u><\/a>.<\/strong>[\/vc_column_text][\/vc_column_inner][vc_column_inner column_padding=&#8220;no-extra-padding&#8220; column_padding_tablet=&#8220;inherit&#8220; column_padding_phone=&#8220;inherit&#8220; column_padding_position=&#8220;all&#8220; column_element_spacing=&#8220;default&#8220; background_color_opacity=&#8220;1&#8243; background_hover_color_opacity=&#8220;1&#8243; column_shadow=&#8220;none&#8220; column_border_radius=&#8220;none&#8220; column_link_target=&#8220;_self&#8220; gradient_direction=&#8220;left_to_right&#8220; overlay_strength=&#8220;0.3&#8243; width=&#8220;1\/6&#8243; tablet_width_inherit=&#8220;default&#8220; animation_type=&#8220;default&#8220; bg_image_animation=&#8220;none&#8220; border_type=&#8220;simple&#8220; column_border_width=&#8220;none&#8220; column_border_style=&#8220;solid&#8220;][\/vc_column_inner][\/vc_row_inner][\/vc_column][\/vc_row]\n","protected":false},"excerpt":{"rendered":"<p>[vc_row type=&#8220;full_width_background&#8220; full_screen_row_position=&#8220;middle&#8220; column_margin=&#8220;default&#8220; column_direction=&#8220;default&#8220; column_direction_tablet=&#8220;default&#8220; column_direction_phone=&#8220;default&#8220; bg_color=&#8220;#ffffff&#8220; bg_image=&#8220;6946&#8243; bg_position=&#8220;center center&#8220; background_image_loading=&#8220;default&#8220; bg_repeat=&#8220;no-repeat&#8220; scene_position=&#8220;center&#8220; top_padding=&#8220;4%&#8220;&#8230;<\/p>\n","protected":false},"author":1,"featured_media":0,"parent":8643,"menu_order":0,"comment_status":"closed","ping_status":"closed","template":"","meta":{"inline_featured_image":false,"passster_activate_protection":false,"passster_protect_child_pages":"","passster_protection_type":"password","passster_password":"","passster_activate_overwrite_defaults":"","passster_headline":"","passster_instruction":"","passster_placeholder":"","passster_button":"","passster_id":"","passster_activate_misc_settings":"","passster_redirect_url":"","passster_hide":"no","passster_area_shortcode":"","footnotes":""},"class_list":["post-8669","page","type-page","status-publish"],"_links":{"self":[{"href":"https:\/\/reskosovo.rks-gov.net\/sr\/wp-json\/wp\/v2\/pages\/8669","targetHints":{"allow":["GET"]}}],"collection":[{"href":"https:\/\/reskosovo.rks-gov.net\/sr\/wp-json\/wp\/v2\/pages"}],"about":[{"href":"https:\/\/reskosovo.rks-gov.net\/sr\/wp-json\/wp\/v2\/types\/page"}],"author":[{"embeddable":true,"href":"https:\/\/reskosovo.rks-gov.net\/sr\/wp-json\/wp\/v2\/users\/1"}],"replies":[{"embeddable":true,"href":"https:\/\/reskosovo.rks-gov.net\/sr\/wp-json\/wp\/v2\/comments?post=8669"}],"version-history":[{"count":2,"href":"https:\/\/reskosovo.rks-gov.net\/sr\/wp-json\/wp\/v2\/pages\/8669\/revisions"}],"predecessor-version":[{"id":8673,"href":"https:\/\/reskosovo.rks-gov.net\/sr\/wp-json\/wp\/v2\/pages\/8669\/revisions\/8673"}],"up":[{"embeddable":true,"href":"https:\/\/reskosovo.rks-gov.net\/sr\/wp-json\/wp\/v2\/pages\/8643"}],"wp:attachment":[{"href":"https:\/\/reskosovo.rks-gov.net\/sr\/wp-json\/wp\/v2\/media?parent=8669"}],"curies":[{"name":"wp","href":"https:\/\/api.w.org\/{rel}","templated":true}]}}