{"id":9839,"date":"2022-05-20T13:04:39","date_gmt":"2022-05-20T12:04:39","guid":{"rendered":"https:\/\/reskosovo.rks-gov.net\/investment-climate-and-incentives\/"},"modified":"2023-05-12T08:58:57","modified_gmt":"2023-05-12T07:58:57","slug":"investiciona-klima-i-podsticaji","status":"publish","type":"page","link":"https:\/\/reskosovo.rks-gov.net\/sr\/investiciona-klima-i-podsticaji\/","title":{"rendered":"Investiciona klima i podsticaji"},"content":{"rendered":"[vc_row type=&#8220;full_width_background&#8220; full_screen_row_position=&#8220;middle&#8220; column_margin=&#8220;default&#8220; column_direction=&#8220;default&#8220; column_direction_tablet=&#8220;default&#8220; column_direction_phone=&#8220;default&#8220; bg_color=&#8220;#ffffff&#8220; bg_image=&#8220;9264&#8243; bg_position=&#8220;center center&#8220; background_image_loading=&#8220;default&#8220; bg_repeat=&#8220;no-repeat&#8220; scene_position=&#8220;center&#8220; top_padding=&#8220;4%&#8220; constrain_group_1=&#8220;yes&#8220; bottom_padding=&#8220;4%&#8220; text_color=&#8220;light&#8220; text_align=&#8220;left&#8220; row_border_radius=&#8220;none&#8220; row_border_radius_applies=&#8220;bg&#8220; overflow=&#8220;visible&#8220; enable_gradient=&#8220;true&#8220; color_overlay=&#8220;rgba(0,47,108,0.9)&#8220; color_overlay_2=&#8220;rgba(255,133,12,0.4)&#8220; advanced_gradient_angle=&#8220;0&#8243; overlay_strength=&#8220;0.8&#8243; gradient_direction=&#8220;left_to_right&#8220; shape_divider_position=&#8220;bottom&#8220; bg_image_animation=&#8220;none&#8220; parallax_bg=&#8220;true&#8220; parallax_bg_speed=&#8220;fast&#8220; gradient_type=&#8220;default&#8220; shape_type=&#8220;&#8220;][vc_column column_padding=&#8220;no-extra-padding&#8220; column_padding_tablet=&#8220;inherit&#8220; column_padding_phone=&#8220;inherit&#8220; column_padding_position=&#8220;all&#8220; column_element_spacing=&#8220;default&#8220; background_color_opacity=&#8220;1&#8243; background_hover_color_opacity=&#8220;1&#8243; column_shadow=&#8220;none&#8220; column_border_radius=&#8220;none&#8220; column_link_target=&#8220;_self&#8220; column_position=&#8220;default&#8220; gradient_direction=&#8220;left_to_right&#8220; overlay_strength=&#8220;0.3&#8243; width=&#8220;1\/1&#8243; tablet_width_inherit=&#8220;default&#8220; tablet_text_alignment=&#8220;default&#8220; phone_text_alignment=&#8220;default&#8220; animation_type=&#8220;default&#8220; bg_image_animation=&#8220;none&#8220; border_type=&#8220;simple&#8220; column_border_width=&#8220;none&#8220; column_border_style=&#8220;solid&#8220;][vc_row_inner equal_height=&#8220;yes&#8220; content_placement=&#8220;middle&#8220; column_margin=&#8220;default&#8220; column_direction=&#8220;default&#8220; column_direction_tablet=&#8220;default&#8220; column_direction_phone=&#8220;default&#8220; top_padding=&#8220;1%&#8220; text_align=&#8220;left&#8220; row_position=&#8220;default&#8220; row_position_tablet=&#8220;inherit&#8220; row_position_phone=&#8220;inherit&#8220; overflow=&#8220;visible&#8220; pointer_events=&#8220;all&#8220;][vc_column_inner column_padding=&#8220;no-extra-padding&#8220; column_padding_tablet=&#8220;inherit&#8220; column_padding_phone=&#8220;inherit&#8220; column_padding_position=&#8220;all&#8220; column_element_spacing=&#8220;default&#8220; background_color_opacity=&#8220;1&#8243; background_hover_color_opacity=&#8220;1&#8243; column_shadow=&#8220;none&#8220; column_border_radius=&#8220;none&#8220; column_link_target=&#8220;_self&#8220; gradient_direction=&#8220;left_to_right&#8220; overlay_strength=&#8220;0.3&#8243; width=&#8220;1\/1&#8243; tablet_width_inherit=&#8220;default&#8220; animation_type=&#8220;default&#8220; bg_image_animation=&#8220;none&#8220; border_type=&#8220;simple&#8220; column_border_width=&#8220;none&#8220; column_border_style=&#8220;solid&#8220;][split_line_heading animation_type=&#8220;line-reveal-by-space&#8220; font_style=&#8220;h2&#8243; line_reveal_by_space_text_effect=&#8220;default&#8220; content_alignment=&#8220;default&#8220; mobile_content_alignment=&#8220;inherit&#8220; link_target=&#8220;_self&#8220; text_content=&#8220;Investiciona klima i podsticaji&#8220;]\n<h2>We&#8217;re Salient, A Creative<\/h2>\n<h2>Startup Based\u00a0in Philly<\/h2>\n[\/split_line_heading][\/vc_column_inner][\/vc_row_inner][\/vc_column][\/vc_row][vc_row type=&#8220;in_container&#8220; full_screen_row_position=&#8220;middle&#8220; column_margin=&#8220;default&#8220; column_direction=&#8220;default&#8220; column_direction_tablet=&#8220;default&#8220; column_direction_phone=&#8220;default&#8220; scene_position=&#8220;center&#8220; top_padding=&#8220;10%&#8220; text_color=&#8220;dark&#8220; text_align=&#8220;left&#8220; row_border_radius=&#8220;none&#8220; row_border_radius_applies=&#8220;bg&#8220; overflow=&#8220;visible&#8220; advanced_gradient_angle=&#8220;0&#8243; overlay_strength=&#8220;0.3&#8243; gradient_direction=&#8220;left_to_right&#8220; shape_divider_position=&#8220;bottom&#8220; bg_image_animation=&#8220;none&#8220; gradient_type=&#8220;default&#8220; shape_type=&#8220;&#8220;][vc_column column_padding=&#8220;no-extra-padding&#8220; column_padding_tablet=&#8220;inherit&#8220; column_padding_phone=&#8220;inherit&#8220; column_padding_position=&#8220;all&#8220; column_element_spacing=&#8220;default&#8220; background_color_opacity=&#8220;1&#8243; background_hover_color_opacity=&#8220;1&#8243; column_shadow=&#8220;none&#8220; column_border_radius=&#8220;none&#8220; column_link_target=&#8220;_self&#8220; column_position=&#8220;default&#8220; gradient_direction=&#8220;left_to_right&#8220; overlay_strength=&#8220;0.3&#8243; width=&#8220;5\/6&#8243; tablet_width_inherit=&#8220;default&#8220; tablet_text_alignment=&#8220;default&#8220; phone_text_alignment=&#8220;default&#8220; animation_type=&#8220;default&#8220; bg_image_animation=&#8220;none&#8220; border_type=&#8220;simple&#8220; column_border_width=&#8220;none&#8220; column_border_style=&#8220;solid&#8220;][split_line_heading animation_type=&#8220;line-reveal-by-space&#8220; font_style=&#8220;h4&#8243; text_color=&#8220;#002f6c&#8220; line_reveal_by_space_text_effect=&#8220;default&#8220; content_alignment=&#8220;default&#8220; mobile_content_alignment=&#8220;inherit&#8220; link_target=&#8220;_self&#8220; text_content=&#8220;Poslovno okru\u017eenje u Republici Kosovo postaje jedno od najkonkurentnijih u regionu.&#8220;]\n<h2>We&#8217;re Salient, A Creative<\/h2>\n<h2>Startup Based\u00a0in Philly<\/h2>\n[\/split_line_heading][\/vc_column][vc_column column_padding=&#8220;no-extra-padding&#8220; column_padding_tablet=&#8220;inherit&#8220; column_padding_phone=&#8220;inherit&#8220; column_padding_position=&#8220;all&#8220; column_element_spacing=&#8220;default&#8220; background_color_opacity=&#8220;1&#8243; background_hover_color_opacity=&#8220;1&#8243; column_shadow=&#8220;none&#8220; column_border_radius=&#8220;none&#8220; column_link_target=&#8220;_self&#8220; column_position=&#8220;default&#8220; gradient_direction=&#8220;left_to_right&#8220; overlay_strength=&#8220;0.3&#8243; width=&#8220;1\/6&#8243; tablet_width_inherit=&#8220;default&#8220; tablet_text_alignment=&#8220;default&#8220; phone_text_alignment=&#8220;default&#8220; animation_type=&#8220;default&#8220; bg_image_animation=&#8220;none&#8220; border_type=&#8220;simple&#8220; column_border_width=&#8220;none&#8220; column_border_style=&#8220;solid&#8220;][\/vc_column][\/vc_row][vc_row type=&#8220;full_width_background&#8220; full_screen_row_position=&#8220;middle&#8220; column_margin=&#8220;default&#8220; equal_height=&#8220;yes&#8220; content_placement=&#8220;top&#8220; column_direction=&#8220;default&#8220; column_direction_tablet=&#8220;default&#8220; column_direction_phone=&#8220;default&#8220; bg_color=&#8220;#ffffff&#8220; scene_position=&#8220;center&#8220; right_padding_desktop=&#8220;12%&#8220; right_padding_phone=&#8220;0%&#8220; bottom_margin=&#8220;7%&#8220; bottom_margin_phone=&#8220;0%&#8220; translate_y_phone=&#8220;-14%&#8220; text_color=&#8220;dark&#8220; text_align=&#8220;left&#8220; row_border_radius=&#8220;none&#8220; row_border_radius_applies=&#8220;bg&#8220; overflow=&#8220;visible&#8220; id=&#8220;built-by-riders&#8220; row_name=&#8220;Built By Riders&#8220; advanced_gradient_angle=&#8220;0&#8243; overlay_strength=&#8220;0.5&#8243; gradient_direction=&#8220;left_to_right&#8220; shape_divider_position=&#8220;bottom&#8220; bg_image_animation=&#8220;none&#8220; gradient_type=&#8220;default&#8220; shape_type=&#8220;&#8220;][vc_column column_padding=&#8220;no-extra-padding&#8220; column_padding_tablet=&#8220;inherit&#8220; column_padding_phone=&#8220;inherit&#8220; column_padding_position=&#8220;all&#8220; column_element_spacing=&#8220;default&#8220; background_color_opacity=&#8220;1&#8243; background_hover_color_opacity=&#8220;1&#8243; column_shadow=&#8220;none&#8220; column_border_radius=&#8220;none&#8220; column_link_target=&#8220;_self&#8220; column_position=&#8220;default&#8220; advanced_gradient_angle=&#8220;0&#8243; gradient_direction=&#8220;left_to_right&#8220; overlay_strength=&#8220;0.3&#8243; width=&#8220;5\/6&#8243; tablet_width_inherit=&#8220;default&#8220; tablet_text_alignment=&#8220;default&#8220; phone_text_alignment=&#8220;default&#8220; animation_type=&#8220;default&#8220; enable_animation=&#8220;true&#8220; animation=&#8220;fade-in&#8220; bg_image_animation=&#8220;fade-in&#8220; border_type=&#8220;simple&#8220; column_border_width=&#8220;none&#8220; column_border_style=&#8220;solid&#8220; gradient_type=&#8220;default&#8220;][vc_column_text]Brz i lak proces registracije preduze\u0107a, povoljni poreski re\u017eimi, odli\u010dan pravni sistem i transparentni zakoni o stranim ulaganjima su samo neke od prednosti koje Kosovo \u010dine atraktivnim i prijateljskim tr\u017ei\u0161tem za me\u0111unarodne i lokalne investitore.<\/p>\n<h6>Izvor: Vodi\u010d za strane investitore 2020 \u2013 Konrad Adenauer Stiftung.<\/h6>\n[\/vc_column_text][\/vc_column][vc_column column_padding=&#8220;no-extra-padding&#8220; column_padding_tablet=&#8220;inherit&#8220; column_padding_phone=&#8220;inherit&#8220; column_padding_position=&#8220;all&#8220; translate_y=&#8220;-25&#8243; column_element_spacing=&#8220;default&#8220; background_color_opacity=&#8220;1&#8243; background_hover_color_opacity=&#8220;1&#8243; column_shadow=&#8220;none&#8220; column_border_radius=&#8220;none&#8220; column_link_target=&#8220;_self&#8220; column_position=&#8220;default&#8220; advanced_gradient_angle=&#8220;0&#8243; gradient_direction=&#8220;left_to_right&#8220; overlay_strength=&#8220;0.3&#8243; width=&#8220;1\/6&#8243; tablet_width_inherit=&#8220;default&#8220; tablet_text_alignment=&#8220;default&#8220; phone_text_alignment=&#8220;default&#8220; animation_type=&#8220;default&#8220; bg_image_animation=&#8220;fade-in&#8220; border_type=&#8220;simple&#8220; column_border_width=&#8220;none&#8220; column_border_style=&#8220;solid&#8220; gradient_type=&#8220;default&#8220;][\/vc_column][\/vc_row][vc_row type=&#8220;full_width_background&#8220; full_screen_row_position=&#8220;middle&#8220; column_margin=&#8220;default&#8220; equal_height=&#8220;yes&#8220; content_placement=&#8220;top&#8220; column_direction=&#8220;default&#8220; column_direction_tablet=&#8220;default&#8220; column_direction_phone=&#8220;default&#8220; bg_color=&#8220;#002f6c&#8220; scene_position=&#8220;center&#8220; top_padding=&#8220;8%&#8220; bottom_padding=&#8220;3%&#8220; text_color=&#8220;light&#8220; text_align=&#8220;left&#8220; row_border_radius=&#8220;none&#8220; row_border_radius_applies=&#8220;bg&#8220; overflow=&#8220;visible&#8220; id=&#8220;steps&#8220; row_name=&#8220;Sign Up Steps&#8220; enable_gradient=&#8220;true&#8220; color_overlay=&#8220;#002f6c&#8220; color_overlay_2=&#8220;#002556&#8243; advanced_gradient_angle=&#8220;0&#8243; overlay_strength=&#8220;1&#8243; gradient_direction=&#8220;top_to_bottom&#8220; shape_divider_position=&#8220;bottom&#8220; bg_image_animation=&#8220;none&#8220; parallax_bg=&#8220;true&#8220; parallax_bg_speed=&#8220;fast&#8220; shape_type=&#8220;&#8220; gradient_type=&#8220;default&#8220;][vc_column column_padding=&#8220;no-extra-padding&#8220; column_padding_tablet=&#8220;inherit&#8220; column_padding_phone=&#8220;inherit&#8220; column_padding_position=&#8220;top-bottom&#8220; column_element_spacing=&#8220;default&#8220; background_color_opacity=&#8220;1&#8243; background_hover_color_opacity=&#8220;1&#8243; column_shadow=&#8220;none&#8220; column_border_radius=&#8220;none&#8220; column_link_target=&#8220;_self&#8220; column_position=&#8220;default&#8220; advanced_gradient_angle=&#8220;0&#8243; gradient_direction=&#8220;left_to_right&#8220; overlay_strength=&#8220;0.3&#8243; width=&#8220;5\/6&#8243; tablet_width_inherit=&#8220;default&#8220; tablet_text_alignment=&#8220;default&#8220; phone_text_alignment=&#8220;default&#8220; animation_type=&#8220;default&#8220; bg_image_animation=&#8220;none&#8220; border_type=&#8220;simple&#8220; column_border_width=&#8220;none&#8220; column_border_style=&#8220;solid&#8220; offset=&#8220;vc_col-xs-12&#8243; gradient_type=&#8220;default&#8220;][vc_column_text]\n<h3><strong>Za\u0161to ulagati na Kosovo?<\/strong><\/h3>\n[\/vc_column_text][divider line_type=&#8220;No Line&#8220; custom_height=&#8220;50&#8243;][nectar_icon_list color=&#8220;Extra-Color-1&#8243; direction=&#8220;horizontal&#8220; columns=&#8220;1&#8243; icon_size=&#8220;small&#8220; icon_style=&#8220;no-border&#8220;][nectar_icon_list_item icon_type=&#8220;numerical&#8220; text_full_html=&#8220;simple&#8220; title=&#8220;List Item&#8220; id=&#8220;1683878261993-3&#8243; header=&#8220;Preno\u0161enje gubitka (Loss Carry-forward)&#8220; tab_id=&#8220;1683878261993-6&#8243; text=&#8220;Zakon o porezu na dobit pravnih lica predvi\u0111a prenos gubitka u periodu do \u0161est godina.&#8220;][\/nectar_icon_list_item][nectar_icon_list_item icon_type=&#8220;numerical&#8220; text_full_html=&#8220;simple&#8220; title=&#8220;List Item&#8220; id=&#8220;1683878262009-1&#8243; header=&#8220;Izbegavanje dvostrukog oporezivanja&#8220; tab_id=&#8220;1683878262010-2&#8243; text=&#8220;Poreskom obvezniku rezidentu na Kosovu koji ostvaruje prihod od poslovnih aktivnosti van Kosova i koji pla\u0107a porez na taj prihod drugim dr\u017eavama, prema ovom zakonu, odobrava se poreski kredit za porez na prihod pla\u0107en drugoj dr\u017eavi koji je pripisan prihodu u toj zemlji. Dozvoljeni poreski krediti \u0107e biti ograni\u010deni na iznos spoljnog poreza koji se pla\u0107a na prihode zara\u0111ene van Kosova i da ne prelaze iznos obaveznog oporezivanja na Kosovu za taj prihod. Ako kosovsko oporezivanje tog prihoda prema\u0161uje iznos poreza koji se pla\u0107a van Kosova, iznos vi\u0161ka mora biti uklju\u010den u obra\u010dun obaveznog oporezivanja na Kosovu.&#8220;][\/nectar_icon_list_item][nectar_icon_list_item icon_type=&#8220;numerical&#8220; text_full_html=&#8220;simple&#8220; title=&#8220;List Item&#8220; id=&#8220;1683878262024-10&#8243; header=&#8220;Specijalni dodatak za nova sredstva&#8220; tab_id=&#8220;1683878262024-5&#8243; text=&#8220;Ako poreski obveznik kupi bilo koju proizvodnu liniju za postrojenja ili ma\u0161ine, lokomotive ili vozni park koji se koriste za \u017eelezni\u010dki transport, avione, brodove, te\u0161ku mehanizaciju za transport, opremu za transport zemlje, buldo\u017eere, ma\u0161ine za iskopavanje ili bilo koju drugu te\u0161ku mehanizaciju za potrebe poreskih obveznika u vezi sa privrednim aktivnostima, dozvoljen je poseban odbitak od 10% od cene nabavke sredstava u godini u kojoj su sredstva prvi put stavljena u upotrebu. Ovo se obezbe\u0111uje kao dodatak normalnom dozvoljenom umanjenju amortizacije, ali samo ako je imovina nova ili je prvi put stavljena u upotrebu na Kosovu. Odbitak nije dozvoljen ako je imovina preneta iz postoje\u0107eg ili prethodnog poslovanja na Kosovu.&#8220;]If a taxpayer purchases any production lines for plants or machinery, locomotives or rolling stock used for rail transport, airplanes, ships, heavy machinery for transportation, equipment for soil transportation, bulldozers, excavating machines, or any other heavy machinery for the purposes of taxpayers&#8217; economic activities, a special deduction of 10% of the asset acquisition price is allowed in the year in which the asset is first put into service.<\/p>\n<p>This is provided in addition to the normal allowable depreciation deduction but only if the asset is new or for the first time placed into service in Kosovo. The deduction is not allowed if the asset is transferred from an existing business or a previous business in Kosovo.<\/p>\n[\/nectar_icon_list_item][nectar_icon_list_item icon_type=&#8220;numerical&#8220; text_full_html=&#8220;simple&#8220; title=&#8220;List Item&#8220; id=&#8220;1683878262037-3&#8243; header=&#8220;Zemlji\u0161te&#8220; tab_id=&#8220;1683878262039-9&#8243; text=&#8220;Op\u0161tinama na Kosovu je dozvoljeno da svoju pokretnu i nepokretnu imovinu daju u zakup stranim investitorima. Zakup se mo\u017ee dati na period od deset godina, sa mogu\u0107no\u0161\u0107u produ\u017eenja do 99 godina.&#8220;][\/nectar_icon_list_item][nectar_icon_list_item icon_type=&#8220;numerical&#8220; text_full_html=&#8220;simple&#8220; title=&#8220;List Item&#8220; id=&#8220;1683878262046-1&#8243; header=&#8220;Niski operativni tro\u0161kovi&#8220; tab_id=&#8220;1683878262047-7&#8243; text=&#8220;Jedna od klju\u010dnih prednosti kosovske radne snage su niski operativni tro\u0161kovi. Neto mese\u010dne zarade kre\u0107u se izme\u0111u 350-400 evra.&#8220;][\/nectar_icon_list_item][\/nectar_icon_list][\/vc_column][vc_column column_padding=&#8220;no-extra-padding&#8220; column_padding_tablet=&#8220;inherit&#8220; column_padding_phone=&#8220;inherit&#8220; column_padding_position=&#8220;all&#8220; column_element_spacing=&#8220;default&#8220; background_color_opacity=&#8220;1&#8243; background_hover_color_opacity=&#8220;1&#8243; column_shadow=&#8220;none&#8220; column_border_radius=&#8220;none&#8220; column_link_target=&#8220;_self&#8220; column_position=&#8220;default&#8220; gradient_direction=&#8220;left_to_right&#8220; overlay_strength=&#8220;0.3&#8243; width=&#8220;1\/6&#8243; tablet_width_inherit=&#8220;default&#8220; tablet_text_alignment=&#8220;default&#8220; phone_text_alignment=&#8220;default&#8220; animation_type=&#8220;default&#8220; bg_image_animation=&#8220;none&#8220; border_type=&#8220;simple&#8220; column_border_width=&#8220;none&#8220; column_border_style=&#8220;solid&#8220;][\/vc_column][\/vc_row]\n","protected":false},"excerpt":{"rendered":"<p>[vc_row type=&#8220;full_width_background&#8220; full_screen_row_position=&#8220;middle&#8220; column_margin=&#8220;default&#8220; column_direction=&#8220;default&#8220; column_direction_tablet=&#8220;default&#8220; column_direction_phone=&#8220;default&#8220; bg_color=&#8220;#ffffff&#8220; bg_image=&#8220;9264&#8243; bg_position=&#8220;center center&#8220; background_image_loading=&#8220;default&#8220; bg_repeat=&#8220;no-repeat&#8220; scene_position=&#8220;center&#8220; top_padding=&#8220;4%&#8220;&#8230;<\/p>\n","protected":false},"author":1,"featured_media":0,"parent":0,"menu_order":0,"comment_status":"closed","ping_status":"closed","template":"","meta":{"inline_featured_image":false,"passster_activate_protection":false,"passster_protect_child_pages":"","passster_protection_type":"password","passster_password":"","passster_activate_overwrite_defaults":"","passster_headline":"","passster_instruction":"","passster_placeholder":"","passster_button":"","passster_id":"","passster_activate_misc_settings":"","passster_redirect_url":"","passster_hide":"no","passster_area_shortcode":"","footnotes":""},"class_list":["post-9839","page","type-page","status-publish"],"_links":{"self":[{"href":"https:\/\/reskosovo.rks-gov.net\/sr\/wp-json\/wp\/v2\/pages\/9839","targetHints":{"allow":["GET"]}}],"collection":[{"href":"https:\/\/reskosovo.rks-gov.net\/sr\/wp-json\/wp\/v2\/pages"}],"about":[{"href":"https:\/\/reskosovo.rks-gov.net\/sr\/wp-json\/wp\/v2\/types\/page"}],"author":[{"embeddable":true,"href":"https:\/\/reskosovo.rks-gov.net\/sr\/wp-json\/wp\/v2\/users\/1"}],"replies":[{"embeddable":true,"href":"https:\/\/reskosovo.rks-gov.net\/sr\/wp-json\/wp\/v2\/comments?post=9839"}],"version-history":[{"count":4,"href":"https:\/\/reskosovo.rks-gov.net\/sr\/wp-json\/wp\/v2\/pages\/9839\/revisions"}],"predecessor-version":[{"id":9844,"href":"https:\/\/reskosovo.rks-gov.net\/sr\/wp-json\/wp\/v2\/pages\/9839\/revisions\/9844"}],"wp:attachment":[{"href":"https:\/\/reskosovo.rks-gov.net\/sr\/wp-json\/wp\/v2\/media?parent=9839"}],"curies":[{"name":"wp","href":"https:\/\/api.w.org\/{rel}","templated":true}]}}